{"id":6041,"date":"2023-07-21T15:22:03","date_gmt":"2023-07-21T12:22:03","guid":{"rendered":"https:\/\/insize.com.tr\/?post_type=product&#038;p=6041"},"modified":"2026-03-04T14:45:55","modified_gmt":"2026-03-04T11:45:55","slug":"insize-0611-tekli-gaz-dedektoru","status":"publish","type":"product","link":"https:\/\/insize.com.tr\/en\/product\/insize-0611-tekli-gaz-dedektoru\/","title":{"rendered":"Insize 0611 Tekli Gaz Dedekt\u00f6r\u00fc"},"content":{"rendered":"","protected":false},"excerpt":{"rendered":"<ul>\n<li>NO, NH3, Cl2 vb. 30\u2019dan fazla gaz t\u00fcr\u00fc \u00f6zelle\u015ftirilebilir.<\/li>\n<li>Ayarlanabilir alarm seviyesi, alarm modu: ses, \u0131\u015f\u0131k, titre\u015fim<\/li>\n<li>Ayarlanabilir kalibrasyon seviyesi<\/li>\n<li>\u00d6rnekleme y\u00f6ntemi: dif\u00fczyon<\/li>\n<li>Ba\u015flang\u0131\u00e7ta kendi kendine test<\/li>\n<li>Arka ayd\u0131nlatmal\u0131 ekran<\/li>\n<li>D\u00fc\u015f\u00fck pil g\u00f6stergesi<\/li>\n<li>Patlamaya dayan\u0131kl\u0131l\u0131k seviyesi: Ex ib IIB T3 Gb<\/li>\n<li><a href=\"https:\/\/insize.com.tr\/wp-content\/uploads\/2026\/02\/0611.pdf\"><strong>Pdf i\u00e7in t\u0131klay\u0131n\u0131z.<\/strong><\/a><\/li>\n<\/ul>","protected":false},"featured_media":22100,"comment_status":"open","ping_status":"closed","template":"","meta":{"inline_featured_image":false},"product_brand":[],"product_cat":[548,543,34],"product_tag":[],"class_list":{"0":"post-6041","1":"product","2":"type-product","3":"status-publish","4":"has-post-thumbnail","6":"product_cat-gaz-ve-basinc-olcum-cihazlari","7":"product_cat-hata-tespit-cihazlari","8":"product_cat-tasinabilir-cihazlar","10":"first","11":"instock","12":"shipping-taxable","13":"purchasable","14":"product-type-simple"},"_links":{"self":[{"href":"https:\/\/insize.com.tr\/en\/wp-json\/wp\/v2\/product\/6041","targetHints":{"allow":["GET"]}}],"collection":[{"href":"https:\/\/insize.com.tr\/en\/wp-json\/wp\/v2\/product"}],"about":[{"href":"https:\/\/insize.com.tr\/en\/wp-json\/wp\/v2\/types\/product"}],"replies":[{"embeddable":true,"href":"https:\/\/insize.com.tr\/en\/wp-json\/wp\/v2\/comments?post=6041"}],"wp:featuredmedia":[{"embeddable":true,"href":"https:\/\/insize.com.tr\/en\/wp-json\/wp\/v2\/media\/22100"}],"wp:attachment":[{"href":"https:\/\/insize.com.tr\/en\/wp-json\/wp\/v2\/media?parent=6041"}],"wp:term":[{"taxonomy":"product_brand","embeddable":true,"href":"https:\/\/insize.com.tr\/en\/wp-json\/wp\/v2\/product_brand?post=6041"},{"taxonomy":"product_cat","embeddable":true,"href":"https:\/\/insize.com.tr\/en\/wp-json\/wp\/v2\/product_cat?post=6041"},{"taxonomy":"product_tag","embeddable":true,"href":"https:\/\/insize.com.tr\/en\/wp-json\/wp\/v2\/product_tag?post=6041"}],"curies":[{"name":"wp","href":"https:\/\/api.w.org\/{rel}","templated":true}]}}