{"id":6119,"date":"2023-08-04T09:52:06","date_gmt":"2023-08-04T06:52:06","guid":{"rendered":"https:\/\/insize.com.tr\/?post_type=product&#038;p=6119"},"modified":"2026-03-04T14:46:06","modified_gmt":"2026-03-04T11:46:06","slug":"insize-hdt-b430-kalem-tip-leeb-sertlik-olcer-standart-model","status":"publish","type":"product","link":"https:\/\/insize.com.tr\/en\/product\/insize-hdt-b430-kalem-tip-leeb-sertlik-olcer-standart-model\/","title":{"rendered":"Insize HDT-B430 Kalem Tip Leeb Sertlik \u00d6l\u00e7er (Standart Model )"},"content":{"rendered":"","protected":false},"excerpt":{"rendered":"<ul>\n<li>Darbe cihaz\u0131 (D) dahildir.<\/li>\n<li>Y\u00fcksek konstrastl\u0131 LED ekran<\/li>\n<li>Vickers (HV),Brinell (HB), Rockwell (HRC,HRA, HRB) \u2018ye d\u00f6n\u00fc\u015ft\u00fcr\u00fclen Leeb ( HLD) temel al\u0131narak shore (HS) ve gerilme mukavemeti.<\/li>\n<li>\u0130kili de\u011fer ekran\u0131, hem Leeb hem de di\u011fer d\u00f6n\u00fc\u015ft\u00fcr\u00fclme de\u011ferlerini g\u00f6sterir.<\/li>\n<li>Test y\u00f6n\u00fcn\u00fc ayarlamaya gerek yoktur.<\/li>\n<li>Her biri 100 \u00f6l\u00e7\u00fcm verisi i\u00e7eren 31 dosya kaydedilebilir.<\/li>\n<li>Maksimum, minimum, ortalama de\u011feri otomatik olarak hesaplar.<\/li>\n<li>USB veya bluetooth ile bilgisayara ba\u011flanabilir.<\/li>\n<li>\u00c7al\u0131\u015fma s\u0131cakl\u0131k aral\u0131\u011f\u0131: -20 \u00b0C \/45 \u00b0 C<\/li>\n<li><a href=\"https:\/\/insize.com.tr\/wp-content\/uploads\/2026\/02\/HDT-B430.pdf\"><strong>Pdf i\u00e7in t\u0131klay\u0131n\u0131z.<\/strong><\/a><\/li>\n<li><a href=\"https:\/\/insize.com.tr\/wp-content\/uploads\/2026\/03\/HDT-B430-E-V0.pdf\"><strong>Kullan\u0131m K\u0131lavuzu<\/strong><\/a><\/li>\n<\/ul>","protected":false},"featured_media":6120,"comment_status":"open","ping_status":"closed","template":"","meta":{"inline_featured_image":false},"product_brand":[],"product_cat":[543,34,32,551],"product_tag":[],"class_list":{"0":"post-6119","1":"product","2":"type-product","3":"status-publish","4":"has-post-thumbnail","6":"product_cat-hata-tespit-cihazlari","7":"product_cat-tasinabilir-cihazlar","8":"product_cat-sertlik-olcum-cihazlari","9":"product_cat-test-cihazlari","11":"first","12":"instock","13":"shipping-taxable","14":"purchasable","15":"product-type-simple"},"_links":{"self":[{"href":"https:\/\/insize.com.tr\/en\/wp-json\/wp\/v2\/product\/6119","targetHints":{"allow":["GET"]}}],"collection":[{"href":"https:\/\/insize.com.tr\/en\/wp-json\/wp\/v2\/product"}],"about":[{"href":"https:\/\/insize.com.tr\/en\/wp-json\/wp\/v2\/types\/product"}],"replies":[{"embeddable":true,"href":"https:\/\/insize.com.tr\/en\/wp-json\/wp\/v2\/comments?post=6119"}],"wp:featuredmedia":[{"embeddable":true,"href":"https:\/\/insize.com.tr\/en\/wp-json\/wp\/v2\/media\/6120"}],"wp:attachment":[{"href":"https:\/\/insize.com.tr\/en\/wp-json\/wp\/v2\/media?parent=6119"}],"wp:term":[{"taxonomy":"product_brand","embeddable":true,"href":"https:\/\/insize.com.tr\/en\/wp-json\/wp\/v2\/product_brand?post=6119"},{"taxonomy":"product_cat","embeddable":true,"href":"https:\/\/insize.com.tr\/en\/wp-json\/wp\/v2\/product_cat?post=6119"},{"taxonomy":"product_tag","embeddable":true,"href":"https:\/\/insize.com.tr\/en\/wp-json\/wp\/v2\/product_tag?post=6119"}],"curies":[{"name":"wp","href":"https:\/\/api.w.org\/{rel}","templated":true}]}}