{"id":6225,"date":"2023-09-06T14:59:58","date_gmt":"2023-09-06T11:59:58","guid":{"rendered":"https:\/\/insize.com.tr\/?post_type=product&#038;p=6225"},"modified":"2026-04-20T17:08:13","modified_gmt":"2026-04-20T14:08:13","slug":"insize-isf-u-cok-fonksiyonlu-test-makinesi","status":"publish","type":"product","link":"https:\/\/insize.com.tr\/en\/product\/insize-isf-u-cok-fonksiyonlu-test-makinesi\/","title":{"rendered":"Insize ISF-U \u00c7ok Fonksiyonlu Test Makinesi"},"content":{"rendered":"","protected":false},"excerpt":{"rendered":"<ul>\n<li>Dahili mekanik limit, a\u015f\u0131r\u0131 y\u00fck otomatik durdurma ve acil durdurma gibi koruyucu i\u015flevler mevcuttur.<\/li>\n<li>\u00c7ift y\u00f6n h\u0131z ayar\u0131, y\u00fcksek h\u0131zl\u0131 yakla\u015f\u0131m ve d\u00fc\u015f\u00fck h\u0131zl\u0131 toplama<\/li>\n<li>Testten sonra otomatik olarak ba\u015flang\u0131\u00e7 konumuna geri d\u00f6ner.<\/li>\n<li>10 set test de\u011feri ve 3 set e\u011fim de\u011feri test edebilir.<\/li>\n<li>Test raporlar\u0131 dahili yaz\u0131c\u0131ya aktar\u0131labilir.<\/li>\n<li>Zaman ayarl\u0131 otomatik kapanma.<\/li>\n<li><a href=\"https:\/\/insize.com.tr\/wp-content\/uploads\/2023\/09\/ISF-U.pdf\"><strong>Pdf i\u00e7in t\u0131klay\u0131n\u0131z.<\/strong><\/a><\/li>\n<li><a href=\"https:\/\/insize.com.tr\/wp-content\/uploads\/2026\/03\/ISF-DF-SERIES-E-V1.pdf\"><strong>Kullan\u0131m K\u0131lavuzu<\/strong><\/a><\/li>\n<\/ul>","protected":false},"featured_media":6226,"comment_status":"open","ping_status":"closed","template":"","meta":{"inline_featured_image":false},"product_brand":[],"product_cat":[15,41],"product_tag":[],"class_list":{"0":"post-6225","1":"product","2":"type-product","3":"status-publish","4":"has-post-thumbnail","6":"product_cat-yeni-urunler","7":"product_cat-mukavemet-ve-evrensel-test-cihazlari","9":"first","10":"instock","11":"shipping-taxable","12":"purchasable","13":"product-type-variable"},"_links":{"self":[{"href":"https:\/\/insize.com.tr\/en\/wp-json\/wp\/v2\/product\/6225","targetHints":{"allow":["GET"]}}],"collection":[{"href":"https:\/\/insize.com.tr\/en\/wp-json\/wp\/v2\/product"}],"about":[{"href":"https:\/\/insize.com.tr\/en\/wp-json\/wp\/v2\/types\/product"}],"replies":[{"embeddable":true,"href":"https:\/\/insize.com.tr\/en\/wp-json\/wp\/v2\/comments?post=6225"}],"wp:featuredmedia":[{"embeddable":true,"href":"https:\/\/insize.com.tr\/en\/wp-json\/wp\/v2\/media\/6226"}],"wp:attachment":[{"href":"https:\/\/insize.com.tr\/en\/wp-json\/wp\/v2\/media?parent=6225"}],"wp:term":[{"taxonomy":"product_brand","embeddable":true,"href":"https:\/\/insize.com.tr\/en\/wp-json\/wp\/v2\/product_brand?post=6225"},{"taxonomy":"product_cat","embeddable":true,"href":"https:\/\/insize.com.tr\/en\/wp-json\/wp\/v2\/product_cat?post=6225"},{"taxonomy":"product_tag","embeddable":true,"href":"https:\/\/insize.com.tr\/en\/wp-json\/wp\/v2\/product_tag?post=6225"}],"curies":[{"name":"wp","href":"https:\/\/api.w.org\/{rel}","templated":true}]}}