{"id":6272,"date":"2023-11-02T13:35:52","date_gmt":"2023-11-02T10:35:52","guid":{"rendered":"https:\/\/insize.com.tr\/?post_type=product&#038;p=6272"},"modified":"2026-04-20T17:08:37","modified_gmt":"2026-04-20T14:08:37","slug":"insize-5081-8-parca-olcu-aleti-seti","status":"publish","type":"product","link":"https:\/\/insize.com.tr\/en\/product\/insize-5081-8-parca-olcu-aleti-seti\/","title":{"rendered":"Insize 5081 8 Par\u00e7a \u00d6l\u00e7\u00fc Aleti Seti"},"content":{"rendered":"","protected":false},"excerpt":{"rendered":"<ul>\n<li>Dijital kumpas, dijital d\u0131\u015f \u00e7ap mikrometre, salg\u0131 saati, paralel set, manyetik stant, \u00e7elik cetvel, derinlik taban eki, s\u0131f\u0131r ayar \u00e7ubu\u011fundan olu\u015fan set.<\/li>\n<li><a href=\"https:\/\/insize.com.tr\/wp-content\/uploads\/2023\/11\/5081.pdf\"><strong>Pdf i\u00e7in t\u0131klay\u0131n\u0131z.<\/strong><\/a><\/li>\n<\/ul>","protected":false},"featured_media":6273,"comment_status":"open","ping_status":"closed","template":"","meta":{"inline_featured_image":false},"product_brand":[],"product_cat":[552],"product_tag":[],"class_list":{"0":"post-6272","1":"product","2":"type-product","3":"status-publish","4":"has-post-thumbnail","6":"product_cat-olcum-setleri","8":"first","9":"instock","10":"shipping-taxable","11":"purchasable","12":"product-type-simple"},"_links":{"self":[{"href":"https:\/\/insize.com.tr\/en\/wp-json\/wp\/v2\/product\/6272","targetHints":{"allow":["GET"]}}],"collection":[{"href":"https:\/\/insize.com.tr\/en\/wp-json\/wp\/v2\/product"}],"about":[{"href":"https:\/\/insize.com.tr\/en\/wp-json\/wp\/v2\/types\/product"}],"replies":[{"embeddable":true,"href":"https:\/\/insize.com.tr\/en\/wp-json\/wp\/v2\/comments?post=6272"}],"wp:featuredmedia":[{"embeddable":true,"href":"https:\/\/insize.com.tr\/en\/wp-json\/wp\/v2\/media\/6273"}],"wp:attachment":[{"href":"https:\/\/insize.com.tr\/en\/wp-json\/wp\/v2\/media?parent=6272"}],"wp:term":[{"taxonomy":"product_brand","embeddable":true,"href":"https:\/\/insize.com.tr\/en\/wp-json\/wp\/v2\/product_brand?post=6272"},{"taxonomy":"product_cat","embeddable":true,"href":"https:\/\/insize.com.tr\/en\/wp-json\/wp\/v2\/product_cat?post=6272"},{"taxonomy":"product_tag","embeddable":true,"href":"https:\/\/insize.com.tr\/en\/wp-json\/wp\/v2\/product_tag?post=6272"}],"curies":[{"name":"wp","href":"https:\/\/api.w.org\/{rel}","templated":true}]}}