{"id":6286,"date":"2023-11-09T09:40:29","date_gmt":"2023-11-09T06:40:29","guid":{"rendered":"https:\/\/insize.com.tr\/?post_type=product&#038;p=6286"},"modified":"2026-04-20T17:08:42","modified_gmt":"2026-04-20T14:08:42","slug":"insize-0321-it42-kizilotesi-ve-penetrasyon-termometresi","status":"publish","type":"product","link":"https:\/\/insize.com.tr\/en\/product\/insize-0321-it42-kizilotesi-ve-penetrasyon-termometresi\/","title":{"rendered":"Insize 0321-IT42 K\u0131z\u0131l\u00f6tesi ve Penetrasyon Termometresi"},"content":{"rendered":"","protected":false},"excerpt":{"rendered":"<ul>\n<li>Nesnelerin y\u00fczey ve i\u00e7 s\u0131cakl\u0131\u011f\u0131n\u0131 \u00f6l\u00e7er,<\/li>\n<li>D\u00fc\u015f\u00fck pil g\u00f6stergesi,<\/li>\n<li>Ekran arka \u0131\u015f\u0131\u011f\u0131,<\/li>\n<li>Y\u00fcksek ve d\u00fc\u015f\u00fck alarm,<\/li>\n<li>Otomatik veri tutma ve otomatik kapanma<\/li>\n<li>Birim C \u00b0\/ &#8220;F<\/li>\n<li><a href=\"https:\/\/insize.com.tr\/wp-content\/uploads\/2026\/02\/0321-IT42.pdf\"><strong>Pdf i\u00e7in t\u0131klay\u0131n\u0131z.<\/strong><\/a><\/li>\n<\/ul>","protected":false},"featured_media":6287,"comment_status":"open","ping_status":"closed","template":"","meta":{"inline_featured_image":false},"product_brand":[],"product_cat":[34,56,551],"product_tag":[],"class_list":{"0":"post-6286","1":"product","2":"type-product","3":"status-publish","4":"has-post-thumbnail","6":"product_cat-tasinabilir-cihazlar","7":"product_cat-sicaklik-ve-nem-olcer","8":"product_cat-test-cihazlari","10":"first","11":"instock","12":"shipping-taxable","13":"purchasable","14":"product-type-simple"},"_links":{"self":[{"href":"https:\/\/insize.com.tr\/en\/wp-json\/wp\/v2\/product\/6286","targetHints":{"allow":["GET"]}}],"collection":[{"href":"https:\/\/insize.com.tr\/en\/wp-json\/wp\/v2\/product"}],"about":[{"href":"https:\/\/insize.com.tr\/en\/wp-json\/wp\/v2\/types\/product"}],"replies":[{"embeddable":true,"href":"https:\/\/insize.com.tr\/en\/wp-json\/wp\/v2\/comments?post=6286"}],"wp:featuredmedia":[{"embeddable":true,"href":"https:\/\/insize.com.tr\/en\/wp-json\/wp\/v2\/media\/6287"}],"wp:attachment":[{"href":"https:\/\/insize.com.tr\/en\/wp-json\/wp\/v2\/media?parent=6286"}],"wp:term":[{"taxonomy":"product_brand","embeddable":true,"href":"https:\/\/insize.com.tr\/en\/wp-json\/wp\/v2\/product_brand?post=6286"},{"taxonomy":"product_cat","embeddable":true,"href":"https:\/\/insize.com.tr\/en\/wp-json\/wp\/v2\/product_cat?post=6286"},{"taxonomy":"product_tag","embeddable":true,"href":"https:\/\/insize.com.tr\/en\/wp-json\/wp\/v2\/product_tag?post=6286"}],"curies":[{"name":"wp","href":"https:\/\/api.w.org\/{rel}","templated":true}]}}