{"id":6315,"date":"2023-11-13T11:49:28","date_gmt":"2023-11-13T08:49:28","guid":{"rendered":"https:\/\/insize.com.tr\/?post_type=product&#038;p=6315"},"modified":"2026-04-20T17:09:04","modified_gmt":"2026-04-20T14:09:04","slug":"insize-2256-doner-omuzlu-ic-dis-baglantili-yukseklik-olcum-aleti","status":"publish","type":"product","link":"https:\/\/insize.com.tr\/en\/product\/insize-2256-doner-omuzlu-ic-dis-baglantili-yukseklik-olcum-aleti\/","title":{"rendered":"Insize 2256 D\u00f6ner Omuzlu \u0130\u00e7 D\u0131\u015f Ba\u011flant\u0131l\u0131 Y\u00fckseklik \u00d6l\u00e7\u00fcm Aleti"},"content":{"rendered":"<p><img loading=\"lazy\" decoding=\"async\" class=\"alignnone size-full wp-image-6317 aligncenter\" src=\"https:\/\/insize.com.tr\/wp-content\/uploads\/2023\/11\/Resim1-2.png\" alt=\"\" width=\"919\" height=\"394\" title=\"\" srcset=\"https:\/\/insize.com.tr\/wp-content\/uploads\/2023\/11\/Resim1-2.png 919w, https:\/\/insize.com.tr\/wp-content\/uploads\/2023\/11\/Resim1-2-300x129.png 300w, https:\/\/insize.com.tr\/wp-content\/uploads\/2023\/11\/Resim1-2-768x329.png 768w\" sizes=\"auto, (max-width: 919px) 100vw, 919px\" \/><\/p>","protected":false},"excerpt":{"rendered":"<ul>\n<li>D\u00f6ner omuzlu i\u00e7 di\u015fli ba\u011flant\u0131lar\u0131n\u0131n y\u00fcksekli\u011fi \u00f6l\u00e7\u00fcl\u00fcr.<\/li>\n<li>\u0130ste\u011fe ba\u011fl\u0131 aksesuarlar: Di\u015f y\u00fcksekli\u011finde standart bloklar.<\/li>\n<li><a href=\"https:\/\/insize.com.tr\/wp-content\/uploads\/2023\/11\/2256.pdf\"><strong>Pdf i\u00e7in t\u0131klay\u0131n\u0131z.<\/strong><\/a><\/li>\n<\/ul>","protected":false},"featured_media":6316,"comment_status":"open","ping_status":"closed","template":"","meta":{"inline_featured_image":false},"product_brand":[],"product_cat":[30,550],"product_tag":[],"class_list":{"0":"post-6315","1":"product","2":"type-product","3":"status-publish","4":"has-post-thumbnail","6":"product_cat-mihengirler","7":"product_cat-standart-olcu-aletleri","9":"first","10":"instock","11":"shipping-taxable","12":"purchasable","13":"product-type-simple"},"_links":{"self":[{"href":"https:\/\/insize.com.tr\/en\/wp-json\/wp\/v2\/product\/6315","targetHints":{"allow":["GET"]}}],"collection":[{"href":"https:\/\/insize.com.tr\/en\/wp-json\/wp\/v2\/product"}],"about":[{"href":"https:\/\/insize.com.tr\/en\/wp-json\/wp\/v2\/types\/product"}],"replies":[{"embeddable":true,"href":"https:\/\/insize.com.tr\/en\/wp-json\/wp\/v2\/comments?post=6315"}],"wp:featuredmedia":[{"embeddable":true,"href":"https:\/\/insize.com.tr\/en\/wp-json\/wp\/v2\/media\/6316"}],"wp:attachment":[{"href":"https:\/\/insize.com.tr\/en\/wp-json\/wp\/v2\/media?parent=6315"}],"wp:term":[{"taxonomy":"product_brand","embeddable":true,"href":"https:\/\/insize.com.tr\/en\/wp-json\/wp\/v2\/product_brand?post=6315"},{"taxonomy":"product_cat","embeddable":true,"href":"https:\/\/insize.com.tr\/en\/wp-json\/wp\/v2\/product_cat?post=6315"},{"taxonomy":"product_tag","embeddable":true,"href":"https:\/\/insize.com.tr\/en\/wp-json\/wp\/v2\/product_tag?post=6315"}],"curies":[{"name":"wp","href":"https:\/\/api.w.org\/{rel}","templated":true}]}}