{"id":6452,"date":"2023-12-14T17:20:08","date_gmt":"2023-12-14T14:20:08","guid":{"rendered":"https:\/\/insize.com.tr\/?post_type=product&#038;p=6452"},"modified":"2026-04-21T10:42:25","modified_gmt":"2026-04-21T07:42:25","slug":"insize-itm-s-yari-otomatik-darbe-test-cihazi","status":"publish","type":"product","link":"https:\/\/insize.com.tr\/en\/product\/insize-itm-s-yari-otomatik-darbe-test-cihazi\/","title":{"rendered":"Insize ITM-S Yar\u0131 Otomatik Darbe Test Cihaz\u0131"},"content":{"rendered":"","protected":false},"excerpt":{"rendered":"<ul>\n<li dir=\"ltr\" lang=\"tr\">ISO148&#8217;e g\u00f6re<\/li>\n<li dir=\"ltr\" lang=\"tr\">Metal malzemelerin dinamik y\u00fck alt\u0131nda darbeye kar\u015f\u0131 performans\u0131n\u0131 test etmek i\u00e7in<\/li>\n<li dir=\"ltr\" lang=\"tr\">Y\u00fcksek hassasiyetli rulmanlar, k\u00fc\u00e7\u00fck rulman s\u00fcrt\u00fcnmesi, bo\u015f sarkac\u0131n darbe emme oran\u0131 %0,3&#8217;ten azd\u0131r<\/li>\n<li dir=\"ltr\" lang=\"tr\"> Ala\u015f\u0131ml\u0131 \u00e7elik darbeli b\u0131\u00e7ak, sertlik HRC60<\/li>\n<li dir=\"ltr\" lang=\"tr\"> Dahili enerji kayb\u0131 d\u00fczeltme program\u0131na sahip PLC kontrol cihaz\u0131<\/li>\n<li dir=\"ltr\" lang=\"tr\">G\u00fcvenlik kapa\u011f\u0131yla birlikte verilir<\/li>\n<li dir=\"ltr\" lang=\"tr\"> Veriler Excel format\u0131nda saklanabilir, \u00e7\u0131kt\u0131 al\u0131nabilir ve yazd\u0131r\u0131labilir<\/li>\n<li dir=\"ltr\" lang=\"tr\">Veri depolama, otomatik i\u015fleme vb. i\u00e7in yaz\u0131l\u0131mla birlikte verilir.<\/li>\n<li dir=\"ltr\" lang=\"tr\"><a href=\"https:\/\/insize.com.tr\/wp-content\/uploads\/2026\/02\/ITM-S.pdf\"><strong>Pdf i\u00e7in t\u0131klay\u0131n\u0131z.<\/strong><\/a><\/li>\n<li><a href=\"https:\/\/insize.com.tr\/wp-content\/uploads\/2026\/03\/ITM-S-SERIES-E-V0.pdf\"><strong>Kullan\u0131m K\u0131lavuzu<\/strong><\/a><\/li>\n<\/ul>","protected":false},"featured_media":6453,"comment_status":"open","ping_status":"closed","template":"","meta":{"inline_featured_image":false},"product_brand":[],"product_cat":[15,41],"product_tag":[],"class_list":{"0":"post-6452","1":"product","2":"type-product","3":"status-publish","4":"has-post-thumbnail","6":"product_cat-yeni-urunler","7":"product_cat-mukavemet-ve-evrensel-test-cihazlari","9":"first","10":"instock","11":"shipping-taxable","12":"purchasable","13":"product-type-variable"},"_links":{"self":[{"href":"https:\/\/insize.com.tr\/en\/wp-json\/wp\/v2\/product\/6452","targetHints":{"allow":["GET"]}}],"collection":[{"href":"https:\/\/insize.com.tr\/en\/wp-json\/wp\/v2\/product"}],"about":[{"href":"https:\/\/insize.com.tr\/en\/wp-json\/wp\/v2\/types\/product"}],"replies":[{"embeddable":true,"href":"https:\/\/insize.com.tr\/en\/wp-json\/wp\/v2\/comments?post=6452"}],"wp:featuredmedia":[{"embeddable":true,"href":"https:\/\/insize.com.tr\/en\/wp-json\/wp\/v2\/media\/6453"}],"wp:attachment":[{"href":"https:\/\/insize.com.tr\/en\/wp-json\/wp\/v2\/media?parent=6452"}],"wp:term":[{"taxonomy":"product_brand","embeddable":true,"href":"https:\/\/insize.com.tr\/en\/wp-json\/wp\/v2\/product_brand?post=6452"},{"taxonomy":"product_cat","embeddable":true,"href":"https:\/\/insize.com.tr\/en\/wp-json\/wp\/v2\/product_cat?post=6452"},{"taxonomy":"product_tag","embeddable":true,"href":"https:\/\/insize.com.tr\/en\/wp-json\/wp\/v2\/product_tag?post=6452"}],"curies":[{"name":"wp","href":"https:\/\/api.w.org\/{rel}","templated":true}]}}