{"id":6482,"date":"2023-12-25T13:51:51","date_gmt":"2023-12-25T10:51:51","guid":{"rendered":"https:\/\/insize.com.tr\/?post_type=product&#038;p=6482"},"modified":"2026-04-21T10:42:25","modified_gmt":"2026-04-21T07:42:25","slug":"insize-0231-ic650-kizilotesi-termal-goruntuleme-kamerasi","status":"publish","type":"product","link":"https:\/\/insize.com.tr\/en\/product\/insize-0231-ic650-kizilotesi-termal-goruntuleme-kamerasi\/","title":{"rendered":"Insize 0231-IC650 K\u0131z\u0131l\u00f6tesi Termal G\u00f6r\u00fcnt\u00fcleme Kameras\u0131"},"content":{"rendered":"","protected":false},"excerpt":{"rendered":"<ul>\n<li dir=\"ltr\" lang=\"tr\">Elektrik g\u00fcc\u00fc, metalurji, petrokimya, bilimsel ara\u015ft\u0131rma ve \u00f6\u011fretim, imalat, demiryolu ta\u015f\u0131mac\u0131l\u0131\u011f\u0131, bina testleri, elektronik ekipman revizyonu, mekanik ekipman bak\u0131m\u0131 vb. i\u00e7in uygundur.<\/li>\n<li dir=\"ltr\" lang=\"tr\">D\u00f6rt g\u00f6r\u00fcnt\u00fc sunumu: IR, VIS, MIF, PIP<\/li>\n<li dir=\"ltr\" lang=\"tr\">Ger\u00e7ek zamanl\u0131 g\u00f6r\u00fcnt\u00fc foto\u011fraflanabilir ve video kaydedilebilir.<\/li>\n<li dir=\"ltr\" lang=\"tr\">Yaz\u0131l\u0131m dahildir: g\u00f6r\u00fcnt\u00fc tarama, g\u00f6r\u00fcnt\u00fc parametresi d\u00fczenleme, k\u0131z\u0131l\u00f6tesi g\u00f6r\u00fcnt\u00fc analizi, toplu rapor olu\u015fturma, video d\u00fczenleme vb.<\/li>\n<li dir=\"ltr\" lang=\"tr\">WIFI ger\u00e7ek zamanl\u0131 payla\u015f\u0131m, mobil cihaza tek t\u0131klamayla ba\u011flant\u0131.<\/li>\n<li dir=\"ltr\" lang=\"tr\"><a href=\"https:\/\/insize.com.tr\/wp-content\/uploads\/2026\/02\/0231-IC650.pdf\"><strong>Pdf i\u00e7in t\u0131klay\u0131n\u0131z.<\/strong><\/a><\/li>\n<li><a href=\"https:\/\/insize.com.tr\/wp-content\/uploads\/2026\/03\/0231-IC650-E-V0.pdf\"><strong>Kullan\u0131m K\u0131lavuzu<\/strong><\/a><\/li>\n<\/ul>","protected":false},"featured_media":6483,"comment_status":"open","ping_status":"closed","template":"","meta":{"inline_featured_image":false},"product_brand":[],"product_cat":[34,56,551],"product_tag":[],"class_list":{"0":"post-6482","1":"product","2":"type-product","3":"status-publish","4":"has-post-thumbnail","6":"product_cat-tasinabilir-cihazlar","7":"product_cat-sicaklik-ve-nem-olcer","8":"product_cat-test-cihazlari","10":"first","11":"instock","12":"shipping-taxable","13":"purchasable","14":"product-type-simple"},"_links":{"self":[{"href":"https:\/\/insize.com.tr\/en\/wp-json\/wp\/v2\/product\/6482","targetHints":{"allow":["GET"]}}],"collection":[{"href":"https:\/\/insize.com.tr\/en\/wp-json\/wp\/v2\/product"}],"about":[{"href":"https:\/\/insize.com.tr\/en\/wp-json\/wp\/v2\/types\/product"}],"replies":[{"embeddable":true,"href":"https:\/\/insize.com.tr\/en\/wp-json\/wp\/v2\/comments?post=6482"}],"wp:featuredmedia":[{"embeddable":true,"href":"https:\/\/insize.com.tr\/en\/wp-json\/wp\/v2\/media\/6483"}],"wp:attachment":[{"href":"https:\/\/insize.com.tr\/en\/wp-json\/wp\/v2\/media?parent=6482"}],"wp:term":[{"taxonomy":"product_brand","embeddable":true,"href":"https:\/\/insize.com.tr\/en\/wp-json\/wp\/v2\/product_brand?post=6482"},{"taxonomy":"product_cat","embeddable":true,"href":"https:\/\/insize.com.tr\/en\/wp-json\/wp\/v2\/product_cat?post=6482"},{"taxonomy":"product_tag","embeddable":true,"href":"https:\/\/insize.com.tr\/en\/wp-json\/wp\/v2\/product_tag?post=6482"}],"curies":[{"name":"wp","href":"https:\/\/api.w.org\/{rel}","templated":true}]}}