{"id":6485,"date":"2023-12-25T14:00:24","date_gmt":"2023-12-25T11:00:24","guid":{"rendered":"https:\/\/insize.com.tr\/?post_type=product&#038;p=6485"},"modified":"2026-04-20T17:09:43","modified_gmt":"2026-04-20T14:09:43","slug":"insize-utt-m-elektronik-universal-test-makineleri-icin-sicak-ve-nem-test-kabini","status":"publish","type":"product","link":"https:\/\/insize.com.tr\/en\/product\/insize-utt-m-elektronik-universal-test-makineleri-icin-sicak-ve-nem-test-kabini\/","title":{"rendered":"Insize UTT-M Elektronik Universal Test Makineleri \u0130\u00e7in S\u0131cak ve Nem Test Kabini"},"content":{"rendered":"","protected":false},"excerpt":{"rendered":"<ul>\n<li dir=\"ltr\" lang=\"tr\">UTM-E elektronik \u00fcniversal test makineleri i\u00e7in<\/li>\n<li dir=\"ltr\" lang=\"tr\">Y\u00fcksek ve d\u00fc\u015f\u00fck s\u0131cakl\u0131ktaki ortamlarda \u00e7ekme, basma, b\u00fckme, kesme testleri i\u00e7in<\/li>\n<li dir=\"ltr\" lang=\"tr\"><a href=\"https:\/\/insize.com.tr\/wp-content\/uploads\/2026\/02\/UTT-M.pdf\"><strong>Pdf i\u00e7in t\u0131klay\u0131n\u0131z.<\/strong><\/a><\/li>\n<\/ul>","protected":false},"featured_media":6486,"comment_status":"open","ping_status":"closed","template":"","meta":{"inline_featured_image":false},"product_brand":[],"product_cat":[41,551],"product_tag":[],"class_list":{"0":"post-6485","1":"product","2":"type-product","3":"status-publish","4":"has-post-thumbnail","6":"product_cat-mukavemet-ve-evrensel-test-cihazlari","7":"product_cat-test-cihazlari","9":"first","10":"instock","11":"shipping-taxable","12":"purchasable","13":"product-type-simple"},"_links":{"self":[{"href":"https:\/\/insize.com.tr\/en\/wp-json\/wp\/v2\/product\/6485","targetHints":{"allow":["GET"]}}],"collection":[{"href":"https:\/\/insize.com.tr\/en\/wp-json\/wp\/v2\/product"}],"about":[{"href":"https:\/\/insize.com.tr\/en\/wp-json\/wp\/v2\/types\/product"}],"replies":[{"embeddable":true,"href":"https:\/\/insize.com.tr\/en\/wp-json\/wp\/v2\/comments?post=6485"}],"wp:featuredmedia":[{"embeddable":true,"href":"https:\/\/insize.com.tr\/en\/wp-json\/wp\/v2\/media\/6486"}],"wp:attachment":[{"href":"https:\/\/insize.com.tr\/en\/wp-json\/wp\/v2\/media?parent=6485"}],"wp:term":[{"taxonomy":"product_brand","embeddable":true,"href":"https:\/\/insize.com.tr\/en\/wp-json\/wp\/v2\/product_brand?post=6485"},{"taxonomy":"product_cat","embeddable":true,"href":"https:\/\/insize.com.tr\/en\/wp-json\/wp\/v2\/product_cat?post=6485"},{"taxonomy":"product_tag","embeddable":true,"href":"https:\/\/insize.com.tr\/en\/wp-json\/wp\/v2\/product_tag?post=6485"}],"curies":[{"name":"wp","href":"https:\/\/api.w.org\/{rel}","templated":true}]}}