{"id":6494,"date":"2023-12-25T17:32:33","date_gmt":"2023-12-25T14:32:33","guid":{"rendered":"https:\/\/insize.com.tr\/?post_type=product&#038;p=6494"},"modified":"2026-04-21T10:42:25","modified_gmt":"2026-04-21T07:42:25","slug":"insize-xrf-pt230-x-ray-floresan-spektrometre-film-kalinlik-olcer","status":"publish","type":"product","link":"https:\/\/insize.com.tr\/en\/product\/insize-xrf-pt230-x-ray-floresan-spektrometre-film-kalinlik-olcer\/","title":{"rendered":"Insize XRF-PT230 X-Ray Floresan Spektrometre \/ Film Kal\u0131nl\u0131k \u00d6l\u00e7er"},"content":{"rendered":"<ul>\n<li>Uygulama alanlar\u0131: galvanik kaplama kal\u0131nl\u0131k analizi, konekt\u00f6rler, ba\u011flant\u0131 eleman\u0131 end\u00fcstrisi, otomotiv par\u00e7alar\u0131, donan\u0131m end\u00fcstrisi (Cr\/Ni\/CuZn(ABS) gibi ev ekipmanlar\u0131 ve aksesuarlar\u0131), yeni enerji end\u00fcstrisi (fotovoltaik kaynak teli) gibi elektronik bile\u015fenlerin denetimi , vb.), aksesuarlar\u0131n kal\u0131nl\u0131k analizi, rubidyum demir bor m\u0131knat\u0131slar\u0131nda NI\/Cu\/Ni\/FendB, elektrokaplama \u00e7\u00f6zeltisinde metal katyon tespiti vb.<\/li>\n<\/ul>","protected":false},"excerpt":{"rendered":"<ul>\n<li>90 \u00e7e\u015fit kaplama elementini tespit edebilir ve jeoloji, ala\u015f\u0131mlar, de\u011ferli metaller,<\/li>\n<li dir=\"ltr\" lang=\"tr\">Mikro odakl\u0131 X-\u0131\u015f\u0131n\u0131 jenerat\u00f6r\u00fc ve geli\u015fmi\u015f \u0131\u015f\u0131k yolu d\u00f6n\u00fc\u015ft\u00fcrme odaklama sistemi ile donat\u0131lm\u0131\u015f olan minimum \u00f6l\u00e7\u00fclebilir alan 0,03 mm\u00b2\u2019ye kadard\u0131r.<\/li>\n<li dir=\"ltr\" lang=\"tr\">0\u2019dan 30 mm\u2019ye kadar \u00e7e\u015fitli \u015fekilli ve d\u00fczensiz yivli par\u00e7alar \u00fczerinde tahribats\u0131z testler yapabilen, tahribats\u0131z manuel yak\u0131nla\u015ft\u0131rma alg\u0131lama teknolojisine sahiptir.<\/li>\n<li dir=\"ltr\" lang=\"tr\">Si-Pin yar\u0131 iletken dedekt\u00f6r, y\u00fcksek \u00e7\u00f6z\u00fcn\u00fcrl\u00fck, h\u0131zl\u0131 test h\u0131z\u0131, kararl\u0131 veriler, mikro \u0131\u015f\u0131k odaklama teknolojisi ile donat\u0131lm\u0131\u015f olup, spot dif\u00fczyonu %10\u2019dan daha azd\u0131r.<\/li>\n<li dir=\"ltr\" lang=\"tr\">\u00c7ekirdek EFP algoritmas\u0131 23 kaplama ve 24 elementin e\u015f zamanl\u0131 analizine olanak sa\u011flar. Farkl\u0131 katmanlardaki ayn\u0131 \u00f6\u011fe dahil olmak \u00fczere birden \u00e7ok katman\u0131 ve birden \u00e7ok \u00f6\u011feyi h\u0131zl\u0131, do\u011fru ve istikrarl\u0131 bir \u015fekilde analiz edebilir.<\/li>\n<li dir=\"ltr\" lang=\"tr\">Kullan\u0131c\u0131 dostu kapal\u0131 yaz\u0131l\u0131m, ar\u0131zalar\u0131 otomatik olarak tan\u0131mlar, kalibrasyon ve operasyon ad\u0131mlar\u0131n\u0131 sa\u011flar, yanl\u0131\u015f i\u015flemleri \u00f6nler.<\/li>\n<li dir=\"ltr\" lang=\"tr\"><a href=\"https:\/\/insize.com.tr\/wp-content\/uploads\/2026\/02\/XRF-PT230.pdf\"><strong>Pdf i\u00e7in t\u0131klay\u0131n\u0131z.<\/strong><\/a><\/li>\n<li><a href=\"https:\/\/insize.com.tr\/wp-content\/uploads\/2026\/03\/XRF-B210-E-V1.pdf\"><strong>Kullan\u0131m K\u0131lavuzu<\/strong><\/a><\/li>\n<\/ul>","protected":false},"featured_media":6495,"comment_status":"open","ping_status":"closed","template":"","meta":{"inline_featured_image":false},"product_brand":[],"product_cat":[15,544],"product_tag":[],"class_list":{"0":"post-6494","1":"product","2":"type-product","3":"status-publish","4":"has-post-thumbnail","6":"product_cat-yeni-urunler","7":"product_cat-kaplama-denetimi","9":"first","10":"instock","11":"shipping-taxable","12":"purchasable","13":"product-type-simple"},"_links":{"self":[{"href":"https:\/\/insize.com.tr\/en\/wp-json\/wp\/v2\/product\/6494","targetHints":{"allow":["GET"]}}],"collection":[{"href":"https:\/\/insize.com.tr\/en\/wp-json\/wp\/v2\/product"}],"about":[{"href":"https:\/\/insize.com.tr\/en\/wp-json\/wp\/v2\/types\/product"}],"replies":[{"embeddable":true,"href":"https:\/\/insize.com.tr\/en\/wp-json\/wp\/v2\/comments?post=6494"}],"wp:featuredmedia":[{"embeddable":true,"href":"https:\/\/insize.com.tr\/en\/wp-json\/wp\/v2\/media\/6495"}],"wp:attachment":[{"href":"https:\/\/insize.com.tr\/en\/wp-json\/wp\/v2\/media?parent=6494"}],"wp:term":[{"taxonomy":"product_brand","embeddable":true,"href":"https:\/\/insize.com.tr\/en\/wp-json\/wp\/v2\/product_brand?post=6494"},{"taxonomy":"product_cat","embeddable":true,"href":"https:\/\/insize.com.tr\/en\/wp-json\/wp\/v2\/product_cat?post=6494"},{"taxonomy":"product_tag","embeddable":true,"href":"https:\/\/insize.com.tr\/en\/wp-json\/wp\/v2\/product_tag?post=6494"}],"curies":[{"name":"wp","href":"https:\/\/api.w.org\/{rel}","templated":true}]}}