{"id":6726,"date":"2024-02-08T13:51:42","date_gmt":"2024-02-08T10:51:42","guid":{"rendered":"https:\/\/insize.com.tr\/?post_type=product&#038;p=6726"},"modified":"2026-04-21T08:22:15","modified_gmt":"2026-04-21T05:22:15","slug":"insize-0232-pc550-cep-boyutu-termal-kamera","status":"publish","type":"product","link":"https:\/\/insize.com.tr\/en\/product\/insize-0232-pc550-cep-boyutu-termal-kamera\/","title":{"rendered":"Insize 0232-PC550 Cep Boyutu Termal Kamera"},"content":{"rendered":"","protected":false},"excerpt":{"rendered":"<ul>\n<li dir=\"ltr\" lang=\"tr\">256\u00d7192 k\u0131z\u0131l\u00f6tesi dedekt\u00f6r net g\u00f6r\u00fcnt\u00fc \u00fcretir.<\/li>\n<li dir=\"ltr\" lang=\"tr\">IR, VIS, PIP ve MIF s\u0131cakl\u0131k ayr\u0131nt\u0131lar\u0131n\u0131 ortaya koyuyor<\/li>\n<li dir=\"ltr\" lang=\"tr\">Yaz\u0131l\u0131m dahildir.<\/li>\n<li dir=\"ltr\" lang=\"tr\">Otomatik ge\u00e7i\u015f \u00f6zelli\u011fiyle -20\u00b0C ila 550\u00b0C s\u0131cakl\u0131k aral\u0131\u011f\u0131<\/li>\n<li dir=\"ltr\" lang=\"tr\"><a href=\"https:\/\/insize.com.tr\/wp-content\/uploads\/2026\/02\/0232-PC550.pdf\"><strong>Pdf i\u00e7in t\u0131klay\u0131n\u0131z.<\/strong><\/a><\/li>\n<li><a href=\"https:\/\/insize.com.tr\/wp-content\/uploads\/2026\/03\/0232-PC550-E-V0.pdf\"><strong>Kullan\u0131m K\u0131lavuzu<\/strong><\/a><\/li>\n<\/ul>","protected":false},"featured_media":6727,"comment_status":"open","ping_status":"closed","template":"","meta":{"inline_featured_image":false},"product_brand":[],"product_cat":[34,56,551],"product_tag":[],"class_list":{"0":"post-6726","1":"product","2":"type-product","3":"status-publish","4":"has-post-thumbnail","6":"product_cat-tasinabilir-cihazlar","7":"product_cat-sicaklik-ve-nem-olcer","8":"product_cat-test-cihazlari","10":"first","11":"instock","12":"shipping-taxable","13":"purchasable","14":"product-type-simple"},"_links":{"self":[{"href":"https:\/\/insize.com.tr\/en\/wp-json\/wp\/v2\/product\/6726","targetHints":{"allow":["GET"]}}],"collection":[{"href":"https:\/\/insize.com.tr\/en\/wp-json\/wp\/v2\/product"}],"about":[{"href":"https:\/\/insize.com.tr\/en\/wp-json\/wp\/v2\/types\/product"}],"replies":[{"embeddable":true,"href":"https:\/\/insize.com.tr\/en\/wp-json\/wp\/v2\/comments?post=6726"}],"wp:featuredmedia":[{"embeddable":true,"href":"https:\/\/insize.com.tr\/en\/wp-json\/wp\/v2\/media\/6727"}],"wp:attachment":[{"href":"https:\/\/insize.com.tr\/en\/wp-json\/wp\/v2\/media?parent=6726"}],"wp:term":[{"taxonomy":"product_brand","embeddable":true,"href":"https:\/\/insize.com.tr\/en\/wp-json\/wp\/v2\/product_brand?post=6726"},{"taxonomy":"product_cat","embeddable":true,"href":"https:\/\/insize.com.tr\/en\/wp-json\/wp\/v2\/product_cat?post=6726"},{"taxonomy":"product_tag","embeddable":true,"href":"https:\/\/insize.com.tr\/en\/wp-json\/wp\/v2\/product_tag?post=6726"}],"curies":[{"name":"wp","href":"https:\/\/api.w.org\/{rel}","templated":true}]}}