{"id":6739,"date":"2024-02-15T14:27:59","date_gmt":"2024-02-15T11:27:59","guid":{"rendered":"https:\/\/insize.com.tr\/?post_type=product&#038;p=6739"},"modified":"2026-04-21T10:42:25","modified_gmt":"2026-04-21T07:42:25","slug":"insize-0315-ht164-termohigrometre","status":"publish","type":"product","link":"https:\/\/insize.com.tr\/en\/product\/insize-0315-ht164-termohigrometre\/","title":{"rendered":"Insize 0315-HT164 Termohigrometre"},"content":{"rendered":"","protected":false},"excerpt":{"rendered":"<ul>\n<li dir=\"ltr\" lang=\"tr\">Ger\u00e7ek zamanl\u0131 de\u011fer\/maksimum\/minimum ekran<\/li>\n<li dir=\"ltr\" lang=\"tr\">Birim: \u00b0C\/\u00b0F<\/li>\n<li dir=\"ltr\" lang=\"tr\">Ekran arka \u0131\u015f\u0131\u011f\u0131<\/li>\n<li dir=\"ltr\" lang=\"tr\">Otomatik kapanma<\/li>\n<li dir=\"ltr\" lang=\"tr\">D\u00fc\u015f\u00fck pil ekran\u0131<\/li>\n<li dir=\"ltr\" lang=\"tr\">Aral\u0131k a\u015f\u0131m\u0131 g\u00f6stergesi<\/li>\n<li dir=\"ltr\" lang=\"tr\">Dahili Bluetooth, mobil uygulama dahildir.<\/li>\n<li dir=\"ltr\" lang=\"tr\"><a href=\"https:\/\/insize.com.tr\/wp-content\/uploads\/2026\/02\/0315-HT164.pdf\"><strong>Pdf i\u00e7in t\u0131klay\u0131n\u0131z.<\/strong><\/a><\/li>\n<\/ul>","protected":false},"featured_media":6740,"comment_status":"open","ping_status":"closed","template":"","meta":{"inline_featured_image":false},"product_brand":[],"product_cat":[34,551],"product_tag":[],"class_list":{"0":"post-6739","1":"product","2":"type-product","3":"status-publish","4":"has-post-thumbnail","6":"product_cat-tasinabilir-cihazlar","7":"product_cat-test-cihazlari","9":"first","10":"instock","11":"shipping-taxable","12":"purchasable","13":"product-type-simple"},"_links":{"self":[{"href":"https:\/\/insize.com.tr\/en\/wp-json\/wp\/v2\/product\/6739","targetHints":{"allow":["GET"]}}],"collection":[{"href":"https:\/\/insize.com.tr\/en\/wp-json\/wp\/v2\/product"}],"about":[{"href":"https:\/\/insize.com.tr\/en\/wp-json\/wp\/v2\/types\/product"}],"replies":[{"embeddable":true,"href":"https:\/\/insize.com.tr\/en\/wp-json\/wp\/v2\/comments?post=6739"}],"wp:featuredmedia":[{"embeddable":true,"href":"https:\/\/insize.com.tr\/en\/wp-json\/wp\/v2\/media\/6740"}],"wp:attachment":[{"href":"https:\/\/insize.com.tr\/en\/wp-json\/wp\/v2\/media?parent=6739"}],"wp:term":[{"taxonomy":"product_brand","embeddable":true,"href":"https:\/\/insize.com.tr\/en\/wp-json\/wp\/v2\/product_brand?post=6739"},{"taxonomy":"product_cat","embeddable":true,"href":"https:\/\/insize.com.tr\/en\/wp-json\/wp\/v2\/product_cat?post=6739"},{"taxonomy":"product_tag","embeddable":true,"href":"https:\/\/insize.com.tr\/en\/wp-json\/wp\/v2\/product_tag?post=6739"}],"curies":[{"name":"wp","href":"https:\/\/api.w.org\/{rel}","templated":true}]}}