{"id":6780,"date":"2024-03-12T10:14:10","date_gmt":"2024-03-12T07:14:10","guid":{"rendered":"https:\/\/insize.com.tr\/?post_type=product&#038;p=6780"},"modified":"2026-03-04T14:47:11","modified_gmt":"2026-03-04T11:47:11","slug":"insize-isd-u-2d3d-kompozit-cnc-goruntu-olcum-cihazi","status":"publish","type":"product","link":"https:\/\/insize.com.tr\/en\/product\/insize-isd-u-2d3d-kompozit-cnc-goruntu-olcum-cihazi\/","title":{"rendered":"Insize ISD-U 2D+3D Kompozit Cnc G\u00f6r\u00fcnt\u00fc \u00d6l\u00e7\u00fcm Cihaz\u0131"},"content":{"rendered":"","protected":false},"excerpt":{"rendered":"<ul>\n<li dir=\"ltr\" lang=\"tr\">Motorlu yak\u0131nla\u015ft\u0131rma hedefi<\/li>\n<li dir=\"ltr\" lang=\"tr\">3D \u00e7izimleri i\u00e7e aktarabilir<\/li>\n<li dir=\"ltr\" lang=\"tr\">G\u00f6r\u00fc\u015f \u00f6l\u00e7\u00fcm\u00fc ve prob \u00f6l\u00e7\u00fcm\u00fc ayn\u0131 programda kullan\u0131labilir<\/li>\n<li dir=\"ltr\" lang=\"tr\">Y\u00fcksek h\u0131zl\u0131 hareketlerde hassas konumland\u0131rma performans\u0131yla \u00e7ift yak\u0131n d\u00f6ng\u00fc hareket kontrol\u00fc<\/li>\n<li dir=\"ltr\" lang=\"tr\">Panasonic servo kontrol motoru<\/li>\n<li dir=\"ltr\" lang=\"tr\">40 ba\u011f\u0131ms\u0131z y\u00fczey \u0131\u015f\u0131k kayna\u011f\u0131, 200 ad\u0131ml\u0131 ayar<\/li>\n<li dir=\"ltr\" lang=\"tr\">X, Y, Z eksenleri i\u00e7in servo motorlar<\/li>\n<li dir=\"ltr\" lang=\"tr\"><a href=\"https:\/\/insize.com.tr\/wp-content\/uploads\/2026\/02\/ISD-U.pdf\"><strong>Pdf i\u00e7in t\u0131klay\u0131n\u0131z.<\/strong><\/a><\/li>\n<\/ul>","protected":false},"featured_media":6781,"comment_status":"open","ping_status":"closed","template":"","meta":{"inline_featured_image":false},"product_brand":[],"product_cat":[31,551],"product_tag":[],"class_list":{"0":"post-6780","1":"product","2":"type-product","3":"status-publish","4":"has-post-thumbnail","6":"product_cat-goruntu-olcum-sistemleri","7":"product_cat-test-cihazlari","9":"first","10":"instock","11":"shipping-taxable","12":"purchasable","13":"product-type-simple"},"_links":{"self":[{"href":"https:\/\/insize.com.tr\/en\/wp-json\/wp\/v2\/product\/6780","targetHints":{"allow":["GET"]}}],"collection":[{"href":"https:\/\/insize.com.tr\/en\/wp-json\/wp\/v2\/product"}],"about":[{"href":"https:\/\/insize.com.tr\/en\/wp-json\/wp\/v2\/types\/product"}],"replies":[{"embeddable":true,"href":"https:\/\/insize.com.tr\/en\/wp-json\/wp\/v2\/comments?post=6780"}],"wp:featuredmedia":[{"embeddable":true,"href":"https:\/\/insize.com.tr\/en\/wp-json\/wp\/v2\/media\/6781"}],"wp:attachment":[{"href":"https:\/\/insize.com.tr\/en\/wp-json\/wp\/v2\/media?parent=6780"}],"wp:term":[{"taxonomy":"product_brand","embeddable":true,"href":"https:\/\/insize.com.tr\/en\/wp-json\/wp\/v2\/product_brand?post=6780"},{"taxonomy":"product_cat","embeddable":true,"href":"https:\/\/insize.com.tr\/en\/wp-json\/wp\/v2\/product_cat?post=6780"},{"taxonomy":"product_tag","embeddable":true,"href":"https:\/\/insize.com.tr\/en\/wp-json\/wp\/v2\/product_tag?post=6780"}],"curies":[{"name":"wp","href":"https:\/\/api.w.org\/{rel}","templated":true}]}}