{"id":6796,"date":"2024-03-21T09:48:09","date_gmt":"2024-03-21T06:48:09","guid":{"rendered":"https:\/\/insize.com.tr\/?post_type=product&#038;p=6796"},"modified":"2026-03-04T14:47:12","modified_gmt":"2026-03-04T11:47:12","slug":"insize-ist-3sd-bluetooth-dijital-tork-anahtari-veri-aktarimi","status":"publish","type":"product","link":"https:\/\/insize.com.tr\/en\/product\/insize-ist-3sd-bluetooth-dijital-tork-anahtari-veri-aktarimi\/","title":{"rendered":"Insize IST-3SD Bluetooth Dijital Tork Anahtar\u0131 (Veri Aktar\u0131m\u0131 )"},"content":{"rendered":"<ul>\n<li dir=\"ltr\" lang=\"tr\">Hedef tork de\u011feri sesli ve g\u00f6rsel alarmla ayarlanabilir: Hedef tork belirlendi\u011finde ye\u015fil LED yanar ve sesli uyar\u0131 duyulur de\u011fer hedef torkun %90~%100\u2019\u00fcd\u00fcr<\/li>\n<li dir=\"ltr\" lang=\"tr\">Hedef belirlendi\u011finde k\u0131rm\u0131z\u0131 ve ye\u015fil LED yanar ve sesli uyar\u0131 duyuldu\u011funda tork de\u011ferine ula\u015f\u0131l\u0131r.<\/li>\n<\/ul>","protected":false},"excerpt":{"rendered":"<ul>\n<li dir=\"ltr\" lang=\"tr\">Saat y\u00f6n\u00fcnde ve saat y\u00f6n\u00fcn\u00fcn tersine \u00e7al\u0131\u015fma<\/li>\n<li dir=\"ltr\" lang=\"tr\">Birim: cN.m, in\u00e7.lb, kg.cm<\/li>\n<li dir=\"ltr\" lang=\"tr\">Zirve ve takip \u00e7al\u0131\u015fma modlar\u0131<\/li>\n<li dir=\"ltr\" lang=\"tr\">Otomatik kapanma<\/li>\n<li dir=\"ltr\" lang=\"tr\">Bilgisayarlara ba\u011flanabilen dahili Bluetooth mod\u00fcl\u00fc<\/li>\n<li dir=\"ltr\" lang=\"tr\">(Bluetooth fonksiyonlu), cep telefonlar\u0131, tabletler ve di\u011fer cihazlara veri aktar\u0131m\u0131,<\/li>\n<li dir=\"ltr\" lang=\"tr\">Veriler Excel\u2019e iletilebilir.<\/li>\n<li dir=\"ltr\" lang=\"tr\"><a href=\"https:\/\/insize.com.tr\/wp-content\/uploads\/2026\/02\/IST-3SD.pdf\"><strong>Pdf i\u00e7in t\u0131klay\u0131n\u0131z.<\/strong><\/a><\/li>\n<li><a href=\"https:\/\/insize.com.tr\/wp-content\/uploads\/2026\/03\/IST-DW-SERIES-E-V1.pdf\"><strong>Kullan\u0131m K\u0131lavuzu<\/strong><\/a><\/li>\n<\/ul>","protected":false},"featured_media":6797,"comment_status":"open","ping_status":"closed","template":"","meta":{"inline_featured_image":false},"product_brand":[],"product_cat":[35],"product_tag":[],"class_list":{"0":"post-6796","1":"product","2":"type-product","3":"status-publish","4":"has-post-thumbnail","6":"product_cat-tork-test-cihazi-ve-tork-anahtari","8":"first","9":"instock","10":"shipping-taxable","11":"purchasable","12":"product-type-simple"},"_links":{"self":[{"href":"https:\/\/insize.com.tr\/en\/wp-json\/wp\/v2\/product\/6796","targetHints":{"allow":["GET"]}}],"collection":[{"href":"https:\/\/insize.com.tr\/en\/wp-json\/wp\/v2\/product"}],"about":[{"href":"https:\/\/insize.com.tr\/en\/wp-json\/wp\/v2\/types\/product"}],"replies":[{"embeddable":true,"href":"https:\/\/insize.com.tr\/en\/wp-json\/wp\/v2\/comments?post=6796"}],"wp:featuredmedia":[{"embeddable":true,"href":"https:\/\/insize.com.tr\/en\/wp-json\/wp\/v2\/media\/6797"}],"wp:attachment":[{"href":"https:\/\/insize.com.tr\/en\/wp-json\/wp\/v2\/media?parent=6796"}],"wp:term":[{"taxonomy":"product_brand","embeddable":true,"href":"https:\/\/insize.com.tr\/en\/wp-json\/wp\/v2\/product_brand?post=6796"},{"taxonomy":"product_cat","embeddable":true,"href":"https:\/\/insize.com.tr\/en\/wp-json\/wp\/v2\/product_cat?post=6796"},{"taxonomy":"product_tag","embeddable":true,"href":"https:\/\/insize.com.tr\/en\/wp-json\/wp\/v2\/product_tag?post=6796"}],"curies":[{"name":"wp","href":"https:\/\/api.w.org\/{rel}","templated":true}]}}