{"id":6814,"date":"2024-04-04T13:55:10","date_gmt":"2024-04-04T10:55:10","guid":{"rendered":"https:\/\/insize.com.tr\/?post_type=product&#038;p=6814"},"modified":"2026-04-21T16:35:38","modified_gmt":"2026-04-21T13:35:38","slug":"insize-hhl-r240-el-tipi-raman-spektrometresi","status":"publish","type":"product","link":"https:\/\/insize.com.tr\/en\/product\/insize-hhl-r240-el-tipi-raman-spektrometresi\/","title":{"rendered":"Insize HHL-R240 El Tipi Raman Spektrometresi"},"content":{"rendered":"","protected":false},"excerpt":{"rendered":"<ul>\n<li dir=\"ltr\" lang=\"tr\">Tek dokunu\u015fla i\u015flem, tahribats\u0131z, h\u0131zl\u0131 tespit ve tan\u0131mlama<\/li>\n<li dir=\"ltr\" lang=\"tr\">20.000\u2019e kadar maddeden olu\u015fan yerle\u015fik standart spektral kitapl\u0131\u011fa sahip profesyonel Raman spektral tan\u0131ma algoritmas\u0131,<\/li>\n<li dir=\"ltr\" lang=\"tr\">5,5\u2033 y\u00fcksek \u00e7\u00f6z\u00fcn\u00fcrl\u00fckl\u00fc ekran,<\/li>\n<li dir=\"ltr\" lang=\"tr\">Sahada kan\u0131t foto\u011fraflar\u0131 \u00e7eken 13 mega art\u0131 8 mega \u00e7ift kamera<\/li>\n<li dir=\"ltr\" lang=\"tr\">Ana bilgisayar deste\u011fi WIFI, Bluetooth i\u015flevi, test sonu\u00e7lar\u0131 PDF raporlar\u0131n\u0131 d\u0131\u015fa aktarmay\u0131 destekler.<\/li>\n<li dir=\"ltr\" lang=\"tr\">Ultra hafif, tek elle kullan\u0131ma uygun, ta\u015f\u0131mas\u0131 kolay, dahili lityum pil,<\/li>\n<li dir=\"ltr\" lang=\"tr\">4-6 saat uzun pil \u00f6mr\u00fc<\/li>\n<li dir=\"ltr\" lang=\"tr\"><a href=\"https:\/\/insize.com.tr\/wp-content\/uploads\/2026\/02\/HHL-R240.pdf\"><strong>Pdf i\u00e7in t\u0131klay\u0131n\u0131z.<\/strong><\/a><\/li>\n<\/ul>","protected":false},"featured_media":6815,"comment_status":"open","ping_status":"closed","template":"","meta":{"inline_featured_image":false},"product_brand":[],"product_cat":[34,551],"product_tag":[],"class_list":{"0":"post-6814","1":"product","2":"type-product","3":"status-publish","4":"has-post-thumbnail","6":"product_cat-tasinabilir-cihazlar","7":"product_cat-test-cihazlari","9":"first","10":"instock","11":"shipping-taxable","12":"purchasable","13":"product-type-simple"},"_links":{"self":[{"href":"https:\/\/insize.com.tr\/en\/wp-json\/wp\/v2\/product\/6814","targetHints":{"allow":["GET"]}}],"collection":[{"href":"https:\/\/insize.com.tr\/en\/wp-json\/wp\/v2\/product"}],"about":[{"href":"https:\/\/insize.com.tr\/en\/wp-json\/wp\/v2\/types\/product"}],"replies":[{"embeddable":true,"href":"https:\/\/insize.com.tr\/en\/wp-json\/wp\/v2\/comments?post=6814"}],"wp:featuredmedia":[{"embeddable":true,"href":"https:\/\/insize.com.tr\/en\/wp-json\/wp\/v2\/media\/6815"}],"wp:attachment":[{"href":"https:\/\/insize.com.tr\/en\/wp-json\/wp\/v2\/media?parent=6814"}],"wp:term":[{"taxonomy":"product_brand","embeddable":true,"href":"https:\/\/insize.com.tr\/en\/wp-json\/wp\/v2\/product_brand?post=6814"},{"taxonomy":"product_cat","embeddable":true,"href":"https:\/\/insize.com.tr\/en\/wp-json\/wp\/v2\/product_cat?post=6814"},{"taxonomy":"product_tag","embeddable":true,"href":"https:\/\/insize.com.tr\/en\/wp-json\/wp\/v2\/product_tag?post=6814"}],"curies":[{"name":"wp","href":"https:\/\/api.w.org\/{rel}","templated":true}]}}