{"id":6940,"date":"2024-10-24T11:24:23","date_gmt":"2024-10-24T08:24:23","guid":{"rendered":"https:\/\/insize.com.tr\/?post_type=product&#038;p=6940"},"modified":"2026-04-21T09:44:06","modified_gmt":"2026-04-21T06:44:06","slug":"insize-utm-tt-elektronik-burulma-torsion-test-cihazi","status":"publish","type":"product","link":"https:\/\/insize.com.tr\/en\/product\/insize-utm-tt-elektronik-burulma-torsion-test-cihazi\/","title":{"rendered":"Insize UTM-TT Elektronik Burulma Torsion Test Cihaz\u0131"},"content":{"rendered":"","protected":false},"excerpt":{"rendered":"<ul>\n<li dir=\"ltr\" lang=\"tr\">Metalik ve metal olmayan malzemelerin, kompozit malzemelerin ve bile\u015fenlerin burulma testleri i\u00e7in uygundur.<\/li>\n<li dir=\"ltr\" lang=\"tr\">Sabit burulma h\u0131z\u0131 i\u00e7in servo motor tahriki.<\/li>\n<li dir=\"ltr\" lang=\"tr\">Y\u00fcksek verimlilik ve \u015fanz\u0131man\u0131n d\u00fczg\u00fcnl\u00fc\u011f\u00fc i\u00e7in sikloid red\u00fckt\u00f6r tahriki.<\/li>\n<li dir=\"ltr\" lang=\"tr\">Y\u00fcksek stabilite, d\u00fczg\u00fcn ve g\u00fcvenilir \u00e7al\u0131\u015fma, h\u0131zl\u0131 tepki ve d\u00fc\u015f\u00fck g\u00fcr\u00fclt\u00fc i\u00e7in elektrik kontrol sistemi.<\/li>\n<li dir=\"ltr\" lang=\"tr\">Ekipman\u0131n e\u015f eksenlili\u011fi ve paralelli\u011fi i\u00e7in y\u00fcksek hassasiyetli do\u011frusal k\u0131lavuz.<\/li>\n<li dir=\"ltr\" lang=\"tr\">Otomatik tork ve burulma a\u00e7\u0131s\u0131 izleme \u00f6l\u00e7\u00fcm\u00fc.<\/li>\n<li dir=\"ltr\" lang=\"tr\">Y\u00fck oran\u0131 g\u00f6stergesi, tepe tutma, vb.<\/li>\n<li dir=\"ltr\" lang=\"tr\">Verimli ve profesyonel kontrol yaz\u0131l\u0131m\u0131<\/li>\n<li dir=\"ltr\" lang=\"tr\">G\u00fc\u00e7l\u00fc veri ve e\u011fri analizi<\/li>\n<li dir=\"ltr\" lang=\"tr\">Bilgisayar ve yaz\u0131l\u0131m (dahil)<\/li>\n<li dir=\"ltr\" lang=\"tr\"><a href=\"https:\/\/insize.com.tr\/wp-content\/uploads\/2026\/02\/UTM-TT.pdf\"><strong>Pdf i\u00e7in t\u0131klay\u0131n\u0131z.<\/strong><\/a><\/li>\n<li><a href=\"https:\/\/insize.com.tr\/wp-content\/uploads\/2026\/03\/UTM-Z-SERIES-E-V0.pdf\"><strong>Kullan\u0131m K\u0131lavuzu<\/strong><\/a><\/li>\n<\/ul>","protected":false},"featured_media":6941,"comment_status":"open","ping_status":"closed","template":"","meta":{"inline_featured_image":false},"product_brand":[],"product_cat":[41,551],"product_tag":[],"class_list":{"0":"post-6940","1":"product","2":"type-product","3":"status-publish","4":"has-post-thumbnail","6":"product_cat-mukavemet-ve-evrensel-test-cihazlari","7":"product_cat-test-cihazlari","9":"first","10":"instock","11":"shipping-taxable","12":"purchasable","13":"product-type-simple"},"_links":{"self":[{"href":"https:\/\/insize.com.tr\/en\/wp-json\/wp\/v2\/product\/6940","targetHints":{"allow":["GET"]}}],"collection":[{"href":"https:\/\/insize.com.tr\/en\/wp-json\/wp\/v2\/product"}],"about":[{"href":"https:\/\/insize.com.tr\/en\/wp-json\/wp\/v2\/types\/product"}],"replies":[{"embeddable":true,"href":"https:\/\/insize.com.tr\/en\/wp-json\/wp\/v2\/comments?post=6940"}],"wp:featuredmedia":[{"embeddable":true,"href":"https:\/\/insize.com.tr\/en\/wp-json\/wp\/v2\/media\/6941"}],"wp:attachment":[{"href":"https:\/\/insize.com.tr\/en\/wp-json\/wp\/v2\/media?parent=6940"}],"wp:term":[{"taxonomy":"product_brand","embeddable":true,"href":"https:\/\/insize.com.tr\/en\/wp-json\/wp\/v2\/product_brand?post=6940"},{"taxonomy":"product_cat","embeddable":true,"href":"https:\/\/insize.com.tr\/en\/wp-json\/wp\/v2\/product_cat?post=6940"},{"taxonomy":"product_tag","embeddable":true,"href":"https:\/\/insize.com.tr\/en\/wp-json\/wp\/v2\/product_tag?post=6940"}],"curies":[{"name":"wp","href":"https:\/\/api.w.org\/{rel}","templated":true}]}}