{"id":6967,"date":"2025-02-10T09:40:42","date_gmt":"2025-02-10T06:40:42","guid":{"rendered":"https:\/\/insize.com.tr\/?post_type=product&#038;p=6967"},"modified":"2026-04-20T17:16:55","modified_gmt":"2026-04-20T14:16:55","slug":"insize-9646-ultrasonik-sertlik-olcme-cihazi","status":"publish","type":"product","link":"https:\/\/insize.com.tr\/en\/product\/insize-9646-ultrasonik-sertlik-olcme-cihazi\/","title":{"rendered":"Insize 9646 Ultrasonik Sertlik \u00d6l\u00e7me Cihaz\u0131"},"content":{"rendered":"","protected":false},"excerpt":{"rendered":"<ul>\n<li>K\u00fc\u00e7\u00fck boyutlu, hafif, ta\u015f\u0131nabilir, \u00e7evrimi\u00e7i \u00f6l\u00e7\u00fcm i\u00e7in uygundur ve b\u00fcy\u00fck i\u015f par\u00e7alar\u0131n\u0131 \u00f6l\u00e7mek i\u00e7in kullan\u0131labilir.<\/li>\n<li style=\"text-align: left;\">360\u00b0 \u00f6l\u00e7\u00fcm\u00fc destekler, h\u0131zl\u0131 test h\u0131z\u0131, 1 saniyede en h\u0131zl\u0131 sonu\u00e7lar<\/li>\n<li style=\"text-align: left;\">Standart Vickers girintisi, k\u00fc\u00e7\u00fck test girintisi ve i\u015f par\u00e7as\u0131nda d\u00fc\u015f\u00fck hasar<\/li>\n<li style=\"text-align: left;\">100 \u00f6l\u00e7\u00fcm veri seti ve 10 kalibrasyon veri seti saklanabilir<\/li>\n<li style=\"text-align: left;\">B\u00fcy\u00fck ekran, do\u011frudan mevcut \u00f6l\u00e7\u00fclen de\u011feri, maksimum de\u011feri, minimum de\u011feri, ortalama de\u011feri ve birim d\u00f6n\u00fc\u015ft\u00fcrme de\u011ferini g\u00f6sterir<\/li>\n<li style=\"text-align: left;\">Belirtilmemi\u015f d\u00f6n\u00fc\u015f\u00fcm tablolar\u0131 ve bilinmeyen malzemeler i\u00e7in, d\u00f6n\u00fc\u015f\u00fcm tablolar\u0131ndan kaynaklanan sistematik hatalar\u0131 ortadan kald\u0131rmak i\u00e7in se\u00e7ebilece\u011finiz herhangi bir sertlik \u00f6l\u00e7e\u011finde \u00e7ok noktal\u0131 kalibrasyon<\/li>\n<li style=\"text-align: left;\"> DIN 50159, ASTM A1038 standartlar\u0131na g\u00f6re<\/li>\n<li><a href=\"https:\/\/insize.com.tr\/wp-content\/uploads\/2026\/02\/9646.pdf\"><strong>PDF i\u00e7in t\u0131klay\u0131n\u0131z.<\/strong><\/a><\/li>\n<li><a href=\"https:\/\/insize.com.tr\/wp-content\/uploads\/2026\/03\/9646-300-E-V0.pdf\"><strong>Kullan\u0131m K\u0131lavuzu<\/strong><\/a><\/li>\n<\/ul>","protected":false},"featured_media":6968,"comment_status":"open","ping_status":"closed","template":"","meta":{"inline_featured_image":false},"product_brand":[],"product_cat":[32],"product_tag":[],"class_list":{"0":"post-6967","1":"product","2":"type-product","3":"status-publish","4":"has-post-thumbnail","6":"product_cat-sertlik-olcum-cihazlari","8":"first","9":"instock","10":"shipping-taxable","11":"purchasable","12":"product-type-simple"},"_links":{"self":[{"href":"https:\/\/insize.com.tr\/en\/wp-json\/wp\/v2\/product\/6967","targetHints":{"allow":["GET"]}}],"collection":[{"href":"https:\/\/insize.com.tr\/en\/wp-json\/wp\/v2\/product"}],"about":[{"href":"https:\/\/insize.com.tr\/en\/wp-json\/wp\/v2\/types\/product"}],"replies":[{"embeddable":true,"href":"https:\/\/insize.com.tr\/en\/wp-json\/wp\/v2\/comments?post=6967"}],"wp:featuredmedia":[{"embeddable":true,"href":"https:\/\/insize.com.tr\/en\/wp-json\/wp\/v2\/media\/6968"}],"wp:attachment":[{"href":"https:\/\/insize.com.tr\/en\/wp-json\/wp\/v2\/media?parent=6967"}],"wp:term":[{"taxonomy":"product_brand","embeddable":true,"href":"https:\/\/insize.com.tr\/en\/wp-json\/wp\/v2\/product_brand?post=6967"},{"taxonomy":"product_cat","embeddable":true,"href":"https:\/\/insize.com.tr\/en\/wp-json\/wp\/v2\/product_cat?post=6967"},{"taxonomy":"product_tag","embeddable":true,"href":"https:\/\/insize.com.tr\/en\/wp-json\/wp\/v2\/product_tag?post=6967"}],"curies":[{"name":"wp","href":"https:\/\/api.w.org\/{rel}","templated":true}]}}