{"id":6974,"date":"2025-02-10T10:05:36","date_gmt":"2025-02-10T07:05:36","guid":{"rendered":"https:\/\/insize.com.tr\/?post_type=product&#038;p=6974"},"modified":"2026-03-04T14:47:38","modified_gmt":"2026-03-04T11:47:38","slug":"insize-0234-tc850-kizilotesi-termal-goruntuleme-kamerasi","status":"publish","type":"product","link":"https:\/\/insize.com.tr\/en\/product\/insize-0234-tc850-kizilotesi-termal-goruntuleme-kamerasi\/","title":{"rendered":"Insize 0234-TC850 K\u0131z\u0131l\u00f6tesi Termal G\u00f6r\u00fcnt\u00fcleme Kameras\u0131"},"content":{"rendered":"","protected":false},"excerpt":{"rendered":"<ul>\n<li>\u00a0Elektrik enerjisi, petrol ve petrokimya, \u0131s\u0131tma havaland\u0131rma ve iklimlendirme, elektronik bilgi vb. i\u00e7in uygundur.<\/li>\n<li>\u00a04 g\u00f6r\u00fcnt\u00fc modu: IR, VL, MIF ve PIP<\/li>\n<li>Yaz\u0131l\u0131m dahildir: dosya y\u00f6netimi, termal g\u00f6r\u00fcnt\u00fc analizi, video analizi, rapor d\u00fczenleme vb. deste\u011fi.<\/li>\n<li>\u00a0Mobil uygulama dahildir: ger\u00e7ek zamanl\u0131 veri ve video iletimini destekler.<\/li>\n<li><a href=\"https:\/\/insize.com.tr\/wp-content\/uploads\/2026\/02\/0234-TC850.pdf\"><strong>PDF i\u00e7in t\u0131klay\u0131n\u0131z.<\/strong><\/a><\/li>\n<\/ul>","protected":false},"featured_media":6976,"comment_status":"open","ping_status":"closed","template":"","meta":{"inline_featured_image":false},"product_brand":[],"product_cat":[31,34,56],"product_tag":[],"class_list":{"0":"post-6974","1":"product","2":"type-product","3":"status-publish","4":"has-post-thumbnail","6":"product_cat-goruntu-olcum-sistemleri","7":"product_cat-tasinabilir-cihazlar","8":"product_cat-sicaklik-ve-nem-olcer","10":"first","11":"instock","12":"shipping-taxable","13":"purchasable","14":"product-type-simple"},"_links":{"self":[{"href":"https:\/\/insize.com.tr\/en\/wp-json\/wp\/v2\/product\/6974","targetHints":{"allow":["GET"]}}],"collection":[{"href":"https:\/\/insize.com.tr\/en\/wp-json\/wp\/v2\/product"}],"about":[{"href":"https:\/\/insize.com.tr\/en\/wp-json\/wp\/v2\/types\/product"}],"replies":[{"embeddable":true,"href":"https:\/\/insize.com.tr\/en\/wp-json\/wp\/v2\/comments?post=6974"}],"wp:featuredmedia":[{"embeddable":true,"href":"https:\/\/insize.com.tr\/en\/wp-json\/wp\/v2\/media\/6976"}],"wp:attachment":[{"href":"https:\/\/insize.com.tr\/en\/wp-json\/wp\/v2\/media?parent=6974"}],"wp:term":[{"taxonomy":"product_brand","embeddable":true,"href":"https:\/\/insize.com.tr\/en\/wp-json\/wp\/v2\/product_brand?post=6974"},{"taxonomy":"product_cat","embeddable":true,"href":"https:\/\/insize.com.tr\/en\/wp-json\/wp\/v2\/product_cat?post=6974"},{"taxonomy":"product_tag","embeddable":true,"href":"https:\/\/insize.com.tr\/en\/wp-json\/wp\/v2\/product_tag?post=6974"}],"curies":[{"name":"wp","href":"https:\/\/api.w.org\/{rel}","templated":true}]}}