{"id":6981,"date":"2025-02-10T10:41:24","date_gmt":"2025-02-10T07:41:24","guid":{"rendered":"https:\/\/insize.com.tr\/?post_type=product&#038;p=6981"},"modified":"2026-04-21T08:22:16","modified_gmt":"2026-04-21T05:22:16","slug":"insize-0435-hz11-cevrimici-ph-olcer","status":"publish","type":"product","link":"https:\/\/insize.com.tr\/en\/product\/insize-0435-hz11-cevrimici-ph-olcer\/","title":{"rendered":"Insize 0435-HZ11 \u00c7evrimi\u00e7i PH \u00d6l\u00e7er"},"content":{"rendered":"","protected":false},"excerpt":{"rendered":"<ul>\n<li>Kimya sanayi, petrol rafinasyonu, metalurji, eczac\u0131l\u0131k, enerji santrali ve \u00e7evre koruma vb. alanlarda su kalitesinin izlenmesi i\u00e7in uygundur.<\/li>\n<li>pH, ORP ve s\u0131cakl\u0131k \u00f6l\u00e7\u00fcmlerini ayn\u0131 anda yapar<\/li>\n<li>Otomatik e\u011fim hesaplamas\u0131 ve s\u0131cakl\u0131k telafisi<\/li>\n<li>4.00, 6.86, 9.18 standart \u00e7\u00f6z\u00fcmlerini otomatik olarak tan\u0131r<\/li>\n<li>Elektrik kesintisi veri korumas\u0131 ile<\/li>\n<li>Kolay kurulum ve kullan\u0131m i\u00e7in tepsiye monte veya duvara monte<\/li>\n<li>\u00dcst ve alt limit alarmlar\u0131 ayarlanabilir<\/li>\n<li>Koruma seviyesi: IP65<\/li>\n<li><a href=\"https:\/\/insize.com.tr\/wp-content\/uploads\/2026\/02\/0435-HZ11.pdf\"><strong>PDF i\u00e7in t\u0131klay\u0131n\u0131z.<\/strong><\/a><\/li>\n<\/ul>","protected":false},"featured_media":6983,"comment_status":"open","ping_status":"closed","template":"","meta":{"inline_featured_image":false},"product_brand":[],"product_cat":[542,546,34,56],"product_tag":[],"class_list":{"0":"post-6981","1":"product","2":"type-product","3":"status-publish","4":"has-post-thumbnail","6":"product_cat-diger-olcum-ve-test-cihazlari","7":"product_cat-malzeme-analiz-cihazlari","8":"product_cat-tasinabilir-cihazlar","9":"product_cat-sicaklik-ve-nem-olcer","11":"first","12":"instock","13":"shipping-taxable","14":"purchasable","15":"product-type-simple"},"_links":{"self":[{"href":"https:\/\/insize.com.tr\/en\/wp-json\/wp\/v2\/product\/6981","targetHints":{"allow":["GET"]}}],"collection":[{"href":"https:\/\/insize.com.tr\/en\/wp-json\/wp\/v2\/product"}],"about":[{"href":"https:\/\/insize.com.tr\/en\/wp-json\/wp\/v2\/types\/product"}],"replies":[{"embeddable":true,"href":"https:\/\/insize.com.tr\/en\/wp-json\/wp\/v2\/comments?post=6981"}],"wp:featuredmedia":[{"embeddable":true,"href":"https:\/\/insize.com.tr\/en\/wp-json\/wp\/v2\/media\/6983"}],"wp:attachment":[{"href":"https:\/\/insize.com.tr\/en\/wp-json\/wp\/v2\/media?parent=6981"}],"wp:term":[{"taxonomy":"product_brand","embeddable":true,"href":"https:\/\/insize.com.tr\/en\/wp-json\/wp\/v2\/product_brand?post=6981"},{"taxonomy":"product_cat","embeddable":true,"href":"https:\/\/insize.com.tr\/en\/wp-json\/wp\/v2\/product_cat?post=6981"},{"taxonomy":"product_tag","embeddable":true,"href":"https:\/\/insize.com.tr\/en\/wp-json\/wp\/v2\/product_tag?post=6981"}],"curies":[{"name":"wp","href":"https:\/\/api.w.org\/{rel}","templated":true}]}}