{"id":6990,"date":"2025-02-10T15:00:52","date_gmt":"2025-02-10T12:00:52","guid":{"rendered":"https:\/\/insize.com.tr\/?post_type=product&#038;p=6990"},"modified":"2026-04-21T10:42:25","modified_gmt":"2026-04-21T07:42:25","slug":"insize-xrf-b210-kaplama-kalinligi-cihazi-rohs-analizoru-alasim-analizoru","status":"publish","type":"product","link":"https:\/\/insize.com.tr\/en\/product\/insize-xrf-b210-kaplama-kalinligi-cihazi-rohs-analizoru-alasim-analizoru\/","title":{"rendered":"Insize XRF-B210  Kaplama Kal\u0131nl\u0131\u011f\u0131 Cihaz\u0131 \/ RoHS Analiz\u00f6r\u00fc \/ Ala\u015f\u0131m Analiz\u00f6r\u00fc"},"content":{"rendered":"","protected":false},"excerpt":{"rendered":"<ul>\n<li style=\"text-align: left;\">RoHS tespiti, ala\u015f\u0131m analizi, kaplama i\u00e7in kullan\u0131l\u0131r.<\/li>\n<li style=\"text-align: left;\">Elektronik so\u011futmal\u0131, k\u00fc\u00e7\u00fck boyutlu, do\u011fru veri analizi ve d\u00fc\u015f\u00fck bak\u0131m maliyetli Si-PIN dedekt\u00f6r\u00fc kullan\u0131m\u0131<\/li>\n<li style=\"text-align: left;\">Yedi optik yol d\u00fczeltme ve kolimasyon sistemi, farkl\u0131 \u00f6rneklere g\u00f6re otomatik olarak ge\u00e7i\u015f yapar.<\/li>\n<li style=\"text-align: left;\">\u00c7oklu radyasyon s\u0131z\u0131nt\u0131s\u0131 \u00f6nleme tasar\u0131m\u0131<\/li>\n<li style=\"text-align: left;\">S\u0131cakl\u0131k izleme teknolojisi, X-\u0131\u015f\u0131n\u0131 kayna\u011f\u0131n\u0131n g\u00fcvenli ve g\u00fcvenilir bir \u015fekilde \u00e7al\u0131\u015fmas\u0131n\u0131 sa\u011flar.<\/li>\n<li style=\"text-align: left;\">\u00d6zel yaz\u0131l\u0131m, standart pencere tasar\u0131m\u0131, kullan\u0131c\u0131 dostu aray\u00fcz, kullan\u0131m\u0131 kolay<\/li>\n<li style=\"text-align: left;\">Ayn\u0131 anda birden fazla spektrogram g\u00f6r\u00fcnt\u00fclenebilir ve birden fazla rapor formu yazd\u0131r\u0131labilir<\/li>\n<li style=\"text-align: left;\">Do\u011fru, y\u00fcksek h\u0131zl\u0131 ve verimli veri iletimi sa\u011flamak i\u00e7in USB3.0 aray\u00fcz\u00fc<\/li>\n<li><a href=\"https:\/\/insize.com.tr\/wp-content\/uploads\/2026\/02\/XRF-B210.pdf\"><strong>PDF i\u00e7in t\u0131klay\u0131n\u0131z.<\/strong><\/a><\/li>\n<li><a href=\"https:\/\/insize.com.tr\/wp-content\/uploads\/2026\/03\/XRF-B210-E-V1.pdf\"><strong>Kullan\u0131m K\u0131lavuzu<\/strong><\/a><\/li>\n<\/ul>","protected":false},"featured_media":6991,"comment_status":"open","ping_status":"closed","template":"","meta":{"inline_featured_image":false},"product_brand":[],"product_cat":[544],"product_tag":[],"class_list":{"0":"post-6990","1":"product","2":"type-product","3":"status-publish","4":"has-post-thumbnail","6":"product_cat-kaplama-denetimi","8":"first","9":"instock","10":"shipping-taxable","11":"purchasable","12":"product-type-simple"},"_links":{"self":[{"href":"https:\/\/insize.com.tr\/en\/wp-json\/wp\/v2\/product\/6990","targetHints":{"allow":["GET"]}}],"collection":[{"href":"https:\/\/insize.com.tr\/en\/wp-json\/wp\/v2\/product"}],"about":[{"href":"https:\/\/insize.com.tr\/en\/wp-json\/wp\/v2\/types\/product"}],"replies":[{"embeddable":true,"href":"https:\/\/insize.com.tr\/en\/wp-json\/wp\/v2\/comments?post=6990"}],"wp:featuredmedia":[{"embeddable":true,"href":"https:\/\/insize.com.tr\/en\/wp-json\/wp\/v2\/media\/6991"}],"wp:attachment":[{"href":"https:\/\/insize.com.tr\/en\/wp-json\/wp\/v2\/media?parent=6990"}],"wp:term":[{"taxonomy":"product_brand","embeddable":true,"href":"https:\/\/insize.com.tr\/en\/wp-json\/wp\/v2\/product_brand?post=6990"},{"taxonomy":"product_cat","embeddable":true,"href":"https:\/\/insize.com.tr\/en\/wp-json\/wp\/v2\/product_cat?post=6990"},{"taxonomy":"product_tag","embeddable":true,"href":"https:\/\/insize.com.tr\/en\/wp-json\/wp\/v2\/product_tag?post=6990"}],"curies":[{"name":"wp","href":"https:\/\/api.w.org\/{rel}","templated":true}]}}