{"id":7028,"date":"2025-02-12T11:51:10","date_gmt":"2025-02-12T08:51:10","guid":{"rendered":"https:\/\/insize.com.tr\/?post_type=product&#038;p=7028"},"modified":"2026-03-04T14:47:52","modified_gmt":"2026-03-04T11:47:52","slug":"insize-0317-sicaklik-ve-nem-icin-mini-data-logger-dahili-sensor","status":"publish","type":"product","link":"https:\/\/insize.com.tr\/en\/product\/insize-0317-sicaklik-ve-nem-icin-mini-data-logger-dahili-sensor\/","title":{"rendered":"Insize 0317 S\u0131cakl\u0131k ve Nem \u0130\u00e7in Mini Data Logger (Dahili Sens\u00f6r)"},"content":{"rendered":"","protected":false},"excerpt":{"rendered":"<ul>\n<li>Dahili y\u00fcksek hassasiyetli sens\u00f6r<\/li>\n<li>Uzun vadeli kay\u0131t i\u00e7in 15000 bellek<\/li>\n<li>Birim: \u00b0C\/\u00b0F<\/li>\n<li>Ekran arka \u0131\u015f\u0131\u011f\u0131<\/li>\n<li>Aral\u0131k a\u015f\u0131m\u0131 g\u00f6stergesi<\/li>\n<li>Pil seviyesi g\u00f6stergesi<\/li>\n<li>Bilgisayar yaz\u0131l\u0131m\u0131 dahildir<\/li>\n<li><a href=\"https:\/\/insize.com.tr\/wp-content\/uploads\/2026\/02\/0317.pdf\"><strong>PDF i\u00e7in t\u0131klay\u0131n\u0131z.<\/strong><\/a><\/li>\n<\/ul>","protected":false},"featured_media":7030,"comment_status":"open","ping_status":"closed","template":"","meta":{"inline_featured_image":false},"product_brand":[],"product_cat":[31,56,551],"product_tag":[],"class_list":{"0":"post-7028","1":"product","2":"type-product","3":"status-publish","4":"has-post-thumbnail","6":"product_cat-goruntu-olcum-sistemleri","7":"product_cat-sicaklik-ve-nem-olcer","8":"product_cat-test-cihazlari","10":"first","11":"instock","12":"shipping-taxable","13":"purchasable","14":"product-type-simple"},"_links":{"self":[{"href":"https:\/\/insize.com.tr\/en\/wp-json\/wp\/v2\/product\/7028","targetHints":{"allow":["GET"]}}],"collection":[{"href":"https:\/\/insize.com.tr\/en\/wp-json\/wp\/v2\/product"}],"about":[{"href":"https:\/\/insize.com.tr\/en\/wp-json\/wp\/v2\/types\/product"}],"replies":[{"embeddable":true,"href":"https:\/\/insize.com.tr\/en\/wp-json\/wp\/v2\/comments?post=7028"}],"wp:featuredmedia":[{"embeddable":true,"href":"https:\/\/insize.com.tr\/en\/wp-json\/wp\/v2\/media\/7030"}],"wp:attachment":[{"href":"https:\/\/insize.com.tr\/en\/wp-json\/wp\/v2\/media?parent=7028"}],"wp:term":[{"taxonomy":"product_brand","embeddable":true,"href":"https:\/\/insize.com.tr\/en\/wp-json\/wp\/v2\/product_brand?post=7028"},{"taxonomy":"product_cat","embeddable":true,"href":"https:\/\/insize.com.tr\/en\/wp-json\/wp\/v2\/product_cat?post=7028"},{"taxonomy":"product_tag","embeddable":true,"href":"https:\/\/insize.com.tr\/en\/wp-json\/wp\/v2\/product_tag?post=7028"}],"curies":[{"name":"wp","href":"https:\/\/api.w.org\/{rel}","templated":true}]}}