{"id":7072,"date":"2025-02-13T12:15:20","date_gmt":"2025-02-13T09:15:20","guid":{"rendered":"https:\/\/insize.com.tr\/?post_type=product&#038;p=7072"},"modified":"2026-03-04T14:48:03","modified_gmt":"2026-03-04T11:48:03","slug":"insize-isp-z-darbe-numune-centik-projektoru","status":"publish","type":"product","link":"https:\/\/insize.com.tr\/en\/product\/insize-isp-z-darbe-numune-centik-projektoru\/","title":{"rendered":"Insize ISP-Z Darbe Numune \u00c7entik Projekt\u00f6r\u00fc"},"content":{"rendered":"","protected":false},"excerpt":{"rendered":"<ul>\n<li>Charpy V \u00e7enti\u011fi (2 mm derinlik) ve U \u00e7enti\u011fi (2 mm derinlik) darbe numunelerinin \u00e7entik kalitesini denetlemek i\u00e7in uygundur<\/li>\n<li>Sezgisel ve etkili kar\u015f\u0131la\u015ft\u0131rma i\u00e7in ekranda toleranslar, a\u00e7\u0131 de\u011ferleri ve derinlik \u00e7izgileri i\u00e7eren standart \u00f6rnek \u00e7izimleri.<\/li>\n<li><a href=\"https:\/\/insize.com.tr\/wp-content\/uploads\/2026\/02\/ISP-Z.pdf\"><strong>PDF i\u00e7in t\u0131klay\u0131n\u0131z.<\/strong><\/a><\/li>\n<li><a href=\"https:\/\/insize.com.tr\/wp-content\/uploads\/2026\/03\/ISP-Z-SERIES-E-V0.pdf\"><strong>Kullan\u0131m K\u0131lavuzu<\/strong><\/a><\/li>\n<\/ul>","protected":false},"featured_media":7074,"comment_status":"open","ping_status":"closed","template":"","meta":{"inline_featured_image":false},"product_brand":[],"product_cat":[31,564],"product_tag":[],"class_list":{"0":"post-7072","1":"product","2":"type-product","3":"status-publish","4":"has-post-thumbnail","6":"product_cat-goruntu-olcum-sistemleri","7":"product_cat-numune-ve-on-hazirlik-cihazlari-test-cihazlari","9":"first","10":"instock","11":"shipping-taxable","12":"purchasable","13":"product-type-simple"},"_links":{"self":[{"href":"https:\/\/insize.com.tr\/en\/wp-json\/wp\/v2\/product\/7072","targetHints":{"allow":["GET"]}}],"collection":[{"href":"https:\/\/insize.com.tr\/en\/wp-json\/wp\/v2\/product"}],"about":[{"href":"https:\/\/insize.com.tr\/en\/wp-json\/wp\/v2\/types\/product"}],"replies":[{"embeddable":true,"href":"https:\/\/insize.com.tr\/en\/wp-json\/wp\/v2\/comments?post=7072"}],"wp:featuredmedia":[{"embeddable":true,"href":"https:\/\/insize.com.tr\/en\/wp-json\/wp\/v2\/media\/7074"}],"wp:attachment":[{"href":"https:\/\/insize.com.tr\/en\/wp-json\/wp\/v2\/media?parent=7072"}],"wp:term":[{"taxonomy":"product_brand","embeddable":true,"href":"https:\/\/insize.com.tr\/en\/wp-json\/wp\/v2\/product_brand?post=7072"},{"taxonomy":"product_cat","embeddable":true,"href":"https:\/\/insize.com.tr\/en\/wp-json\/wp\/v2\/product_cat?post=7072"},{"taxonomy":"product_tag","embeddable":true,"href":"https:\/\/insize.com.tr\/en\/wp-json\/wp\/v2\/product_tag?post=7072"}],"curies":[{"name":"wp","href":"https:\/\/api.w.org\/{rel}","templated":true}]}}