{"id":7102,"date":"2025-02-17T13:36:04","date_gmt":"2025-02-17T10:36:04","guid":{"rendered":"https:\/\/insize.com.tr\/?post_type=product&#038;p=7102"},"modified":"2026-04-21T08:22:17","modified_gmt":"2026-04-21T05:22:17","slug":"insize-7152-lineer-gosterge-direnc-tipi","status":"publish","type":"product","link":"https:\/\/insize.com.tr\/en\/product\/insize-7152-lineer-gosterge-direnc-tipi\/","title":{"rendered":"Insize 7152 Lineer G\u00f6sterge (Diren\u00e7 Tipi)"},"content":{"rendered":"","protected":false},"excerpt":{"rendered":"<ul>\n<li>Do\u011frusal g\u00f6stergeler:<\/li>\n<li> Zorlu ortamlar i\u00e7in<\/li>\n<li>Geri d\u00f6n\u00fc\u015f yay\u0131 ile<\/li>\n<li>Y\u00fcksek \u015fok ve titre\u015fim direnci i\u00e7in her iki u\u00e7ta esnek yataklar<\/li>\n<li>\u00c7\u0131k\u0131\u015f direnci<\/li>\n<li><a href=\"https:\/\/insize.com.tr\/wp-content\/uploads\/2025\/02\/7152.pdf\"><strong>PDF i\u00e7in t\u0131klay\u0131n\u0131z.<\/strong><\/a><\/li>\n<\/ul>","protected":false},"featured_media":7104,"comment_status":"open","ping_status":"closed","template":"","meta":{"inline_featured_image":false},"product_brand":[],"product_cat":[15,42],"product_tag":[],"class_list":{"0":"post-7102","1":"product","2":"type-product","3":"status-publish","4":"has-post-thumbnail","6":"product_cat-yeni-urunler","7":"product_cat-dogrusal-skala","9":"first","10":"instock","11":"shipping-taxable","12":"purchasable","13":"product-type-simple"},"_links":{"self":[{"href":"https:\/\/insize.com.tr\/en\/wp-json\/wp\/v2\/product\/7102","targetHints":{"allow":["GET"]}}],"collection":[{"href":"https:\/\/insize.com.tr\/en\/wp-json\/wp\/v2\/product"}],"about":[{"href":"https:\/\/insize.com.tr\/en\/wp-json\/wp\/v2\/types\/product"}],"replies":[{"embeddable":true,"href":"https:\/\/insize.com.tr\/en\/wp-json\/wp\/v2\/comments?post=7102"}],"wp:featuredmedia":[{"embeddable":true,"href":"https:\/\/insize.com.tr\/en\/wp-json\/wp\/v2\/media\/7104"}],"wp:attachment":[{"href":"https:\/\/insize.com.tr\/en\/wp-json\/wp\/v2\/media?parent=7102"}],"wp:term":[{"taxonomy":"product_brand","embeddable":true,"href":"https:\/\/insize.com.tr\/en\/wp-json\/wp\/v2\/product_brand?post=7102"},{"taxonomy":"product_cat","embeddable":true,"href":"https:\/\/insize.com.tr\/en\/wp-json\/wp\/v2\/product_cat?post=7102"},{"taxonomy":"product_tag","embeddable":true,"href":"https:\/\/insize.com.tr\/en\/wp-json\/wp\/v2\/product_tag?post=7102"}],"curies":[{"name":"wp","href":"https:\/\/api.w.org\/{rel}","templated":true}]}}