{"id":7110,"date":"2025-02-17T14:04:23","date_gmt":"2025-02-17T11:04:23","guid":{"rendered":"https:\/\/insize.com.tr\/?post_type=product&#038;p=7110"},"modified":"2026-04-21T10:42:38","modified_gmt":"2026-04-21T07:42:38","slug":"insize-xrf-fa350-otomatik-kaplama-kalinligi-cihazi","status":"publish","type":"product","link":"https:\/\/insize.com.tr\/en\/product\/insize-xrf-fa350-otomatik-kaplama-kalinligi-cihazi\/","title":{"rendered":"Insize XRF-FA350 Otomatik Kaplama Kal\u0131nl\u0131\u011f\u0131 Cihaz\u0131"},"content":{"rendered":"","protected":false},"excerpt":{"rendered":"<ul>\n<li>DIN ISO 3497, DIN 50987 ve ASTM B568&#8217;e g\u00f6re<\/li>\n<li>B\u00fcy\u00fck par\u00e7alar, d\u00fczensiz \u015fekilli par\u00e7alar ve k\u00fc\u00e7\u00fck par\u00e7alar\u0131n \u00e7ok noktal\u0131 testleri i\u00e7in<\/li>\n<li>Yak\u0131nla\u015ft\u0131rma teknolojisi ile donat\u0131lm\u0131\u015f olup, d\u00fczensiz par\u00e7alar\u0131n tahribats\u0131z testine olanak tan\u0131r<\/li>\n<li>Al g\u00f6r\u00fcnt\u00fc tan\u0131ma i\u015fleviyle donat\u0131lm\u0131\u015f olup, otomatik, ak\u0131ll\u0131 ve \u00e7evrimi\u00e7i alg\u0131lamay\u0131 m\u00fcmk\u00fcn k\u0131lar<\/li>\n<li>Otomatik programlanabilir mobil platformla donat\u0131lm\u0131\u015f olup, b\u00fcy\u00fck miktarda numunenin otomatik olarak tespit edilmesini sa\u011flar<\/li>\n<li>23 tip kaplama ve 24 elementin e\u015f zamanl\u0131 analizi i\u00e7in temel EFP algoritmas\u0131<\/li>\n<li><a href=\"https:\/\/insize.com.tr\/wp-content\/uploads\/2026\/02\/XRF-FA350.pdf\"><strong>PDF i\u00e7in t\u0131klay\u0131n\u0131z.<\/strong><\/a><\/li>\n<li><a href=\"https:\/\/insize.com.tr\/wp-content\/uploads\/2026\/03\/XRF-FA350-E-V0.pdf\"><strong>Kullan\u0131m K\u0131lavuzu<\/strong><\/a><\/li>\n<\/ul>","protected":false},"featured_media":7112,"comment_status":"open","ping_status":"closed","template":"","meta":{"inline_featured_image":false},"product_brand":[],"product_cat":[15,544],"product_tag":[],"class_list":{"0":"post-7110","1":"product","2":"type-product","3":"status-publish","4":"has-post-thumbnail","6":"product_cat-yeni-urunler","7":"product_cat-kaplama-denetimi","9":"first","10":"instock","11":"shipping-taxable","12":"purchasable","13":"product-type-simple"},"_links":{"self":[{"href":"https:\/\/insize.com.tr\/en\/wp-json\/wp\/v2\/product\/7110","targetHints":{"allow":["GET"]}}],"collection":[{"href":"https:\/\/insize.com.tr\/en\/wp-json\/wp\/v2\/product"}],"about":[{"href":"https:\/\/insize.com.tr\/en\/wp-json\/wp\/v2\/types\/product"}],"replies":[{"embeddable":true,"href":"https:\/\/insize.com.tr\/en\/wp-json\/wp\/v2\/comments?post=7110"}],"wp:featuredmedia":[{"embeddable":true,"href":"https:\/\/insize.com.tr\/en\/wp-json\/wp\/v2\/media\/7112"}],"wp:attachment":[{"href":"https:\/\/insize.com.tr\/en\/wp-json\/wp\/v2\/media?parent=7110"}],"wp:term":[{"taxonomy":"product_brand","embeddable":true,"href":"https:\/\/insize.com.tr\/en\/wp-json\/wp\/v2\/product_brand?post=7110"},{"taxonomy":"product_cat","embeddable":true,"href":"https:\/\/insize.com.tr\/en\/wp-json\/wp\/v2\/product_cat?post=7110"},{"taxonomy":"product_tag","embeddable":true,"href":"https:\/\/insize.com.tr\/en\/wp-json\/wp\/v2\/product_tag?post=7110"}],"curies":[{"name":"wp","href":"https:\/\/api.w.org\/{rel}","templated":true}]}}