{"id":7114,"date":"2025-02-17T14:12:25","date_gmt":"2025-02-17T11:12:25","guid":{"rendered":"https:\/\/insize.com.tr\/?post_type=product&#038;p=7114"},"modified":"2026-04-21T10:42:38","modified_gmt":"2026-04-21T07:42:38","slug":"insize-ftm-u-servohidrolik-yorulma-test-cihazi-silindir-yukari-montajli","status":"publish","type":"product","link":"https:\/\/insize.com.tr\/en\/product\/insize-ftm-u-servohidrolik-yorulma-test-cihazi-silindir-yukari-montajli\/","title":{"rendered":"Insize FTM-U Servohidrolik Yorulma Test Cihaz\u0131 (Silindir Yukar\u0131 Montajl\u0131)"},"content":{"rendered":"","protected":false},"excerpt":{"rendered":"<ul>\n<li>ASTM D3479, ASTM D7615, GB\/T 3075, HB5287, GB\/T 15248, GB\/T 6398, GB\/T 4161, GB\/T21143, ASTM 1290, ASTM-E399, JJG 556-2011&#8217;e g\u00f6re<\/li>\n<li>\u00c7ekme, bas\u0131n\u00e7, b\u00fckme, gerilim-gerilim, bas\u0131n\u00e7-s\u0131k\u0131\u015ft\u0131rma, gerilim-s\u0131k\u0131\u015ft\u0131rma ve testin di\u011fer mekanik \u00f6zellikleri i\u00e7in uygundur<\/li>\n<li>Kompozit malzemeler, \u00e7elik, al\u00fcminyum ala\u015f\u0131mlar\u0131, s\u00fcper ala\u015f\u0131mlar vb. yorulma testleri i\u00e7in uygundur.<\/li>\n<li><a href=\"https:\/\/insize.com.tr\/wp-content\/uploads\/2026\/02\/FTM-U.pdf\"><strong>PDF i\u00e7in t\u0131klay\u0131n\u0131z.<\/strong><\/a><\/li>\n<\/ul>","protected":false},"featured_media":7116,"comment_status":"open","ping_status":"closed","template":"","meta":{"inline_featured_image":false},"product_brand":[],"product_cat":[15,41],"product_tag":[],"class_list":{"0":"post-7114","1":"product","2":"type-product","3":"status-publish","4":"has-post-thumbnail","6":"product_cat-yeni-urunler","7":"product_cat-mukavemet-ve-evrensel-test-cihazlari","9":"first","10":"instock","11":"shipping-taxable","12":"purchasable","13":"product-type-simple"},"_links":{"self":[{"href":"https:\/\/insize.com.tr\/en\/wp-json\/wp\/v2\/product\/7114","targetHints":{"allow":["GET"]}}],"collection":[{"href":"https:\/\/insize.com.tr\/en\/wp-json\/wp\/v2\/product"}],"about":[{"href":"https:\/\/insize.com.tr\/en\/wp-json\/wp\/v2\/types\/product"}],"replies":[{"embeddable":true,"href":"https:\/\/insize.com.tr\/en\/wp-json\/wp\/v2\/comments?post=7114"}],"wp:featuredmedia":[{"embeddable":true,"href":"https:\/\/insize.com.tr\/en\/wp-json\/wp\/v2\/media\/7116"}],"wp:attachment":[{"href":"https:\/\/insize.com.tr\/en\/wp-json\/wp\/v2\/media?parent=7114"}],"wp:term":[{"taxonomy":"product_brand","embeddable":true,"href":"https:\/\/insize.com.tr\/en\/wp-json\/wp\/v2\/product_brand?post=7114"},{"taxonomy":"product_cat","embeddable":true,"href":"https:\/\/insize.com.tr\/en\/wp-json\/wp\/v2\/product_cat?post=7114"},{"taxonomy":"product_tag","embeddable":true,"href":"https:\/\/insize.com.tr\/en\/wp-json\/wp\/v2\/product_tag?post=7114"}],"curies":[{"name":"wp","href":"https:\/\/api.w.org\/{rel}","templated":true}]}}