{"id":7126,"date":"2025-02-18T10:58:07","date_gmt":"2025-02-18T07:58:07","guid":{"rendered":"https:\/\/insize.com.tr\/?post_type=product&#038;p=7126"},"modified":"2026-03-04T14:48:15","modified_gmt":"2026-03-04T11:48:15","slug":"insize-0216-kizilotesi-termometre-orta-yuksek-sicaklik-tipi","status":"publish","type":"product","link":"https:\/\/insize.com.tr\/en\/product\/insize-0216-kizilotesi-termometre-orta-yuksek-sicaklik-tipi\/","title":{"rendered":"Insize 0216 K\u0131z\u0131l\u00f6tesi Termometre (Orta-Y\u00fcksek S\u0131cakl\u0131k Tipi)"},"content":{"rendered":"","protected":false},"excerpt":{"rendered":"<ul>\n<li>Birim: \u00b0C, \u00b0F<\/li>\n<li>Dairesel lazer ni\u015fan<\/li>\n<li>LED ve sesli uyar\u0131 ile a\u015f\u0131r\u0131 menzil g\u00f6stergesi<\/li>\n<li>99 veri depolama<\/li>\n<li>Otomatik aral\u0131k \u00f6l\u00e7\u00fcm\u00fc<\/li>\n<li>MAX\/MIN\/AVG\/DIF g\u00f6r\u00fcnt\u00fcleme<\/li>\n<li><a href=\"https:\/\/insize.com.tr\/wp-content\/uploads\/2026\/02\/0216.pdf\"><strong>PDF i\u00e7in t\u0131klay\u0131n\u0131z.<\/strong><\/a><\/li>\n<\/ul>","protected":false},"featured_media":7128,"comment_status":"open","ping_status":"closed","template":"","meta":{"inline_featured_image":false},"product_brand":[],"product_cat":[15,56],"product_tag":[],"class_list":{"0":"post-7126","1":"product","2":"type-product","3":"status-publish","4":"has-post-thumbnail","6":"product_cat-yeni-urunler","7":"product_cat-sicaklik-ve-nem-olcer","9":"first","10":"instock","11":"shipping-taxable","12":"purchasable","13":"product-type-simple"},"_links":{"self":[{"href":"https:\/\/insize.com.tr\/en\/wp-json\/wp\/v2\/product\/7126","targetHints":{"allow":["GET"]}}],"collection":[{"href":"https:\/\/insize.com.tr\/en\/wp-json\/wp\/v2\/product"}],"about":[{"href":"https:\/\/insize.com.tr\/en\/wp-json\/wp\/v2\/types\/product"}],"replies":[{"embeddable":true,"href":"https:\/\/insize.com.tr\/en\/wp-json\/wp\/v2\/comments?post=7126"}],"wp:featuredmedia":[{"embeddable":true,"href":"https:\/\/insize.com.tr\/en\/wp-json\/wp\/v2\/media\/7128"}],"wp:attachment":[{"href":"https:\/\/insize.com.tr\/en\/wp-json\/wp\/v2\/media?parent=7126"}],"wp:term":[{"taxonomy":"product_brand","embeddable":true,"href":"https:\/\/insize.com.tr\/en\/wp-json\/wp\/v2\/product_brand?post=7126"},{"taxonomy":"product_cat","embeddable":true,"href":"https:\/\/insize.com.tr\/en\/wp-json\/wp\/v2\/product_cat?post=7126"},{"taxonomy":"product_tag","embeddable":true,"href":"https:\/\/insize.com.tr\/en\/wp-json\/wp\/v2\/product_tag?post=7126"}],"curies":[{"name":"wp","href":"https:\/\/api.w.org\/{rel}","templated":true}]}}