{"id":7129,"date":"2025-02-18T11:14:58","date_gmt":"2025-02-18T08:14:58","guid":{"rendered":"https:\/\/insize.com.tr\/?post_type=product&#038;p=7129"},"modified":"2026-03-04T14:48:15","modified_gmt":"2026-03-04T11:48:15","slug":"insize-ist-2sd-kablolu-iletimli-dijital-torklu-tornavida-klavye-sinyali","status":"publish","type":"product","link":"https:\/\/insize.com.tr\/en\/product\/insize-ist-2sd-kablolu-iletimli-dijital-torklu-tornavida-klavye-sinyali\/","title":{"rendered":"Insize IST-2SD Kablolu \u0130letimli Dijital Torklu Tornavida (Klavye Sinyali)"},"content":{"rendered":"","protected":false},"excerpt":{"rendered":"<p>Tork tornavidalar\u0131:<\/p>\n<ul>\n<li>Saat y\u00f6n\u00fcnde ve saat y\u00f6n\u00fcn\u00fcn tersine \u00e7al\u0131\u015fma<\/li>\n<li>Birim: cN.m, in.lb, kg.crn<\/li>\n<li>Zirve ve takip \u00e7al\u0131\u015fma modlar\u0131<\/li>\n<li>Hedef tork de\u011feri ayarlanabilir, sesli ve g\u00f6rsel alarm ile:<\/li>\n<li>Hedef tork de\u011feri hedef torkun %90~%100&#8217;\u00fc oldu\u011funda ye\u015fil LED \u0131\u015f\u0131\u011f\u0131 yanar ve sesli uyar\u0131 duyulur<\/li>\n<li>Hedefe ula\u015f\u0131ld\u0131\u011f\u0131nda k\u0131rm\u0131z\u0131 ve ye\u015fil LED \u0131\u015f\u0131klar\u0131 yanar ve sesli uyar\u0131 duyulur<\/li>\n<li>tork de\u011ferine ula\u015f\u0131ld\u0131<\/li>\n<li>Otomatik kapanma\n<p>Veri iletimi:<\/li>\n<li>Klavye sinyali kablo arac\u0131l\u0131\u011f\u0131yla Excel, Word, Txt vb.&#8217;ye iletilebilir.<\/li>\n<li><a href=\"https:\/\/insize.com.tr\/wp-content\/uploads\/2026\/02\/IST-2SD.pdf\"><strong>PDF i\u00e7in t\u0131klay\u0131n\u0131z.<\/strong><\/a><\/li>\n<li><a href=\"https:\/\/insize.com.tr\/wp-content\/uploads\/2026\/03\/IST-2SD-SERIES-E-V0.pdf\"><strong>Kullan\u0131m K\u0131lavuzu<\/strong><\/a><\/li>\n<\/ul>","protected":false},"featured_media":7131,"comment_status":"open","ping_status":"closed","template":"","meta":{"inline_featured_image":false},"product_brand":[],"product_cat":[15,35],"product_tag":[],"class_list":{"0":"post-7129","1":"product","2":"type-product","3":"status-publish","4":"has-post-thumbnail","6":"product_cat-yeni-urunler","7":"product_cat-tork-test-cihazi-ve-tork-anahtari","9":"first","10":"instock","11":"shipping-taxable","12":"purchasable","13":"product-type-simple"},"_links":{"self":[{"href":"https:\/\/insize.com.tr\/en\/wp-json\/wp\/v2\/product\/7129","targetHints":{"allow":["GET"]}}],"collection":[{"href":"https:\/\/insize.com.tr\/en\/wp-json\/wp\/v2\/product"}],"about":[{"href":"https:\/\/insize.com.tr\/en\/wp-json\/wp\/v2\/types\/product"}],"replies":[{"embeddable":true,"href":"https:\/\/insize.com.tr\/en\/wp-json\/wp\/v2\/comments?post=7129"}],"wp:featuredmedia":[{"embeddable":true,"href":"https:\/\/insize.com.tr\/en\/wp-json\/wp\/v2\/media\/7131"}],"wp:attachment":[{"href":"https:\/\/insize.com.tr\/en\/wp-json\/wp\/v2\/media?parent=7129"}],"wp:term":[{"taxonomy":"product_brand","embeddable":true,"href":"https:\/\/insize.com.tr\/en\/wp-json\/wp\/v2\/product_brand?post=7129"},{"taxonomy":"product_cat","embeddable":true,"href":"https:\/\/insize.com.tr\/en\/wp-json\/wp\/v2\/product_cat?post=7129"},{"taxonomy":"product_tag","embeddable":true,"href":"https:\/\/insize.com.tr\/en\/wp-json\/wp\/v2\/product_tag?post=7129"}],"curies":[{"name":"wp","href":"https:\/\/api.w.org\/{rel}","templated":true}]}}