{"id":7132,"date":"2025-02-18T11:29:56","date_gmt":"2025-02-18T08:29:56","guid":{"rendered":"https:\/\/insize.com.tr\/?post_type=product&#038;p=7132"},"modified":"2026-04-21T08:22:18","modified_gmt":"2026-04-21T05:22:18","slug":"insize-2259-dijital-geomembran-kalinligi-olcer","status":"publish","type":"product","link":"https:\/\/insize.com.tr\/en\/product\/insize-2259-dijital-geomembran-kalinligi-olcer\/","title":{"rendered":"Insize 2259 Dijital Geomembran Kal\u0131nl\u0131\u011f\u0131 \u00d6l\u00e7er"},"content":{"rendered":"","protected":false},"excerpt":{"rendered":"<ul>\n<li>Geomembranlar\u0131n kal\u0131nl\u0131\u011f\u0131n\u0131 \u00f6l\u00e7\u00fcn<\/li>\n<li>D\u00fc\u011fme i\u015flevi: a\u00e7ma\/kapama, in\u00e7\/mm, s\u0131f\u0131rlama, veri \u00f6n ayar\u0131, \u00f6l\u00e7\u00fcm y\u00f6n\u00fcn\u00fc de\u011fi\u015ftirme, mutlak\/art\u0131ml\u0131 \u00f6l\u00e7\u00fcm<\/li>\n<li>CR2032 pil, otomatik kapanma (zaman ayarlanabilir)<\/li>\n<li>Toz kapa\u011f\u0131yla birlikte verilir<\/li>\n<li>\u0130ste\u011fe ba\u011fl\u0131 aksesuar: veri \u00e7\u0131k\u0131\u015f kablosu (kod 7315-50M, 7302-50M)<\/li>\n<li><a href=\"https:\/\/insize.com.tr\/wp-content\/uploads\/2025\/02\/2259.pdf\"><strong>PDF i\u00e7in t\u0131klay\u0131n\u0131z.<\/strong><\/a><\/li>\n<\/ul>","protected":false},"featured_media":7134,"comment_status":"open","ping_status":"closed","template":"","meta":{"inline_featured_image":false},"product_brand":[],"product_cat":[15,552],"product_tag":[],"class_list":{"0":"post-7132","1":"product","2":"type-product","3":"status-publish","4":"has-post-thumbnail","6":"product_cat-yeni-urunler","7":"product_cat-olcum-setleri","9":"first","10":"instock","11":"shipping-taxable","12":"purchasable","13":"product-type-simple"},"_links":{"self":[{"href":"https:\/\/insize.com.tr\/en\/wp-json\/wp\/v2\/product\/7132","targetHints":{"allow":["GET"]}}],"collection":[{"href":"https:\/\/insize.com.tr\/en\/wp-json\/wp\/v2\/product"}],"about":[{"href":"https:\/\/insize.com.tr\/en\/wp-json\/wp\/v2\/types\/product"}],"replies":[{"embeddable":true,"href":"https:\/\/insize.com.tr\/en\/wp-json\/wp\/v2\/comments?post=7132"}],"wp:featuredmedia":[{"embeddable":true,"href":"https:\/\/insize.com.tr\/en\/wp-json\/wp\/v2\/media\/7134"}],"wp:attachment":[{"href":"https:\/\/insize.com.tr\/en\/wp-json\/wp\/v2\/media?parent=7132"}],"wp:term":[{"taxonomy":"product_brand","embeddable":true,"href":"https:\/\/insize.com.tr\/en\/wp-json\/wp\/v2\/product_brand?post=7132"},{"taxonomy":"product_cat","embeddable":true,"href":"https:\/\/insize.com.tr\/en\/wp-json\/wp\/v2\/product_cat?post=7132"},{"taxonomy":"product_tag","embeddable":true,"href":"https:\/\/insize.com.tr\/en\/wp-json\/wp\/v2\/product_tag?post=7132"}],"curies":[{"name":"wp","href":"https:\/\/api.w.org\/{rel}","templated":true}]}}