{"id":7142,"date":"2025-02-18T13:50:16","date_gmt":"2025-02-18T10:50:16","guid":{"rendered":"https:\/\/insize.com.tr\/?post_type=product&#038;p=7142"},"modified":"2026-04-21T10:42:38","modified_gmt":"2026-04-21T07:42:38","slug":"insize-utm-z-elektronik-universal-test-makinesi","status":"publish","type":"product","link":"https:\/\/insize.com.tr\/en\/product\/insize-utm-z-elektronik-universal-test-makinesi\/","title":{"rendered":"Insize UTM-Z Elektronik \u00dcniversal Test Makinesi"},"content":{"rendered":"","protected":false},"excerpt":{"rendered":"<ul>\n<li>\u00c7ekme, bas\u0131n\u00e7, b\u00fckme ve di\u011fer mekanik \u00f6zellikler test analizi ve analitik ara\u015ft\u0131rma i\u00e7in metal, metal olmayan ve kompozit malzemelere uygulanabilir<\/li>\n<li>Maksimum kuvveti, kopma kuvvetini, akma dayan\u0131m\u0131n\u0131, \u00fcst ve alt akma dayan\u0131m\u0131n\u0131, \u00e7ekme dayan\u0131m\u0131n\u0131, bas\u0131n\u00e7 dayan\u0131m\u0131n\u0131, kopma uzamas\u0131n\u0131, \u00e7ekme elastiklik mod\u00fcl\u00fcn\u00fc, e\u011filme elastiklik mod\u00fcl\u00fcn\u00fc ve di\u011fer test verilerini otomatik olarak elde edin.<\/li>\n<li>Test standartlar\u0131 ve test parametreleri y\u00f6netilebilir ve test standartlar\u0131 i\u00e7e veya d\u0131\u015fa aktar\u0131labilir<\/li>\n<li>A\u015f\u0131r\u0131 y\u00fck acil durum kapatma koruma cihaz\u0131, yukar\u0131 ve a\u015fa\u011f\u0131 hareket s\u0131n\u0131r\u0131 koruma cihaz\u0131<\/li>\n<li>\u00c7apraz kiri\u015f hareketi \u00e7arp\u0131\u015fma azaltma fonksiyonu<\/li>\n<li><a href=\"https:\/\/insize.com.tr\/wp-content\/uploads\/2026\/02\/UTM-Z.pdf\"><strong>PDF i\u00e7in t\u0131klay\u0131n\u0131z.<\/strong><\/a><\/li>\n<li><a href=\"https:\/\/insize.com.tr\/wp-content\/uploads\/2026\/03\/UTM-Z-SERIES-E-V0.pdf\"><strong>Kullan\u0131m K\u0131lavuzu<\/strong><\/a><\/li>\n<\/ul>","protected":false},"featured_media":7144,"comment_status":"open","ping_status":"closed","template":"","meta":{"inline_featured_image":false},"product_brand":[],"product_cat":[15,41],"product_tag":[],"class_list":{"0":"post-7142","1":"product","2":"type-product","3":"status-publish","4":"has-post-thumbnail","6":"product_cat-yeni-urunler","7":"product_cat-mukavemet-ve-evrensel-test-cihazlari","9":"first","10":"instock","11":"shipping-taxable","12":"purchasable","13":"product-type-simple"},"_links":{"self":[{"href":"https:\/\/insize.com.tr\/en\/wp-json\/wp\/v2\/product\/7142","targetHints":{"allow":["GET"]}}],"collection":[{"href":"https:\/\/insize.com.tr\/en\/wp-json\/wp\/v2\/product"}],"about":[{"href":"https:\/\/insize.com.tr\/en\/wp-json\/wp\/v2\/types\/product"}],"replies":[{"embeddable":true,"href":"https:\/\/insize.com.tr\/en\/wp-json\/wp\/v2\/comments?post=7142"}],"wp:featuredmedia":[{"embeddable":true,"href":"https:\/\/insize.com.tr\/en\/wp-json\/wp\/v2\/media\/7144"}],"wp:attachment":[{"href":"https:\/\/insize.com.tr\/en\/wp-json\/wp\/v2\/media?parent=7142"}],"wp:term":[{"taxonomy":"product_brand","embeddable":true,"href":"https:\/\/insize.com.tr\/en\/wp-json\/wp\/v2\/product_brand?post=7142"},{"taxonomy":"product_cat","embeddable":true,"href":"https:\/\/insize.com.tr\/en\/wp-json\/wp\/v2\/product_cat?post=7142"},{"taxonomy":"product_tag","embeddable":true,"href":"https:\/\/insize.com.tr\/en\/wp-json\/wp\/v2\/product_tag?post=7142"}],"curies":[{"name":"wp","href":"https:\/\/api.w.org\/{rel}","templated":true}]}}