{"id":7159,"date":"2025-02-20T12:59:37","date_gmt":"2025-02-20T09:59:37","guid":{"rendered":"https:\/\/insize.com.tr\/?post_type=product&#038;p=7159"},"modified":"2026-04-21T08:22:19","modified_gmt":"2026-04-21T05:22:19","slug":"insize-isf-dgd-olcme-aletleri-dinamometre","status":"publish","type":"product","link":"https:\/\/insize.com.tr\/en\/product\/insize-isf-dgd-olcme-aletleri-dinamometre\/","title":{"rendered":"Insize ISF-DGD \u00d6l\u00e7me Aletleri Dinamometre"},"content":{"rendered":"","protected":false},"excerpt":{"rendered":"<ul>\n<li>Mikrometrelerin, derinlik mikrometrelerinin, kadranl\u0131 test g\u00f6stergelerinin, i\u00e7 mikrometrelerin, g\u00f6stergelerin, mikrometre kafalar\u0131n\u0131n ve optik aletlerin (optik metreler, temasl\u0131 interferometreler) kuvvetini \u00f6l\u00e7mek ve di\u011fer kuvvet \u00f6l\u00e7\u00fcm do\u011frulamas\u0131 i\u00e7in kullan\u0131labilir.<\/li>\n<li>Y\u00fcksek hassasiyet, geni\u015f uygulama alan\u0131, g\u00fcvenilir yap\u0131, kullan\u0131m\u0131 kolay<\/li>\n<li><a href=\"https:\/\/insize.com.tr\/wp-content\/uploads\/2025\/02\/ISF-DGD-1.pdf\"><strong>PDF i\u00e7in t\u0131klay\u0131n\u0131z.<\/strong><\/a><\/li>\n<li><a href=\"https:\/\/insize.com.tr\/wp-content\/uploads\/2026\/03\/ISF-DGD-SERIES-E-V0.pdf\"><strong>Kullan\u0131m K\u0131lavuzu<\/strong><\/a><\/li>\n<\/ul>","protected":false},"featured_media":7161,"comment_status":"open","ping_status":"closed","template":"","meta":{"inline_featured_image":false},"product_brand":[],"product_cat":[15,41],"product_tag":[],"class_list":{"0":"post-7159","1":"product","2":"type-product","3":"status-publish","4":"has-post-thumbnail","6":"product_cat-yeni-urunler","7":"product_cat-mukavemet-ve-evrensel-test-cihazlari","9":"first","10":"instock","11":"shipping-taxable","12":"purchasable","13":"product-type-simple"},"_links":{"self":[{"href":"https:\/\/insize.com.tr\/en\/wp-json\/wp\/v2\/product\/7159","targetHints":{"allow":["GET"]}}],"collection":[{"href":"https:\/\/insize.com.tr\/en\/wp-json\/wp\/v2\/product"}],"about":[{"href":"https:\/\/insize.com.tr\/en\/wp-json\/wp\/v2\/types\/product"}],"replies":[{"embeddable":true,"href":"https:\/\/insize.com.tr\/en\/wp-json\/wp\/v2\/comments?post=7159"}],"wp:featuredmedia":[{"embeddable":true,"href":"https:\/\/insize.com.tr\/en\/wp-json\/wp\/v2\/media\/7161"}],"wp:attachment":[{"href":"https:\/\/insize.com.tr\/en\/wp-json\/wp\/v2\/media?parent=7159"}],"wp:term":[{"taxonomy":"product_brand","embeddable":true,"href":"https:\/\/insize.com.tr\/en\/wp-json\/wp\/v2\/product_brand?post=7159"},{"taxonomy":"product_cat","embeddable":true,"href":"https:\/\/insize.com.tr\/en\/wp-json\/wp\/v2\/product_cat?post=7159"},{"taxonomy":"product_tag","embeddable":true,"href":"https:\/\/insize.com.tr\/en\/wp-json\/wp\/v2\/product_tag?post=7159"}],"curies":[{"name":"wp","href":"https:\/\/api.w.org\/{rel}","templated":true}]}}