{"id":7162,"date":"2025-02-20T13:06:02","date_gmt":"2025-02-20T10:06:02","guid":{"rendered":"https:\/\/insize.com.tr\/?post_type=product&#038;p=7162"},"modified":"2026-03-04T14:48:21","modified_gmt":"2026-03-04T11:48:21","slug":"insize-qms-h210-yuksek-hassasiyetli-hizli-olcum","status":"publish","type":"product","link":"https:\/\/insize.com.tr\/en\/product\/insize-qms-h210-yuksek-hassasiyetli-hizli-olcum\/","title":{"rendered":"Insize QMS-H210 Y\u00fcksek Hassasiyetli H\u0131zl\u0131 \u00d6l\u00e7\u00fcm"},"content":{"rendered":"","protected":false},"excerpt":{"rendered":"<ul>\n<li>Bir veya daha fazla i\u015f par\u00e7as\u0131 tek bir ad\u0131m i\u015flemiyle \u00f6l\u00e7\u00fclebilir<\/li>\n<li>\u0130\u015f par\u00e7alar\u0131n\u0131 herhangi bir konuma yerle\u015ftirin<\/li>\n<li>Otomatik olarak odaklan\u0131n ve \u00f6l\u00e7\u00fcn<\/li>\n<li>999+boyut ve 300+i\u015f par\u00e7as\u0131n\u0131n \u00f6l\u00e7\u00fcm\u00fc<\/li>\n<li>Orta ve k\u00fc\u00e7\u00fck boyutlarda y\u00fcksek hassasiyetli par\u00e7alar i\u00e7in uygundur<\/li>\n<li><a href=\"https:\/\/insize.com.tr\/wp-content\/uploads\/2026\/02\/QMS-H210.pdf\"><strong>PDF i\u00e7in t\u0131klay\u0131n\u0131z.<\/strong><\/a><\/li>\n<\/ul>","protected":false},"featured_media":7164,"comment_status":"open","ping_status":"closed","template":"","meta":{"inline_featured_image":false},"product_brand":[],"product_cat":[31],"product_tag":[],"class_list":{"0":"post-7162","1":"product","2":"type-product","3":"status-publish","4":"has-post-thumbnail","6":"product_cat-goruntu-olcum-sistemleri","8":"first","9":"instock","10":"shipping-taxable","11":"purchasable","12":"product-type-simple"},"_links":{"self":[{"href":"https:\/\/insize.com.tr\/en\/wp-json\/wp\/v2\/product\/7162","targetHints":{"allow":["GET"]}}],"collection":[{"href":"https:\/\/insize.com.tr\/en\/wp-json\/wp\/v2\/product"}],"about":[{"href":"https:\/\/insize.com.tr\/en\/wp-json\/wp\/v2\/types\/product"}],"replies":[{"embeddable":true,"href":"https:\/\/insize.com.tr\/en\/wp-json\/wp\/v2\/comments?post=7162"}],"wp:featuredmedia":[{"embeddable":true,"href":"https:\/\/insize.com.tr\/en\/wp-json\/wp\/v2\/media\/7164"}],"wp:attachment":[{"href":"https:\/\/insize.com.tr\/en\/wp-json\/wp\/v2\/media?parent=7162"}],"wp:term":[{"taxonomy":"product_brand","embeddable":true,"href":"https:\/\/insize.com.tr\/en\/wp-json\/wp\/v2\/product_brand?post=7162"},{"taxonomy":"product_cat","embeddable":true,"href":"https:\/\/insize.com.tr\/en\/wp-json\/wp\/v2\/product_cat?post=7162"},{"taxonomy":"product_tag","embeddable":true,"href":"https:\/\/insize.com.tr\/en\/wp-json\/wp\/v2\/product_tag?post=7162"}],"curies":[{"name":"wp","href":"https:\/\/api.w.org\/{rel}","templated":true}]}}