{"id":7169,"date":"2025-02-25T10:56:50","date_gmt":"2025-02-25T07:56:50","guid":{"rendered":"https:\/\/insize.com.tr\/?post_type=product&#038;p=7169"},"modified":"2026-04-21T10:42:38","modified_gmt":"2026-04-21T07:42:38","slug":"insize-isf-dg1-el-tipi-kuvvet-tork-gostergeleri","status":"publish","type":"product","link":"https:\/\/insize.com.tr\/en\/product\/insize-isf-dg1-el-tipi-kuvvet-tork-gostergeleri\/","title":{"rendered":"Insize ISF-DG El Tipi Kuvvet\/Tork G\u00f6stergeleri"},"content":{"rendered":"","protected":false},"excerpt":{"rendered":"<ul>\n<li>Kuvvet sens\u00f6rleri ve tork sens\u00f6rleriyle birlikte kullan\u0131m i\u00e7in<\/li>\n<li>Ger\u00e7ek zamanl\u0131 de\u011fer g\u00f6r\u00fcnt\u00fcleme, tepe de\u011fer g\u00f6r\u00fcnt\u00fcleme ve vadi de\u011fer g\u00f6r\u00fcnt\u00fcleme olmak \u00fczere \u00fc\u00e7 mod<\/li>\n<li>Kuvvet birimi: N, KN, kg, lb, t<\/li>\n<li>Tork birimi: N.m, kg.cm, in.lb, ft.lb<\/li>\n<li>Y\u00fcksek \u00f6rnekleme oran\u0131, tepe de\u011ferini do\u011fru bir \u015fekilde yakalar<\/li>\n<li>Ger\u00e7ek zamanl\u0131 e\u011friyi ve son tarihsel e\u011friyi g\u00f6r\u00fcnt\u00fclemek i\u00e7in se\u00e7in<\/li>\n<li>Tepe de\u011feri ve vadi de\u011ferinin ger\u00e7ek zamanl\u0131 otomatik yakalanmas\u0131<\/li>\n<li>Parametre yedekleme ve geri y\u00fckleme, parametreler bozulmu\u015f olsa bile, tek t\u0131klamayla geri y\u00fckleyebilirsiniz<\/li>\n<li>A\u011f\u0131rl\u0131ks\u0131z kalibrasyon, sadece sens\u00f6r parametrelerini girin ve kalibrasyona haz\u0131r olun<\/li>\n<li>\u00c7e\u015fitli alarm se\u00e7enekleri: \u00fcst s\u0131n\u0131r alarm\u0131, alt s\u0131n\u0131r alarm\u0131, tepe ve vadi alarm\u0131, aral\u0131\u011f\u0131n 1,2 kat\u0131n\u0131n \u00fczerinde alarm<\/li>\n<li>Besleme gerilimi 3,5 V, analog sinyal giri\u015f aral\u0131\u011f\u0131 -15~15 mV<\/li>\n<li><a href=\"https:\/\/insize.com.tr\/wp-content\/uploads\/2026\/02\/ISF-DG.pdf\"><strong>PDF i\u00e7in t\u0131klay\u0131n\u0131z.<\/strong><\/a><\/li>\n<li><a href=\"https:\/\/insize.com.tr\/wp-content\/uploads\/2026\/03\/ISF-DG-SERIES-E-V0.pdf\"><strong>Kullan\u0131m K\u0131lavuzu<\/strong><\/a><\/li>\n<\/ul>","protected":false},"featured_media":7171,"comment_status":"open","ping_status":"closed","template":"","meta":{"inline_featured_image":false},"product_brand":[],"product_cat":[41,35],"product_tag":[],"class_list":{"0":"post-7169","1":"product","2":"type-product","3":"status-publish","4":"has-post-thumbnail","6":"product_cat-mukavemet-ve-evrensel-test-cihazlari","7":"product_cat-tork-test-cihazi-ve-tork-anahtari","9":"first","10":"instock","11":"shipping-taxable","12":"purchasable","13":"product-type-simple"},"_links":{"self":[{"href":"https:\/\/insize.com.tr\/en\/wp-json\/wp\/v2\/product\/7169","targetHints":{"allow":["GET"]}}],"collection":[{"href":"https:\/\/insize.com.tr\/en\/wp-json\/wp\/v2\/product"}],"about":[{"href":"https:\/\/insize.com.tr\/en\/wp-json\/wp\/v2\/types\/product"}],"replies":[{"embeddable":true,"href":"https:\/\/insize.com.tr\/en\/wp-json\/wp\/v2\/comments?post=7169"}],"wp:featuredmedia":[{"embeddable":true,"href":"https:\/\/insize.com.tr\/en\/wp-json\/wp\/v2\/media\/7171"}],"wp:attachment":[{"href":"https:\/\/insize.com.tr\/en\/wp-json\/wp\/v2\/media?parent=7169"}],"wp:term":[{"taxonomy":"product_brand","embeddable":true,"href":"https:\/\/insize.com.tr\/en\/wp-json\/wp\/v2\/product_brand?post=7169"},{"taxonomy":"product_cat","embeddable":true,"href":"https:\/\/insize.com.tr\/en\/wp-json\/wp\/v2\/product_cat?post=7169"},{"taxonomy":"product_tag","embeddable":true,"href":"https:\/\/insize.com.tr\/en\/wp-json\/wp\/v2\/product_tag?post=7169"}],"curies":[{"name":"wp","href":"https:\/\/api.w.org\/{rel}","templated":true}]}}