{"id":7181,"date":"2025-03-03T14:53:48","date_gmt":"2025-03-03T11:53:48","guid":{"rendered":"https:\/\/insize.com.tr\/?post_type=product&#038;p=7181"},"modified":"2026-04-21T08:22:19","modified_gmt":"2026-04-21T05:22:19","slug":"insize-hdt-es-std-dijital-shoremetre-icin-stand","status":"publish","type":"product","link":"https:\/\/insize.com.tr\/en\/product\/insize-hdt-es-std-dijital-shoremetre-icin-stand\/","title":{"rendered":"Insize HDT-ES-STD Dijital Shoremetre i\u00e7in Stand"},"content":{"rendered":"","protected":false},"excerpt":{"rendered":"<ul>\n<li>Dijital k\u0131y\u0131 sertlik \u00f6l\u00e7erler HDT-ESA ve HDT-ESD i\u00e7in<\/li>\n<li>\u0130nsan hatas\u0131 veya \u00f6l\u00e7\u00fcm varyasyonlar\u0131n\u0131n daha az olas\u0131l\u0131\u011f\u0131 nedeniyle tekrarlanabilir sertlik \u00f6l\u00e7\u00fcm\u00fc ger\u00e7ekle\u015ftirin<\/li>\n<li>Sabit y\u00fckleme i\u00e7in \u00f6zel yap\u0131<\/li>\n<li>A\u011f\u0131rl\u0131k blo\u011fu A (dahil) HDT-ESA i\u00e7indir<\/li>\n<li>A\u011f\u0131rl\u0131k blo\u011fu D (iste\u011fe ba\u011fl\u0131) HDT-ESD i\u00e7indir<\/li>\n<li><a href=\"https:\/\/insize.com.tr\/wp-content\/uploads\/2026\/02\/HDT-ES-STD.pdf\"><strong>PDF i\u00e7in t\u0131klay\u0131n\u0131z.<\/strong><\/a><\/li>\n<\/ul>","protected":false},"featured_media":7183,"comment_status":"open","ping_status":"closed","template":"","meta":{"inline_featured_image":false},"product_brand":[],"product_cat":[41],"product_tag":[],"class_list":{"0":"post-7181","1":"product","2":"type-product","3":"status-publish","4":"has-post-thumbnail","6":"product_cat-mukavemet-ve-evrensel-test-cihazlari","8":"first","9":"instock","10":"shipping-taxable","11":"purchasable","12":"product-type-simple"},"_links":{"self":[{"href":"https:\/\/insize.com.tr\/en\/wp-json\/wp\/v2\/product\/7181","targetHints":{"allow":["GET"]}}],"collection":[{"href":"https:\/\/insize.com.tr\/en\/wp-json\/wp\/v2\/product"}],"about":[{"href":"https:\/\/insize.com.tr\/en\/wp-json\/wp\/v2\/types\/product"}],"replies":[{"embeddable":true,"href":"https:\/\/insize.com.tr\/en\/wp-json\/wp\/v2\/comments?post=7181"}],"wp:featuredmedia":[{"embeddable":true,"href":"https:\/\/insize.com.tr\/en\/wp-json\/wp\/v2\/media\/7183"}],"wp:attachment":[{"href":"https:\/\/insize.com.tr\/en\/wp-json\/wp\/v2\/media?parent=7181"}],"wp:term":[{"taxonomy":"product_brand","embeddable":true,"href":"https:\/\/insize.com.tr\/en\/wp-json\/wp\/v2\/product_brand?post=7181"},{"taxonomy":"product_cat","embeddable":true,"href":"https:\/\/insize.com.tr\/en\/wp-json\/wp\/v2\/product_cat?post=7181"},{"taxonomy":"product_tag","embeddable":true,"href":"https:\/\/insize.com.tr\/en\/wp-json\/wp\/v2\/product_tag?post=7181"}],"curies":[{"name":"wp","href":"https:\/\/api.w.org\/{rel}","templated":true}]}}