{"id":7236,"date":"2025-03-14T14:50:49","date_gmt":"2025-03-14T11:50:49","guid":{"rendered":"https:\/\/insize.com.tr\/?post_type=product&#038;p=7236"},"modified":"2026-04-21T08:22:19","modified_gmt":"2026-04-21T05:22:19","slug":"insize-8006-cok-fonksiyonlu-teraziler","status":"publish","type":"product","link":"https:\/\/insize.com.tr\/en\/product\/insize-8006-cok-fonksiyonlu-teraziler\/","title":{"rendered":"Insize 8006 \u00c7ok Fonksiyonlu Teraziler"},"content":{"rendered":"","protected":false},"excerpt":{"rendered":"<ul>\n<li>S\u0131f\u0131rlama, tartma, tare de\u011ferini \u00e7\u0131karma<\/li>\n<li>Sayma, birikim, y\u00fczde g\u00f6r\u00fcnt\u00fcleme, alarm kontrol\u00fc<\/li>\n<li>Dahili kalibrasyon a\u011f\u0131rl\u0131klar\u0131, otomatik dahili kalibrasyon<\/li>\n<li>7 in\u00e7 diren\u00e7li dokunmatik renkli ekran<\/li>\n<li>Altta bir kanca ile<\/li>\n<li>Birim: g, ct, GSM, oz, kg, lb, mg<\/li>\n<li>304 paslanmaz \u00e7elik tart\u0131m tavas\u0131<\/li>\n<li>A\u015f\u0131r\u0131 y\u00fck alarm\u0131<\/li>\n<li>Veri \u00e7\u0131k\u0131\u015f\u0131<\/li>\n<li><a href=\"https:\/\/insize.com.tr\/wp-content\/uploads\/2026\/02\/8006.pdf\"><strong>PDF i\u00e7in t\u0131klay\u0131n\u0131z.<\/strong><\/a><\/li>\n<\/ul>","protected":false},"featured_media":7238,"comment_status":"open","ping_status":"closed","template":"","meta":{"inline_featured_image":false},"product_brand":[],"product_cat":[55],"product_tag":[],"class_list":{"0":"post-7236","1":"product","2":"type-product","3":"status-publish","4":"has-post-thumbnail","6":"product_cat-kantar","8":"first","9":"instock","10":"shipping-taxable","11":"purchasable","12":"product-type-simple"},"_links":{"self":[{"href":"https:\/\/insize.com.tr\/en\/wp-json\/wp\/v2\/product\/7236","targetHints":{"allow":["GET"]}}],"collection":[{"href":"https:\/\/insize.com.tr\/en\/wp-json\/wp\/v2\/product"}],"about":[{"href":"https:\/\/insize.com.tr\/en\/wp-json\/wp\/v2\/types\/product"}],"replies":[{"embeddable":true,"href":"https:\/\/insize.com.tr\/en\/wp-json\/wp\/v2\/comments?post=7236"}],"wp:featuredmedia":[{"embeddable":true,"href":"https:\/\/insize.com.tr\/en\/wp-json\/wp\/v2\/media\/7238"}],"wp:attachment":[{"href":"https:\/\/insize.com.tr\/en\/wp-json\/wp\/v2\/media?parent=7236"}],"wp:term":[{"taxonomy":"product_brand","embeddable":true,"href":"https:\/\/insize.com.tr\/en\/wp-json\/wp\/v2\/product_brand?post=7236"},{"taxonomy":"product_cat","embeddable":true,"href":"https:\/\/insize.com.tr\/en\/wp-json\/wp\/v2\/product_cat?post=7236"},{"taxonomy":"product_tag","embeddable":true,"href":"https:\/\/insize.com.tr\/en\/wp-json\/wp\/v2\/product_tag?post=7236"}],"curies":[{"name":"wp","href":"https:\/\/api.w.org\/{rel}","templated":true}]}}