{"id":7313,"date":"2025-03-26T16:24:54","date_gmt":"2025-03-26T13:24:54","guid":{"rendered":"https:\/\/insize.com.tr\/?post_type=product&#038;p=7313"},"modified":"2026-04-21T10:42:38","modified_gmt":"2026-04-21T07:42:38","slug":"insize-5107-s70t-zoom-stereo-mikroskop-gelismis-tip","status":"publish","type":"product","link":"https:\/\/insize.com.tr\/en\/product\/insize-5107-s70t-zoom-stereo-mikroskop-gelismis-tip\/","title":{"rendered":"Insize 5107-S70T Zoom Stereo Mikroskop (Geli\u015fmi\u015f Tip)"},"content":{"rendered":"","protected":false},"excerpt":{"rendered":"<ul>\n<li>Greenough optik sistemi, net g\u00f6zlem, ger\u00e7ek renk<\/li>\n<li>Y\u00fcksek \u00e7al\u0131\u015fma mesafesi operasyon i\u00e7in uygundur<\/li>\n<li>M\u00fckemmel d\u00fcz g\u00f6r\u00fcnt\u00fc ve geni\u015f alan derinli\u011fi, g\u00f6zlemi konforlu hale getirir<\/li>\n<li>6.7:1 b\u00fcy\u00fck yak\u0131nla\u015ft\u0131rma oran\u0131, h\u0131zl\u0131 g\u00f6zlem ayarlamas\u0131na olanak tan\u0131r<\/li>\n<li><a href=\"https:\/\/insize.com.tr\/wp-content\/uploads\/2026\/02\/5107-S70T.pdf\"><strong>PDF i\u00e7in t\u0131klay\u0131n\u0131z.<\/strong><\/a><\/li>\n<\/ul>","protected":false},"featured_media":7315,"comment_status":"open","ping_status":"closed","template":"","meta":{"inline_featured_image":false},"product_brand":[],"product_cat":[39,551],"product_tag":[],"class_list":{"0":"post-7313","1":"product","2":"type-product","3":"status-publish","4":"has-post-thumbnail","6":"product_cat-mikroskop-ve-buyutec","7":"product_cat-test-cihazlari","9":"first","10":"instock","11":"shipping-taxable","12":"purchasable","13":"product-type-simple"},"_links":{"self":[{"href":"https:\/\/insize.com.tr\/en\/wp-json\/wp\/v2\/product\/7313","targetHints":{"allow":["GET"]}}],"collection":[{"href":"https:\/\/insize.com.tr\/en\/wp-json\/wp\/v2\/product"}],"about":[{"href":"https:\/\/insize.com.tr\/en\/wp-json\/wp\/v2\/types\/product"}],"replies":[{"embeddable":true,"href":"https:\/\/insize.com.tr\/en\/wp-json\/wp\/v2\/comments?post=7313"}],"wp:featuredmedia":[{"embeddable":true,"href":"https:\/\/insize.com.tr\/en\/wp-json\/wp\/v2\/media\/7315"}],"wp:attachment":[{"href":"https:\/\/insize.com.tr\/en\/wp-json\/wp\/v2\/media?parent=7313"}],"wp:term":[{"taxonomy":"product_brand","embeddable":true,"href":"https:\/\/insize.com.tr\/en\/wp-json\/wp\/v2\/product_brand?post=7313"},{"taxonomy":"product_cat","embeddable":true,"href":"https:\/\/insize.com.tr\/en\/wp-json\/wp\/v2\/product_cat?post=7313"},{"taxonomy":"product_tag","embeddable":true,"href":"https:\/\/insize.com.tr\/en\/wp-json\/wp\/v2\/product_tag?post=7313"}],"curies":[{"name":"wp","href":"https:\/\/api.w.org\/{rel}","templated":true}]}}