{"id":7372,"date":"2025-04-03T14:30:04","date_gmt":"2025-04-03T11:30:04","guid":{"rendered":"https:\/\/insize.com.tr\/?post_type=product&#038;p=7372"},"modified":"2026-04-21T16:37:17","modified_gmt":"2026-04-21T13:37:17","slug":"insize-srt-c-otomatik-yay-test-makineleri","status":"publish","type":"product","link":"https:\/\/insize.com.tr\/en\/product\/insize-srt-c-otomatik-yay-test-makineleri\/","title":{"rendered":"Insize SRT-C Otomatik Yay Test Makineleri"},"content":{"rendered":"","protected":false},"excerpt":{"rendered":"<ul>\n<li>Her t\u00fcrl\u00fc yay \u00e7ekme, bas\u0131n\u00e7 testlerine uygulanabilir<\/li>\n<li>Kararl\u0131 ve g\u00fcvenilir y\u00fckleme sa\u011flamak i\u00e7in d\u00f6rt adet vidal\u0131 mil ve iki adet k\u0131lavuz kolonla donat\u0131lm\u0131\u015f y\u00fcksek mukavemetli y\u00fck \u00e7er\u00e7eve yap\u0131s\u0131n\u0131 kullan\u0131n<\/li>\n<li>Otomatik s\u0131f\u0131r arama fonksiyonu<\/li>\n<li>Kuvvet birimi: N, kg, lb, yer de\u011fi\u015ftirme birimi: mm, in\u00e7<\/li>\n<li>Test verileri ve e\u011frisi otomatik olarak saklanabilir, test raporu otomatik olarak olu\u015fturulabilir<\/li>\n<li>Kuvvet a\u015f\u0131r\u0131 y\u00fck korumas\u0131, kiri\u015f s\u0131n\u0131r konumu korumas\u0131, a\u015f\u0131r\u0131 y\u00fck korumas\u0131<\/li>\n<li><a href=\"https:\/\/insize.com.tr\/wp-content\/uploads\/2026\/02\/SRT-C.pdf\"><strong>PDF i\u00e7in t\u0131klay\u0131n\u0131z.<\/strong><\/a><\/li>\n<\/ul>","protected":false},"featured_media":7374,"comment_status":"open","ping_status":"closed","template":"","meta":{"inline_featured_image":false},"product_brand":[],"product_cat":[41],"product_tag":[],"class_list":{"0":"post-7372","1":"product","2":"type-product","3":"status-publish","4":"has-post-thumbnail","6":"product_cat-mukavemet-ve-evrensel-test-cihazlari","8":"first","9":"instock","10":"shipping-taxable","11":"purchasable","12":"product-type-simple"},"_links":{"self":[{"href":"https:\/\/insize.com.tr\/en\/wp-json\/wp\/v2\/product\/7372","targetHints":{"allow":["GET"]}}],"collection":[{"href":"https:\/\/insize.com.tr\/en\/wp-json\/wp\/v2\/product"}],"about":[{"href":"https:\/\/insize.com.tr\/en\/wp-json\/wp\/v2\/types\/product"}],"replies":[{"embeddable":true,"href":"https:\/\/insize.com.tr\/en\/wp-json\/wp\/v2\/comments?post=7372"}],"wp:featuredmedia":[{"embeddable":true,"href":"https:\/\/insize.com.tr\/en\/wp-json\/wp\/v2\/media\/7374"}],"wp:attachment":[{"href":"https:\/\/insize.com.tr\/en\/wp-json\/wp\/v2\/media?parent=7372"}],"wp:term":[{"taxonomy":"product_brand","embeddable":true,"href":"https:\/\/insize.com.tr\/en\/wp-json\/wp\/v2\/product_brand?post=7372"},{"taxonomy":"product_cat","embeddable":true,"href":"https:\/\/insize.com.tr\/en\/wp-json\/wp\/v2\/product_cat?post=7372"},{"taxonomy":"product_tag","embeddable":true,"href":"https:\/\/insize.com.tr\/en\/wp-json\/wp\/v2\/product_tag?post=7372"}],"curies":[{"name":"wp","href":"https:\/\/api.w.org\/{rel}","templated":true}]}}