{"id":7375,"date":"2025-04-03T14:38:49","date_gmt":"2025-04-03T11:38:49","guid":{"rendered":"https:\/\/insize.com.tr\/?post_type=product&#038;p=7375"},"modified":"2026-04-21T08:22:21","modified_gmt":"2026-04-21T05:22:21","slug":"insize-8651-s-tipi-cekme-basinc-sensorleri-kompakt-tip","status":"publish","type":"product","link":"https:\/\/insize.com.tr\/en\/product\/insize-8651-s-tipi-cekme-basinc-sensorleri-kompakt-tip\/","title":{"rendered":"Insize 8651 S Tipi \u00c7ekme\/Bas\u0131n\u00e7 Sens\u00f6rleri (Kompakt Tip)"},"content":{"rendered":"","protected":false},"excerpt":{"rendered":"<ul>\n<li>\u00d6zellik: \u00e7ift y\u00f6nl\u00fc gerilim ve bas\u0131n\u00e7, k\u00fc\u00e7\u00fck boyut, y\u00fcksek kapsaml\u0131 hassasiyet, iyi uzun vadeli kararl\u0131l\u0131k, paslanmaz \u00e7elik y\u00fczeyinde nikel kaplama<\/li>\n<li>Uygulama alanlar\u0131: otomotiv pres-fit, otomatik montaj, 3C end\u00fcstri testi, robot i\u00e7in el kavrama kuvveti, klavye his testi, vb.<\/li>\n<li><a href=\"https:\/\/insize.com.tr\/wp-content\/uploads\/2026\/02\/8651.pdf\"><strong>PDF i\u00e7in t\u0131klay\u0131n\u0131z.<\/strong><\/a><\/li>\n<\/ul>","protected":false},"featured_media":7377,"comment_status":"open","ping_status":"closed","template":"","meta":{"inline_featured_image":false},"product_brand":[],"product_cat":[41],"product_tag":[],"class_list":{"0":"post-7375","1":"product","2":"type-product","3":"status-publish","4":"has-post-thumbnail","6":"product_cat-mukavemet-ve-evrensel-test-cihazlari","8":"first","9":"instock","10":"shipping-taxable","11":"purchasable","12":"product-type-simple"},"_links":{"self":[{"href":"https:\/\/insize.com.tr\/en\/wp-json\/wp\/v2\/product\/7375","targetHints":{"allow":["GET"]}}],"collection":[{"href":"https:\/\/insize.com.tr\/en\/wp-json\/wp\/v2\/product"}],"about":[{"href":"https:\/\/insize.com.tr\/en\/wp-json\/wp\/v2\/types\/product"}],"replies":[{"embeddable":true,"href":"https:\/\/insize.com.tr\/en\/wp-json\/wp\/v2\/comments?post=7375"}],"wp:featuredmedia":[{"embeddable":true,"href":"https:\/\/insize.com.tr\/en\/wp-json\/wp\/v2\/media\/7377"}],"wp:attachment":[{"href":"https:\/\/insize.com.tr\/en\/wp-json\/wp\/v2\/media?parent=7375"}],"wp:term":[{"taxonomy":"product_brand","embeddable":true,"href":"https:\/\/insize.com.tr\/en\/wp-json\/wp\/v2\/product_brand?post=7375"},{"taxonomy":"product_cat","embeddable":true,"href":"https:\/\/insize.com.tr\/en\/wp-json\/wp\/v2\/product_cat?post=7375"},{"taxonomy":"product_tag","embeddable":true,"href":"https:\/\/insize.com.tr\/en\/wp-json\/wp\/v2\/product_tag?post=7375"}],"curies":[{"name":"wp","href":"https:\/\/api.w.org\/{rel}","templated":true}]}}