{"id":7385,"date":"2025-04-04T11:30:36","date_gmt":"2025-04-04T08:30:36","guid":{"rendered":"https:\/\/insize.com.tr\/?post_type=product&#038;p=7385"},"modified":"2026-04-21T10:42:38","modified_gmt":"2026-04-21T07:42:38","slug":"0235-ht480-kizilotesi-termal-goruntuleme-kamerasi","status":"publish","type":"product","link":"https:\/\/insize.com.tr\/en\/product\/0235-ht480-kizilotesi-termal-goruntuleme-kamerasi\/","title":{"rendered":"Insize 0235-HT480 K\u0131z\u0131l\u00f6tesi Termal G\u00f6r\u00fcnt\u00fcleme Kameras\u0131"},"content":{"rendered":"","protected":false},"excerpt":{"rendered":"<ul>\n<li>Elektrik enerjisi, in\u015faat, elektrik, mekanik, bilimsel ara\u015ft\u0131rma vb. i\u00e7in uygundur.<\/li>\n<li>-20\u00b0C~650\u00b0C s\u0131cakl\u0131k \u00f6l\u00e7\u00fcm aral\u0131\u011f\u0131, otomatik anahtar, y\u00fcksek s\u0131cakl\u0131k lensiyle 2000\u00b0C&#8217;ye kadar<\/li>\n<li>De\u011fi\u015ftirilebilir ve \u015farj edilebilir lityum iyon pil ile 4 saat \u00e7al\u0131\u015fma s\u00fcresi<\/li>\n<li>Yaz\u0131l\u0131m dahildir: dosya y\u00f6netimi, termal g\u00f6r\u00fcnt\u00fc analizi, video analizi, rapor d\u00fczenleme vb. deste\u011fi.<\/li>\n<li>Mobil UYGULAMA dahildir: ger\u00e7ek zamanl\u0131 veri ve video iletimini destekler<\/li>\n<li><a href=\"https:\/\/insize.com.tr\/wp-content\/uploads\/2026\/02\/0235-HT480.pdf\"><strong>PDF i\u00e7in t\u0131klay\u0131n\u0131z.<\/strong><\/a><\/li>\n<\/ul>","protected":false},"featured_media":7387,"comment_status":"open","ping_status":"closed","template":"","meta":{"inline_featured_image":false},"product_brand":[],"product_cat":[15],"product_tag":[],"class_list":{"0":"post-7385","1":"product","2":"type-product","3":"status-publish","4":"has-post-thumbnail","6":"product_cat-yeni-urunler","8":"first","9":"instock","10":"shipping-taxable","11":"purchasable","12":"product-type-simple"},"_links":{"self":[{"href":"https:\/\/insize.com.tr\/en\/wp-json\/wp\/v2\/product\/7385","targetHints":{"allow":["GET"]}}],"collection":[{"href":"https:\/\/insize.com.tr\/en\/wp-json\/wp\/v2\/product"}],"about":[{"href":"https:\/\/insize.com.tr\/en\/wp-json\/wp\/v2\/types\/product"}],"replies":[{"embeddable":true,"href":"https:\/\/insize.com.tr\/en\/wp-json\/wp\/v2\/comments?post=7385"}],"wp:featuredmedia":[{"embeddable":true,"href":"https:\/\/insize.com.tr\/en\/wp-json\/wp\/v2\/media\/7387"}],"wp:attachment":[{"href":"https:\/\/insize.com.tr\/en\/wp-json\/wp\/v2\/media?parent=7385"}],"wp:term":[{"taxonomy":"product_brand","embeddable":true,"href":"https:\/\/insize.com.tr\/en\/wp-json\/wp\/v2\/product_brand?post=7385"},{"taxonomy":"product_cat","embeddable":true,"href":"https:\/\/insize.com.tr\/en\/wp-json\/wp\/v2\/product_cat?post=7385"},{"taxonomy":"product_tag","embeddable":true,"href":"https:\/\/insize.com.tr\/en\/wp-json\/wp\/v2\/product_tag?post=7385"}],"curies":[{"name":"wp","href":"https:\/\/api.w.org\/{rel}","templated":true}]}}