{"id":7406,"date":"2025-04-04T14:24:15","date_gmt":"2025-04-04T11:24:15","guid":{"rendered":"https:\/\/insize.com.tr\/?post_type=product&#038;p=7406"},"modified":"2026-03-04T14:48:47","modified_gmt":"2026-03-04T11:48:47","slug":"insize-9915-yuksek-guclu-dc-guc-kaynagi","status":"publish","type":"product","link":"https:\/\/insize.com.tr\/en\/product\/insize-9915-yuksek-guclu-dc-guc-kaynagi\/","title":{"rendered":"Insize 9915 Y\u00fcksek G\u00fc\u00e7l\u00fc DC G\u00fc\u00e7 Kayna\u011f\u0131"},"content":{"rendered":"","protected":false},"excerpt":{"rendered":"<ul>\n<li>Y\u00fcksek hassasiyet ve d\u00fc\u015f\u00fck dalgalanma<\/li>\n<li>OVP\/OCP\/OPP\/OTP korumas\u0131<\/li>\n<li>1U yar\u0131m raf, sistem entegrasyonuna uygundur<\/li>\n<li>Uzaktan telafi fonksiyonu<\/li>\n<li>\u00c7e\u015fitli ileti\u015fim aray\u00fczleri<\/li>\n<li><a href=\"https:\/\/insize.com.tr\/wp-content\/uploads\/2026\/02\/9915.pdf\"><strong>PDF i\u00e7in t\u0131klay\u0131n\u0131z.<\/strong><\/a><\/li>\n<\/ul>","protected":false},"featured_media":7408,"comment_status":"open","ping_status":"closed","template":"","meta":{"inline_featured_image":false},"product_brand":[],"product_cat":[15,545],"product_tag":[],"class_list":{"0":"post-7406","1":"product","2":"type-product","3":"status-publish","4":"has-post-thumbnail","6":"product_cat-yeni-urunler","7":"product_cat-elektronik-test-cihazlari","9":"first","10":"instock","11":"shipping-taxable","12":"purchasable","13":"product-type-simple"},"_links":{"self":[{"href":"https:\/\/insize.com.tr\/en\/wp-json\/wp\/v2\/product\/7406","targetHints":{"allow":["GET"]}}],"collection":[{"href":"https:\/\/insize.com.tr\/en\/wp-json\/wp\/v2\/product"}],"about":[{"href":"https:\/\/insize.com.tr\/en\/wp-json\/wp\/v2\/types\/product"}],"replies":[{"embeddable":true,"href":"https:\/\/insize.com.tr\/en\/wp-json\/wp\/v2\/comments?post=7406"}],"wp:featuredmedia":[{"embeddable":true,"href":"https:\/\/insize.com.tr\/en\/wp-json\/wp\/v2\/media\/7408"}],"wp:attachment":[{"href":"https:\/\/insize.com.tr\/en\/wp-json\/wp\/v2\/media?parent=7406"}],"wp:term":[{"taxonomy":"product_brand","embeddable":true,"href":"https:\/\/insize.com.tr\/en\/wp-json\/wp\/v2\/product_brand?post=7406"},{"taxonomy":"product_cat","embeddable":true,"href":"https:\/\/insize.com.tr\/en\/wp-json\/wp\/v2\/product_cat?post=7406"},{"taxonomy":"product_tag","embeddable":true,"href":"https:\/\/insize.com.tr\/en\/wp-json\/wp\/v2\/product_tag?post=7406"}],"curies":[{"name":"wp","href":"https:\/\/api.w.org\/{rel}","templated":true}]}}