{"id":7424,"date":"2025-04-07T13:35:07","date_gmt":"2025-04-07T10:35:07","guid":{"rendered":"https:\/\/insize.com.tr\/?post_type=product&#038;p=7424"},"modified":"2026-04-21T10:42:38","modified_gmt":"2026-04-21T07:42:38","slug":"insize-stm-f1-ters-metalik-materyal-bukme-makinesi","status":"publish","type":"product","link":"https:\/\/insize.com.tr\/en\/product\/insize-stm-f1-ters-metalik-materyal-bukme-makinesi\/","title":{"rendered":"Insize STM-F1 Ters Metalik Materyal B\u00fckme Makinesi"},"content":{"rendered":"","protected":false},"excerpt":{"rendered":"<ul>\n<li>Metal tel ve sac\u0131n ters b\u00fckme testi i\u00e7in uygundur<\/li>\n<li>Metal malzemelerin ters b\u00fckme s\u0131ras\u0131nda plastik deformasyon direncini test etmek ve kusurlar\u0131n\u0131 ortaya \u00e7\u0131karmak i\u00e7in kullan\u0131l\u0131r<\/li>\n<li><a href=\"https:\/\/insize.com.tr\/wp-content\/uploads\/2026\/02\/STM-F1.pdf\"><strong>PDF i\u00e7in t\u0131klay\u0131n\u0131z.<\/strong><\/a><\/li>\n<\/ul>","protected":false},"featured_media":0,"comment_status":"open","ping_status":"closed","template":"","meta":{"inline_featured_image":false},"product_brand":[],"product_cat":[15,41],"product_tag":[],"class_list":{"0":"post-7424","1":"product","2":"type-product","3":"status-publish","5":"product_cat-yeni-urunler","6":"product_cat-mukavemet-ve-evrensel-test-cihazlari","8":"first","9":"instock","10":"shipping-taxable","11":"purchasable","12":"product-type-simple"},"_links":{"self":[{"href":"https:\/\/insize.com.tr\/en\/wp-json\/wp\/v2\/product\/7424","targetHints":{"allow":["GET"]}}],"collection":[{"href":"https:\/\/insize.com.tr\/en\/wp-json\/wp\/v2\/product"}],"about":[{"href":"https:\/\/insize.com.tr\/en\/wp-json\/wp\/v2\/types\/product"}],"replies":[{"embeddable":true,"href":"https:\/\/insize.com.tr\/en\/wp-json\/wp\/v2\/comments?post=7424"}],"wp:attachment":[{"href":"https:\/\/insize.com.tr\/en\/wp-json\/wp\/v2\/media?parent=7424"}],"wp:term":[{"taxonomy":"product_brand","embeddable":true,"href":"https:\/\/insize.com.tr\/en\/wp-json\/wp\/v2\/product_brand?post=7424"},{"taxonomy":"product_cat","embeddable":true,"href":"https:\/\/insize.com.tr\/en\/wp-json\/wp\/v2\/product_cat?post=7424"},{"taxonomy":"product_tag","embeddable":true,"href":"https:\/\/insize.com.tr\/en\/wp-json\/wp\/v2\/product_tag?post=7424"}],"curies":[{"name":"wp","href":"https:\/\/api.w.org\/{rel}","templated":true}]}}