{"id":7435,"date":"2025-04-07T14:05:01","date_gmt":"2025-04-07T11:05:01","guid":{"rendered":"https:\/\/insize.com.tr\/?post_type=product&#038;p=7435"},"modified":"2026-04-21T10:42:38","modified_gmt":"2026-04-21T07:42:38","slug":"insize-0416-eb01-kalem-tipi-iletkenlik-olcer-basit-tip","status":"publish","type":"product","link":"https:\/\/insize.com.tr\/en\/product\/insize-0416-eb01-kalem-tipi-iletkenlik-olcer-basit-tip\/","title":{"rendered":"Insize 0416-EB01 Kalem Tipi \u0130letkenlik \u00d6l\u00e7er (Basit Tip)"},"content":{"rendered":"","protected":false},"excerpt":{"rendered":"<ul>\n<li>Su kalitesi testleri, su \u00fcr\u00fcnleri yeti\u015ftiricili\u011fi, g\u0131da i\u015fleme, bilimsel ara\u015ft\u0131rma vb. i\u00e7in uygundur.<\/li>\n<li>10 mm elektrot \u00e7ap\u0131na sahip mini tasar\u0131m<\/li>\n<li>Manuel s\u0131cakl\u0131k telafisi<\/li>\n<li>Okuma sabitleme hat\u0131rlatma fonksiyonu ile<\/li>\n<li>De\u011fi\u015ftirilebilir elektrotlar<\/li>\n<li>Low voltage alar\u0131n<\/li>\n<li>CR2032 pil, otomatik kapanma<\/li>\n<li>Prob koruma seviyesi: IP54<\/li>\n<li><a href=\"https:\/\/insize.com.tr\/wp-content\/uploads\/2026\/02\/0416-EB01.pdf\"><strong>PDF i\u00e7in t\u0131klay\u0131n\u0131z.<\/strong><\/a><\/li>\n<\/ul>","protected":false},"featured_media":7437,"comment_status":"open","ping_status":"closed","template":"","meta":{"inline_featured_image":false},"product_brand":[],"product_cat":[15,545],"product_tag":[],"class_list":{"0":"post-7435","1":"product","2":"type-product","3":"status-publish","4":"has-post-thumbnail","6":"product_cat-yeni-urunler","7":"product_cat-elektronik-test-cihazlari","9":"first","10":"instock","11":"shipping-taxable","12":"purchasable","13":"product-type-simple"},"_links":{"self":[{"href":"https:\/\/insize.com.tr\/en\/wp-json\/wp\/v2\/product\/7435","targetHints":{"allow":["GET"]}}],"collection":[{"href":"https:\/\/insize.com.tr\/en\/wp-json\/wp\/v2\/product"}],"about":[{"href":"https:\/\/insize.com.tr\/en\/wp-json\/wp\/v2\/types\/product"}],"replies":[{"embeddable":true,"href":"https:\/\/insize.com.tr\/en\/wp-json\/wp\/v2\/comments?post=7435"}],"wp:featuredmedia":[{"embeddable":true,"href":"https:\/\/insize.com.tr\/en\/wp-json\/wp\/v2\/media\/7437"}],"wp:attachment":[{"href":"https:\/\/insize.com.tr\/en\/wp-json\/wp\/v2\/media?parent=7435"}],"wp:term":[{"taxonomy":"product_brand","embeddable":true,"href":"https:\/\/insize.com.tr\/en\/wp-json\/wp\/v2\/product_brand?post=7435"},{"taxonomy":"product_cat","embeddable":true,"href":"https:\/\/insize.com.tr\/en\/wp-json\/wp\/v2\/product_cat?post=7435"},{"taxonomy":"product_tag","embeddable":true,"href":"https:\/\/insize.com.tr\/en\/wp-json\/wp\/v2\/product_tag?post=7435"}],"curies":[{"name":"wp","href":"https:\/\/api.w.org\/{rel}","templated":true}]}}