{"id":7515,"date":"2025-04-10T14:23:21","date_gmt":"2025-04-10T11:23:21","guid":{"rendered":"https:\/\/insize.com.tr\/?post_type=product&#038;p=7515"},"modified":"2026-04-21T08:22:23","modified_gmt":"2026-04-21T05:22:23","slug":"insize-8508-elektronik-platformlu-baskul-basit-tip","status":"publish","type":"product","link":"https:\/\/insize.com.tr\/en\/product\/insize-8508-elektronik-platformlu-baskul-basit-tip\/","title":{"rendered":"Insize 8508 Elektronik Platformlu Bask\u00fcl (Basit Tip)"},"content":{"rendered":"","protected":false},"excerpt":{"rendered":"<ul>\n<li>S\u0131f\u0131r ayar\u0131, basit say\u0131m<\/li>\n<li>Tart\u0131m, bo\u015f de\u011ferin \u00e7\u0131kar\u0131lmas\u0131<\/li>\n<li>A\u015f\u0131r\u0131 y\u00fck alarm\u0131<\/li>\n<li>Otomatik kapanma<\/li>\n<li>D\u00fc\u015f\u00fck voltaj g\u00f6stergesi<\/li>\n<li>Birim: kg, lb<\/li>\n<li>Veri \u00e7\u0131k\u0131\u015f\u0131<\/li>\n<li><a href=\"https:\/\/insize.com.tr\/wp-content\/uploads\/2026\/02\/8508.pdf\"><strong>PDF i\u00e7in t\u0131klay\u0131n\u0131z.<\/strong><\/a><\/li>\n<\/ul>","protected":false},"featured_media":7517,"comment_status":"open","ping_status":"closed","template":"","meta":{"inline_featured_image":false},"product_brand":[],"product_cat":[55],"product_tag":[],"class_list":{"0":"post-7515","1":"product","2":"type-product","3":"status-publish","4":"has-post-thumbnail","6":"product_cat-kantar","8":"first","9":"instock","10":"shipping-taxable","11":"purchasable","12":"product-type-simple"},"_links":{"self":[{"href":"https:\/\/insize.com.tr\/en\/wp-json\/wp\/v2\/product\/7515","targetHints":{"allow":["GET"]}}],"collection":[{"href":"https:\/\/insize.com.tr\/en\/wp-json\/wp\/v2\/product"}],"about":[{"href":"https:\/\/insize.com.tr\/en\/wp-json\/wp\/v2\/types\/product"}],"replies":[{"embeddable":true,"href":"https:\/\/insize.com.tr\/en\/wp-json\/wp\/v2\/comments?post=7515"}],"wp:featuredmedia":[{"embeddable":true,"href":"https:\/\/insize.com.tr\/en\/wp-json\/wp\/v2\/media\/7517"}],"wp:attachment":[{"href":"https:\/\/insize.com.tr\/en\/wp-json\/wp\/v2\/media?parent=7515"}],"wp:term":[{"taxonomy":"product_brand","embeddable":true,"href":"https:\/\/insize.com.tr\/en\/wp-json\/wp\/v2\/product_brand?post=7515"},{"taxonomy":"product_cat","embeddable":true,"href":"https:\/\/insize.com.tr\/en\/wp-json\/wp\/v2\/product_cat?post=7515"},{"taxonomy":"product_tag","embeddable":true,"href":"https:\/\/insize.com.tr\/en\/wp-json\/wp\/v2\/product_tag?post=7515"}],"curies":[{"name":"wp","href":"https:\/\/api.w.org\/{rel}","templated":true}]}}