{"id":7635,"date":"2025-04-15T17:12:29","date_gmt":"2025-04-15T14:12:29","guid":{"rendered":"https:\/\/insize.com.tr\/?post_type=product&#038;p=7635"},"modified":"2026-04-21T08:22:24","modified_gmt":"2026-04-21T05:22:24","slug":"insize-8309-endustriyel-elektronik-balansor-profesyonel-tip","status":"publish","type":"product","link":"https:\/\/insize.com.tr\/en\/product\/insize-8309-endustriyel-elektronik-balansor-profesyonel-tip\/","title":{"rendered":"Insize 8309 End\u00fcstriyel Elektronik Balans\u00f6r (Profesyonel Tip)"},"content":{"rendered":"","protected":false},"excerpt":{"rendered":"<ul>\n<li>Elektromanyetik dengeli sens\u00f6r<\/li>\n<li>Birden fazla s\u0131cakl\u0131k noktas\u0131nda do\u011fru y\u00fckleme yaparak s\u0131f\u0131r stabilite ve tart\u0131m do\u011frulu\u011funu telafi eder<\/li>\n<li>Paslanmaz \u00e7elik tart\u0131m tavas\u0131, asit ve korozyona dayan\u0131kl\u0131<\/li>\n<li>Manuel ekran kapatma, ekran koruyucu<\/li>\n<li>Tartma, sayma, s\u0131f\u0131rlama<\/li>\n<li>A\u015f\u0131r\u0131 y\u00fck alarm\u0131<\/li>\n<li>Birim: g, kg, lb, ct, oz<\/li>\n<li>\u015eifre korumas\u0131<\/li>\n<li>Veri \u00e7\u0131k\u0131\u015f\u0131<\/li>\n<li><a href=\"https:\/\/insize.com.tr\/wp-content\/uploads\/2026\/02\/8309.pdf\"><strong>PDF i\u00e7in t\u0131klay\u0131n\u0131z.<\/strong><\/a><\/li>\n<\/ul>","protected":false},"featured_media":7637,"comment_status":"open","ping_status":"closed","template":"","meta":{"inline_featured_image":false},"product_brand":[],"product_cat":[55],"product_tag":[],"class_list":{"0":"post-7635","1":"product","2":"type-product","3":"status-publish","4":"has-post-thumbnail","6":"product_cat-kantar","8":"first","9":"instock","10":"shipping-taxable","11":"purchasable","12":"product-type-simple"},"_links":{"self":[{"href":"https:\/\/insize.com.tr\/en\/wp-json\/wp\/v2\/product\/7635","targetHints":{"allow":["GET"]}}],"collection":[{"href":"https:\/\/insize.com.tr\/en\/wp-json\/wp\/v2\/product"}],"about":[{"href":"https:\/\/insize.com.tr\/en\/wp-json\/wp\/v2\/types\/product"}],"replies":[{"embeddable":true,"href":"https:\/\/insize.com.tr\/en\/wp-json\/wp\/v2\/comments?post=7635"}],"wp:featuredmedia":[{"embeddable":true,"href":"https:\/\/insize.com.tr\/en\/wp-json\/wp\/v2\/media\/7637"}],"wp:attachment":[{"href":"https:\/\/insize.com.tr\/en\/wp-json\/wp\/v2\/media?parent=7635"}],"wp:term":[{"taxonomy":"product_brand","embeddable":true,"href":"https:\/\/insize.com.tr\/en\/wp-json\/wp\/v2\/product_brand?post=7635"},{"taxonomy":"product_cat","embeddable":true,"href":"https:\/\/insize.com.tr\/en\/wp-json\/wp\/v2\/product_cat?post=7635"},{"taxonomy":"product_tag","embeddable":true,"href":"https:\/\/insize.com.tr\/en\/wp-json\/wp\/v2\/product_tag?post=7635"}],"curies":[{"name":"wp","href":"https:\/\/api.w.org\/{rel}","templated":true}]}}