{"id":7653,"date":"2025-04-16T14:03:17","date_gmt":"2025-04-16T11:03:17","guid":{"rendered":"https:\/\/insize.com.tr\/?post_type=product&#038;p=7653"},"modified":"2026-04-21T10:42:38","modified_gmt":"2026-04-21T07:42:38","slug":"insize-0414-ed34-iletkenlik-olcum-cihazi","status":"publish","type":"product","link":"https:\/\/insize.com.tr\/en\/product\/insize-0414-ed34-iletkenlik-olcum-cihazi\/","title":{"rendered":"Insize 0414-ED34 \u0130letkenlik \u00d6l\u00e7\u00fcm Cihaz\u0131"},"content":{"rendered":"","protected":false},"excerpt":{"rendered":"<ul>\n<li>Sa\u011flam platin-siyah iletkenlik elektrodu (K=1) ile donat\u0131lm\u0131\u015f, sa\u011flam platin-siyah kaplama, sadece elektrodun y\u00fczey alan\u0131n\u0131 art\u0131rmakla ve polarizasyon etkisini azaltmakla kalmaz, ayn\u0131 zamanda platin-siyah\u0131n metale yap\u0131\u015fmas\u0131n\u0131 da iyile\u015ftirir, korozyona dayan\u0131kl\u0131d\u0131r<\/li>\n<li>POM muhafaza, dahili termist\u00f6r, otomatik s\u0131cakl\u0131k telafisi<\/li>\n<li>GLP veri depolama ve y\u00f6netimi, USB veri \u00e7\u0131k\u0131\u015f\u0131<\/li>\n<li>1~4 noktal\u0131 otomatik kalibrasyon, kalibrasyon rehberli\u011fi ve otomatik inceleme fonksiyonu ile<\/li>\n<li>\u00d6l\u00e7\u00fcm cihaz\u0131 iletkenlik standart \u00e7\u00f6zeltilerini otomatik olarak tan\u0131yabilir<\/li>\n<li>Daha do\u011fru \u00f6l\u00e7\u00fcm i\u00e7in manuel ve otomatik s\u0131cakl\u0131k telafisi i\u015flevleri<\/li>\n<li>\u00d6l\u00e7\u00fcm cihaz\u0131 iletkenli\u011fi, TDS&#8217;yi ve tuzlulu\u011fu de\u011fi\u015ftirebilir<\/li>\n<li>Esnek elektrot tutucu ile donat\u0131lm\u0131\u015ft\u0131r, tek elle kullan\u0131m\u0131 kolayd\u0131r<\/li>\n<li><a href=\"https:\/\/insize.com.tr\/wp-content\/uploads\/2026\/02\/0414-ED34.pdf\"><strong>PDF i\u00e7in t\u0131klay\u0131n\u0131z.<\/strong><\/a><\/li>\n<\/ul>","protected":false},"featured_media":7655,"comment_status":"open","ping_status":"closed","template":"","meta":{"inline_featured_image":false},"product_brand":[],"product_cat":[56],"product_tag":[],"class_list":{"0":"post-7653","1":"product","2":"type-product","3":"status-publish","4":"has-post-thumbnail","6":"product_cat-sicaklik-ve-nem-olcer","8":"first","9":"instock","10":"shipping-taxable","11":"purchasable","12":"product-type-simple"},"_links":{"self":[{"href":"https:\/\/insize.com.tr\/en\/wp-json\/wp\/v2\/product\/7653","targetHints":{"allow":["GET"]}}],"collection":[{"href":"https:\/\/insize.com.tr\/en\/wp-json\/wp\/v2\/product"}],"about":[{"href":"https:\/\/insize.com.tr\/en\/wp-json\/wp\/v2\/types\/product"}],"replies":[{"embeddable":true,"href":"https:\/\/insize.com.tr\/en\/wp-json\/wp\/v2\/comments?post=7653"}],"wp:featuredmedia":[{"embeddable":true,"href":"https:\/\/insize.com.tr\/en\/wp-json\/wp\/v2\/media\/7655"}],"wp:attachment":[{"href":"https:\/\/insize.com.tr\/en\/wp-json\/wp\/v2\/media?parent=7653"}],"wp:term":[{"taxonomy":"product_brand","embeddable":true,"href":"https:\/\/insize.com.tr\/en\/wp-json\/wp\/v2\/product_brand?post=7653"},{"taxonomy":"product_cat","embeddable":true,"href":"https:\/\/insize.com.tr\/en\/wp-json\/wp\/v2\/product_cat?post=7653"},{"taxonomy":"product_tag","embeddable":true,"href":"https:\/\/insize.com.tr\/en\/wp-json\/wp\/v2\/product_tag?post=7653"}],"curies":[{"name":"wp","href":"https:\/\/api.w.org\/{rel}","templated":true}]}}