{"id":7656,"date":"2025-04-16T14:07:58","date_gmt":"2025-04-16T11:07:58","guid":{"rendered":"https:\/\/insize.com.tr\/?post_type=product&#038;p=7656"},"modified":"2026-04-21T08:22:24","modified_gmt":"2026-04-21T05:22:24","slug":"insize-0434-hd24-masaustu-ph-olcum-cihazi","status":"publish","type":"product","link":"https:\/\/insize.com.tr\/en\/product\/insize-0434-hd24-masaustu-ph-olcum-cihazi\/","title":{"rendered":"Insize 0434-HD24 Masa\u00fcst\u00fc PH \u00d6l\u00e7\u00fcm Cihaz\u0131"},"content":{"rendered":"","protected":false},"excerpt":{"rendered":"<ul>\n<li>\u00d6zel bir jelle\u015ftirme i\u015flemi kullan\u0131larak cam pH elektrodu ile donat\u0131lm\u0131\u015f, elektrot i\u00e7indeki \u00e7\u00f6zelti akmayacak, ters \u00e7evrildi\u011finde bile hava kabarc\u0131\u011f\u0131 olmayacak ve elektrot cam\u0131 kal\u0131n bir film i\u015flemi benimsedi\u011finden, s\u0131radan \u00e7arp\u0131\u015fmalardan kaynaklanan k\u00fcrenin kopmas\u0131 konusunda endi\u015felenmenize gerek kalmayacakt\u0131r.<\/li>\n<li>GLP veri depolama ve y\u00f6netimi, USB veri \u00e7\u0131k\u0131\u015f\u0131<\/li>\n<li>1-3 noktal\u0131 otomatik kalibrasyon, kalibrasyon rehberli\u011fi ve otomatik inceleme fonksiyonu ile<\/li>\n<li>pH tamponlar\u0131n\u0131n otomatik olarak tan\u0131nmas\u0131, kalibrasyon sonunda e\u011fimin otomatik olarak g\u00f6r\u00fcnt\u00fclenmesi<\/li>\n<li>Daha do\u011fru \u00f6l\u00e7\u00fcm i\u00e7in manuel ve otomatik s\u0131cakl\u0131k telafisi fonksiyonlar\u0131<\/li>\n<li>Esnek elektrot tutucu ile donat\u0131lm\u0131\u015ft\u0131r, tek elle kullan\u0131m\u0131 kolayd\u0131r<\/li>\n<li><a href=\"https:\/\/insize.com.tr\/wp-content\/uploads\/2026\/02\/0434-HD24.pdf\"><strong>PDF i\u00e7in t\u0131klay\u0131n\u0131z.<\/strong><\/a><\/li>\n<\/ul>","protected":false},"featured_media":7658,"comment_status":"open","ping_status":"closed","template":"","meta":{"inline_featured_image":false},"product_brand":[],"product_cat":[56],"product_tag":[],"class_list":{"0":"post-7656","1":"product","2":"type-product","3":"status-publish","4":"has-post-thumbnail","6":"product_cat-sicaklik-ve-nem-olcer","8":"first","9":"instock","10":"shipping-taxable","11":"purchasable","12":"product-type-simple"},"_links":{"self":[{"href":"https:\/\/insize.com.tr\/en\/wp-json\/wp\/v2\/product\/7656","targetHints":{"allow":["GET"]}}],"collection":[{"href":"https:\/\/insize.com.tr\/en\/wp-json\/wp\/v2\/product"}],"about":[{"href":"https:\/\/insize.com.tr\/en\/wp-json\/wp\/v2\/types\/product"}],"replies":[{"embeddable":true,"href":"https:\/\/insize.com.tr\/en\/wp-json\/wp\/v2\/comments?post=7656"}],"wp:featuredmedia":[{"embeddable":true,"href":"https:\/\/insize.com.tr\/en\/wp-json\/wp\/v2\/media\/7658"}],"wp:attachment":[{"href":"https:\/\/insize.com.tr\/en\/wp-json\/wp\/v2\/media?parent=7656"}],"wp:term":[{"taxonomy":"product_brand","embeddable":true,"href":"https:\/\/insize.com.tr\/en\/wp-json\/wp\/v2\/product_brand?post=7656"},{"taxonomy":"product_cat","embeddable":true,"href":"https:\/\/insize.com.tr\/en\/wp-json\/wp\/v2\/product_cat?post=7656"},{"taxonomy":"product_tag","embeddable":true,"href":"https:\/\/insize.com.tr\/en\/wp-json\/wp\/v2\/product_tag?post=7656"}],"curies":[{"name":"wp","href":"https:\/\/api.w.org\/{rel}","templated":true}]}}