{"id":7746,"date":"2025-04-18T13:23:15","date_gmt":"2025-04-18T10:23:15","guid":{"rendered":"https:\/\/insize.com.tr\/?post_type=product&#038;p=7746"},"modified":"2026-04-21T08:22:26","modified_gmt":"2026-04-21T05:22:26","slug":"insize-ist-ir-dinamik-tork-sensoru-kompakt-tip","status":"publish","type":"product","link":"https:\/\/insize.com.tr\/en\/product\/insize-ist-ir-dinamik-tork-sensoru-kompakt-tip\/","title":{"rendered":"Insize IST-IR Dinamik Tork Sens\u00f6r\u00fc (Kompakt Tip)"},"content":{"rendered":"","protected":false},"excerpt":{"rendered":"<ul>\n<li>Geni\u015f uygulama yelpazesi: Elektrikli, pn\u00f6matik ve manuel tork tornavidalar\u0131 ve tork anahtarlar\u0131 ile di\u011fer tork aletlerinin test edilmesi ve tork izleme i\u00e7in<\/li>\n<li>Saat y\u00f6n\u00fcnde ve saat y\u00f6n\u00fcn\u00fcn tersine \u00e7al\u0131\u015fma<\/li>\n<li>Y\u00fcksek genel do\u011fruluk, iyi uzun vadeli kararl\u0131l\u0131k<\/li>\n<li><a href=\"https:\/\/insize.com.tr\/wp-content\/uploads\/2025\/04\/IST-IR.pdf\"><strong>PDF i\u00e7in t\u0131klay\u0131n\u0131z.<\/strong><\/a><\/li>\n<\/ul>","protected":false},"featured_media":7748,"comment_status":"open","ping_status":"closed","template":"","meta":{"inline_featured_image":false},"product_brand":[],"product_cat":[35],"product_tag":[],"class_list":{"0":"post-7746","1":"product","2":"type-product","3":"status-publish","4":"has-post-thumbnail","6":"product_cat-tork-test-cihazi-ve-tork-anahtari","8":"first","9":"instock","10":"shipping-taxable","11":"purchasable","12":"product-type-simple"},"_links":{"self":[{"href":"https:\/\/insize.com.tr\/en\/wp-json\/wp\/v2\/product\/7746","targetHints":{"allow":["GET"]}}],"collection":[{"href":"https:\/\/insize.com.tr\/en\/wp-json\/wp\/v2\/product"}],"about":[{"href":"https:\/\/insize.com.tr\/en\/wp-json\/wp\/v2\/types\/product"}],"replies":[{"embeddable":true,"href":"https:\/\/insize.com.tr\/en\/wp-json\/wp\/v2\/comments?post=7746"}],"wp:featuredmedia":[{"embeddable":true,"href":"https:\/\/insize.com.tr\/en\/wp-json\/wp\/v2\/media\/7748"}],"wp:attachment":[{"href":"https:\/\/insize.com.tr\/en\/wp-json\/wp\/v2\/media?parent=7746"}],"wp:term":[{"taxonomy":"product_brand","embeddable":true,"href":"https:\/\/insize.com.tr\/en\/wp-json\/wp\/v2\/product_brand?post=7746"},{"taxonomy":"product_cat","embeddable":true,"href":"https:\/\/insize.com.tr\/en\/wp-json\/wp\/v2\/product_cat?post=7746"},{"taxonomy":"product_tag","embeddable":true,"href":"https:\/\/insize.com.tr\/en\/wp-json\/wp\/v2\/product_tag?post=7746"}],"curies":[{"name":"wp","href":"https:\/\/api.w.org\/{rel}","templated":true}]}}