{"id":7808,"date":"2025-04-21T14:26:29","date_gmt":"2025-04-21T11:26:29","guid":{"rendered":"https:\/\/insize.com.tr\/?post_type=product&#038;p=7808"},"modified":"2026-04-21T08:22:26","modified_gmt":"2026-04-21T05:22:26","slug":"insize-8306-endustriyel-elektronik-terazi-temel-tip","status":"publish","type":"product","link":"https:\/\/insize.com.tr\/en\/product\/insize-8306-endustriyel-elektronik-terazi-temel-tip\/","title":{"rendered":"Insize 8306 End\u00fcstriyel Elektronik Terazi (Temel Tip)"},"content":{"rendered":"","protected":false},"excerpt":{"rendered":"<ul>\n<li>Paslanmaz \u00e7elik ve plastikten yap\u0131lm\u0131\u015f \u00e7ift tart\u0131m tavas\u0131<\/li>\n<li>Tartma, basit sayma, s\u0131f\u0131rlama<\/li>\n<li>Gerinim dengesi sens\u00f6r\u00fc<\/li>\n<li>Arkadan ayd\u0131nlatmal\u0131 LCD ekran<\/li>\n<li>Birim: g, lb, ct, oz<\/li>\n<li>A\u015f\u0131r\u0131 y\u00fck alarm\u0131<\/li>\n<li><a href=\"https:\/\/insize.com.tr\/wp-content\/uploads\/2026\/02\/8306.pdf\"><strong>PDF i\u00e7in t\u0131klay\u0131n\u0131z.<\/strong><\/a><\/li>\n<\/ul>","protected":false},"featured_media":7810,"comment_status":"open","ping_status":"closed","template":"","meta":{"inline_featured_image":false},"product_brand":[],"product_cat":[55],"product_tag":[],"class_list":{"0":"post-7808","1":"product","2":"type-product","3":"status-publish","4":"has-post-thumbnail","6":"product_cat-kantar","8":"first","9":"instock","10":"shipping-taxable","11":"purchasable","12":"product-type-simple"},"_links":{"self":[{"href":"https:\/\/insize.com.tr\/en\/wp-json\/wp\/v2\/product\/7808","targetHints":{"allow":["GET"]}}],"collection":[{"href":"https:\/\/insize.com.tr\/en\/wp-json\/wp\/v2\/product"}],"about":[{"href":"https:\/\/insize.com.tr\/en\/wp-json\/wp\/v2\/types\/product"}],"replies":[{"embeddable":true,"href":"https:\/\/insize.com.tr\/en\/wp-json\/wp\/v2\/comments?post=7808"}],"wp:featuredmedia":[{"embeddable":true,"href":"https:\/\/insize.com.tr\/en\/wp-json\/wp\/v2\/media\/7810"}],"wp:attachment":[{"href":"https:\/\/insize.com.tr\/en\/wp-json\/wp\/v2\/media?parent=7808"}],"wp:term":[{"taxonomy":"product_brand","embeddable":true,"href":"https:\/\/insize.com.tr\/en\/wp-json\/wp\/v2\/product_brand?post=7808"},{"taxonomy":"product_cat","embeddable":true,"href":"https:\/\/insize.com.tr\/en\/wp-json\/wp\/v2\/product_cat?post=7808"},{"taxonomy":"product_tag","embeddable":true,"href":"https:\/\/insize.com.tr\/en\/wp-json\/wp\/v2\/product_tag?post=7808"}],"curies":[{"name":"wp","href":"https:\/\/api.w.org\/{rel}","templated":true}]}}