{"id":7845,"date":"2025-04-22T14:27:02","date_gmt":"2025-04-22T11:27:02","guid":{"rendered":"https:\/\/insize.com.tr\/?post_type=product&#038;p=7845"},"modified":"2026-04-21T08:22:26","modified_gmt":"2026-04-21T05:22:26","slug":"insize-2238-dis-bitimi-olcum-saati","status":"publish","type":"product","link":"https:\/\/insize.com.tr\/en\/product\/insize-2238-dis-bitimi-olcum-saati\/","title":{"rendered":"Insize 2238 Di\u015f Bitimi \u00d6l\u00e7\u00fcm Saati"},"content":{"rendered":"","protected":false},"excerpt":{"rendered":"<ul>\n<li>D\u0131\u015f di\u015f \u00f6l\u00e7\u00fcs\u00fc, d\u0131\u015f di\u015fin yeterince uzun oldu\u011fundan ve ger\u00e7ek bir d\u0131\u015f di\u015f oldu\u011fundan emin olmak ve d\u0131\u015f di\u015fin d\u0131\u015f di\u015f k\u00f6k\u00fcn\u00fc kontrol etmek i\u00e7in kullan\u0131l\u0131r.<\/li>\n<li><a href=\"https:\/\/insize.com.tr\/wp-content\/uploads\/2025\/04\/2238.pdf\"><strong>PDF i\u00e7in t\u0131klay\u0131n\u0131z.<\/strong><\/a><\/li>\n<\/ul>","protected":false},"featured_media":7847,"comment_status":"open","ping_status":"closed","template":"","meta":{"inline_featured_image":false},"product_brand":[],"product_cat":[55,551],"product_tag":[],"class_list":{"0":"post-7845","1":"product","2":"type-product","3":"status-publish","4":"has-post-thumbnail","6":"product_cat-kantar","7":"product_cat-test-cihazlari","9":"first","10":"instock","11":"shipping-taxable","12":"purchasable","13":"product-type-simple"},"_links":{"self":[{"href":"https:\/\/insize.com.tr\/en\/wp-json\/wp\/v2\/product\/7845","targetHints":{"allow":["GET"]}}],"collection":[{"href":"https:\/\/insize.com.tr\/en\/wp-json\/wp\/v2\/product"}],"about":[{"href":"https:\/\/insize.com.tr\/en\/wp-json\/wp\/v2\/types\/product"}],"replies":[{"embeddable":true,"href":"https:\/\/insize.com.tr\/en\/wp-json\/wp\/v2\/comments?post=7845"}],"wp:featuredmedia":[{"embeddable":true,"href":"https:\/\/insize.com.tr\/en\/wp-json\/wp\/v2\/media\/7847"}],"wp:attachment":[{"href":"https:\/\/insize.com.tr\/en\/wp-json\/wp\/v2\/media?parent=7845"}],"wp:term":[{"taxonomy":"product_brand","embeddable":true,"href":"https:\/\/insize.com.tr\/en\/wp-json\/wp\/v2\/product_brand?post=7845"},{"taxonomy":"product_cat","embeddable":true,"href":"https:\/\/insize.com.tr\/en\/wp-json\/wp\/v2\/product_cat?post=7845"},{"taxonomy":"product_tag","embeddable":true,"href":"https:\/\/insize.com.tr\/en\/wp-json\/wp\/v2\/product_tag?post=7845"}],"curies":[{"name":"wp","href":"https:\/\/api.w.org\/{rel}","templated":true}]}}