{"id":7851,"date":"2025-04-22T14:44:36","date_gmt":"2025-04-22T11:44:36","guid":{"rendered":"https:\/\/insize.com.tr\/?post_type=product&#038;p=7851"},"modified":"2026-04-21T08:22:27","modified_gmt":"2026-04-21T05:22:27","slug":"insize-8308-endustriyel-elektronik-terazi","status":"publish","type":"product","link":"https:\/\/insize.com.tr\/en\/product\/insize-8308-endustriyel-elektronik-terazi\/","title":{"rendered":"Insize 8308 End\u00fcstriyel Elektronik Terazi"},"content":{"rendered":"","protected":false},"excerpt":{"rendered":"<ul>\n<li>Paslanmaz \u00e7elik ve plastikten yap\u0131lm\u0131\u015f \u00e7ift tart\u0131m tavas\u0131<\/li>\n<li>Otomatik kalibrasyon, s\u0131f\u0131r takibi, tart\u0131m, say\u0131m, s\u0131f\u0131ra alma<\/li>\n<li>Al\u00fcminyum ala\u015f\u0131ml\u0131 taban<\/li>\n<li>Gerinim dengesi sens\u00f6r\u00fc<\/li>\n<li>Veri \u00e7\u0131k\u0131\u015f\u0131<\/li>\n<li>Birim: kg, lb<\/li>\n<li><a href=\"https:\/\/insize.com.tr\/wp-content\/uploads\/2026\/02\/8308.pdf\"><strong>PDF i\u00e7in t\u0131klay\u0131n\u0131z.<\/strong><\/a><\/li>\n<\/ul>","protected":false},"featured_media":7853,"comment_status":"open","ping_status":"closed","template":"","meta":{"inline_featured_image":false},"product_brand":[],"product_cat":[55],"product_tag":[],"class_list":{"0":"post-7851","1":"product","2":"type-product","3":"status-publish","4":"has-post-thumbnail","6":"product_cat-kantar","8":"first","9":"instock","10":"shipping-taxable","11":"purchasable","12":"product-type-simple"},"_links":{"self":[{"href":"https:\/\/insize.com.tr\/en\/wp-json\/wp\/v2\/product\/7851","targetHints":{"allow":["GET"]}}],"collection":[{"href":"https:\/\/insize.com.tr\/en\/wp-json\/wp\/v2\/product"}],"about":[{"href":"https:\/\/insize.com.tr\/en\/wp-json\/wp\/v2\/types\/product"}],"replies":[{"embeddable":true,"href":"https:\/\/insize.com.tr\/en\/wp-json\/wp\/v2\/comments?post=7851"}],"wp:featuredmedia":[{"embeddable":true,"href":"https:\/\/insize.com.tr\/en\/wp-json\/wp\/v2\/media\/7853"}],"wp:attachment":[{"href":"https:\/\/insize.com.tr\/en\/wp-json\/wp\/v2\/media?parent=7851"}],"wp:term":[{"taxonomy":"product_brand","embeddable":true,"href":"https:\/\/insize.com.tr\/en\/wp-json\/wp\/v2\/product_brand?post=7851"},{"taxonomy":"product_cat","embeddable":true,"href":"https:\/\/insize.com.tr\/en\/wp-json\/wp\/v2\/product_cat?post=7851"},{"taxonomy":"product_tag","embeddable":true,"href":"https:\/\/insize.com.tr\/en\/wp-json\/wp\/v2\/product_tag?post=7851"}],"curies":[{"name":"wp","href":"https:\/\/api.w.org\/{rel}","templated":true}]}}