{"id":7891,"date":"2025-04-24T15:56:50","date_gmt":"2025-04-24T12:56:50","guid":{"rendered":"https:\/\/insize.com.tr\/?post_type=product&#038;p=7891"},"modified":"2026-04-21T10:42:54","modified_gmt":"2026-04-21T07:42:54","slug":"insize-hhl-s360-el-tipi-raman-spektrometresi-gelismis-tip","status":"publish","type":"product","link":"https:\/\/insize.com.tr\/en\/product\/insize-hhl-s360-el-tipi-raman-spektrometresi-gelismis-tip\/","title":{"rendered":"Insize HHL-S360 El Tipi Raman Spektrometresi (Geli\u015fmi\u015f Tip)"},"content":{"rendered":"","protected":false},"excerpt":{"rendered":"<ul>\n<li>End\u00fcstri, t\u0131p, \u00e7evre koruma, g\u0131da, kamu g\u00fcvenli\u011fi, savunma vb. alanlarda yayg\u0131n olarak kullan\u0131l\u0131r.<\/li>\n<li>\u00c7e\u015fitli formlardaki inorganik ve organik maddelerin nitel olarak tan\u0131mlanmas\u0131 i\u00e7in<\/li>\n<li>1064nm dalga boyu, floresan giri\u015fimini \u00f6nleme konusunda benzersiz bir avantaja sahiptir<\/li>\n<li>Plastik t\u00fcrleri, kullan\u0131c\u0131ya ait veritaban\u0131 olu\u015fturma yetene\u011fi ile a\u00e7\u0131k\u00e7a ay\u0131rt edilebilir<\/li>\n<li>\u00c7e\u015fitli numunelerin test edilmesini kar\u015f\u0131lamak i\u00e7in farkl\u0131 boyutlarda problar ve lensler<\/li>\n<li>Verilerin yetkisiz if\u015fas\u0131n\u0131 \u00f6nlemek i\u00e7in hesap ayr\u0131cal\u0131klar\u0131 ayarlanabilir<\/li>\n<li>Kompakt boyut, hafif, de\u011fi\u015ftirilebilir piller, uzun pil \u00f6mr\u00fc<\/li>\n<li><a href=\"https:\/\/insize.com.tr\/wp-content\/uploads\/2026\/02\/HHL-S360.pdf\"><strong>PDF i\u00e7in t\u0131klay\u0131n\u0131z.<\/strong><\/a><\/li>\n<li><a href=\"https:\/\/insize.com.tr\/wp-content\/uploads\/2026\/03\/HHL-R240-E-V0.pdf\"><strong>Kullan\u0131m K\u0131lavuzu<\/strong><\/a><\/li>\n<\/ul>","protected":false},"featured_media":7893,"comment_status":"open","ping_status":"closed","template":"","meta":{"inline_featured_image":false},"product_brand":[],"product_cat":[15,546],"product_tag":[],"class_list":{"0":"post-7891","1":"product","2":"type-product","3":"status-publish","4":"has-post-thumbnail","6":"product_cat-yeni-urunler","7":"product_cat-malzeme-analiz-cihazlari","9":"first","10":"instock","11":"shipping-taxable","12":"purchasable","13":"product-type-simple"},"_links":{"self":[{"href":"https:\/\/insize.com.tr\/en\/wp-json\/wp\/v2\/product\/7891","targetHints":{"allow":["GET"]}}],"collection":[{"href":"https:\/\/insize.com.tr\/en\/wp-json\/wp\/v2\/product"}],"about":[{"href":"https:\/\/insize.com.tr\/en\/wp-json\/wp\/v2\/types\/product"}],"replies":[{"embeddable":true,"href":"https:\/\/insize.com.tr\/en\/wp-json\/wp\/v2\/comments?post=7891"}],"wp:featuredmedia":[{"embeddable":true,"href":"https:\/\/insize.com.tr\/en\/wp-json\/wp\/v2\/media\/7893"}],"wp:attachment":[{"href":"https:\/\/insize.com.tr\/en\/wp-json\/wp\/v2\/media?parent=7891"}],"wp:term":[{"taxonomy":"product_brand","embeddable":true,"href":"https:\/\/insize.com.tr\/en\/wp-json\/wp\/v2\/product_brand?post=7891"},{"taxonomy":"product_cat","embeddable":true,"href":"https:\/\/insize.com.tr\/en\/wp-json\/wp\/v2\/product_cat?post=7891"},{"taxonomy":"product_tag","embeddable":true,"href":"https:\/\/insize.com.tr\/en\/wp-json\/wp\/v2\/product_tag?post=7891"}],"curies":[{"name":"wp","href":"https:\/\/api.w.org\/{rel}","templated":true}]}}